{"id":2046,"date":"2024-03-18T13:51:35","date_gmt":"2024-03-18T12:51:35","guid":{"rendered":"https:\/\/sauer-shootingsportswear.de\/?post_type=product&#038;p=2046"},"modified":"2026-03-30T00:06:21","modified_gmt":"2026-03-29T22:06:21","slug":"schiesshose-standard-mix","status":"publish","type":"product","link":"https:\/\/sauer-shootingsportswear.de\/en\/product\/schiesshose-standard-mix\/","title":{"rendered":"Standard Mix trousers"},"content":{"rendered":"<p>\u201eStandard Mix\u201d is the name of the latest jacket and trouser models from Sauer. This is an extension of the standard range that has been introduced. Compared to the \u201eStandard\u201d jackets and pants, the \u201eMix\u201c models are more sophisticated in terms of the quality of the materials used and the workmanship. All products in the Sauer standard range are only available in predefined color combinations and in standard sizes. This is the only way to guarantee their favorable prices. The \u201eStandard Mix\u201d shooting jacket consists of a coordinated material mix of canvas (double canvas), leather, high-quality anti-slip coating and - brand new - breathable canvas, a synthetic material on the front sleeve. The backs of the sleeves are made of linen. Both elbows and the rifle stop area are covered with anti-slip, high-quality Top Grip coating. An insert made of stretchy material has been sewn into the armpit area at the bottom of the sleeve for better mobility in the shooting position. The shoulder buckle, for holding down material build-up in the shooting position, and the sling attachment are made of dimensionally stable plastic material.<\/p>","protected":false},"excerpt":{"rendered":"<ul>\n<li>Modell &#8211; Schie\u00dfhose Standard Mix<\/li>\n<li>Artikel &#8211; 02.02.0.0.02.00.00<\/li>\n<li>Material &#8211; 100% Baumwolle, Rindleder, Top-Grip (100 % Kautschuk)<\/li>\n<li>Color - As shown: black, green<\/li>\n<li>Gr\u00f6\u00dfe &#8211; G\u00e4ngige Konfektionsgr\u00f6\u00dfen. Damen 36-46, Herren 44-60, 90-102 und 24-29. Keine Ma\u00dfanfertigung m\u00f6glich. \u00c4nderungen sind nur gegen Berechnung m\u00f6glich. Farb- und Modell\u00e4nderungen vorbehalten. Farb- und Modell\u00e4nderungen vorbehalten.<\/li>\n<\/ul>","protected":false},"featured_media":8945,"comment_status":"open","ping_status":"closed","template":"","meta":{"iawp_total_views":192},"product_brand":[],"product_cat":[162],"product_tag":[190],"class_list":{"0":"post-2046","1":"product","2":"type-product","3":"status-publish","4":"has-post-thumbnail","6":"product_cat-standard-mix-programm","7":"product_tag-b2b","9":"first","10":"instock","11":"taxable","12":"shipping-taxable","13":"purchasable","14":"product-type-variable"},"_links":{"self":[{"href":"https:\/\/sauer-shootingsportswear.de\/en\/wp-json\/wp\/v2\/product\/2046","targetHints":{"allow":["GET"]}}],"collection":[{"href":"https:\/\/sauer-shootingsportswear.de\/en\/wp-json\/wp\/v2\/product"}],"about":[{"href":"https:\/\/sauer-shootingsportswear.de\/en\/wp-json\/wp\/v2\/types\/product"}],"replies":[{"embeddable":true,"href":"https:\/\/sauer-shootingsportswear.de\/en\/wp-json\/wp\/v2\/comments?post=2046"}],"wp:featuredmedia":[{"embeddable":true,"href":"https:\/\/sauer-shootingsportswear.de\/en\/wp-json\/wp\/v2\/media\/8945"}],"wp:attachment":[{"href":"https:\/\/sauer-shootingsportswear.de\/en\/wp-json\/wp\/v2\/media?parent=2046"}],"wp:term":[{"taxonomy":"product_brand","embeddable":true,"href":"https:\/\/sauer-shootingsportswear.de\/en\/wp-json\/wp\/v2\/product_brand?post=2046"},{"taxonomy":"product_cat","embeddable":true,"href":"https:\/\/sauer-shootingsportswear.de\/en\/wp-json\/wp\/v2\/product_cat?post=2046"},{"taxonomy":"product_tag","embeddable":true,"href":"https:\/\/sauer-shootingsportswear.de\/en\/wp-json\/wp\/v2\/product_tag?post=2046"}],"curies":[{"name":"wp","href":"https:\/\/api.w.org\/{rel}","templated":true}]}}