{"id":753,"date":"2024-02-16T20:55:44","date_gmt":"2024-02-16T19:55:44","guid":{"rendered":"https:\/\/sauer-shootingsportswear.de\/?post_type=product&#038;p=753"},"modified":"2026-02-23T15:00:05","modified_gmt":"2026-02-23T14:00:05","slug":"3inone","status":"publish","type":"product","link":"https:\/\/sauer-shootingsportswear.de\/en\/product\/3inone\/","title":{"rendered":"3inOne"},"content":{"rendered":"<p>Die neue Sporttasche 3inOne von Sauer Shooting-Sportswear wurde an die Anforderung von Sportsch\u00fctzen an Platzbedarf, Handling und Robustheit optimal angepasst. Ihre Abmessungen sind abgestimmt auf die speziellen Ma\u00dfe der Schie\u00dfsportbekleidung. Schie\u00dfjacke und Schie\u00dfhose k\u00f6nnen jeweils mit nur einer Faltung in der Tasche verstaut werden. So behalten sie ihre Festigkeit und St\u00fctzkraft lange bei. Dar\u00fcber hinaus bleibt gen\u00fcgend Raum f\u00fcr Schuhe, Handschuhe, Unterziehkleidung, Werkzeug und was der Sch\u00fctze sonst noch f\u00fcr die Aus\u00fcbung seines Sports ben\u00f6tigt. Das Besondere, worin sich die 3inOne von den meisten Sporttaschen unterscheidet, ist ihre Multifunktionalit\u00e4t.<\/p>","protected":false},"excerpt":{"rendered":"<ul>\n<li>Modell &#8211; 3inOne<\/li>\n<li>Artikel &#8211; 03.09.0.0.01.00.01<\/li>\n<li>Material &#8211; 100% strapazierf\u00e4higes Nylongewebe<\/li>\n<li>Color - black<\/li>\n<li>Gr\u00f6\u00dfe &#8211; one size<\/li>\n<li>Ma\u00dfe 3inOne &#8211; 90cm x 43cm x 26cm (HxBxT) (variierbar)<\/li>\n<li>Ma\u00dfe &#8211; Utensilo17cm x 24cm x 10cm (HxWxD)<\/li>\n<\/ul>","protected":false},"featured_media":754,"comment_status":"open","ping_status":"closed","template":"","meta":{"iawp_total_views":489},"product_brand":[],"product_cat":[30],"product_tag":[178,190],"class_list":{"0":"post-753","1":"product","2":"type-product","3":"status-publish","4":"has-post-thumbnail","6":"product_cat-zubehoehr","7":"product_tag-3inone","8":"product_tag-b2b","10":"first","11":"instock","12":"taxable","13":"shipping-taxable","14":"product-type-simple"},"_links":{"self":[{"href":"https:\/\/sauer-shootingsportswear.de\/en\/wp-json\/wp\/v2\/product\/753","targetHints":{"allow":["GET"]}}],"collection":[{"href":"https:\/\/sauer-shootingsportswear.de\/en\/wp-json\/wp\/v2\/product"}],"about":[{"href":"https:\/\/sauer-shootingsportswear.de\/en\/wp-json\/wp\/v2\/types\/product"}],"replies":[{"embeddable":true,"href":"https:\/\/sauer-shootingsportswear.de\/en\/wp-json\/wp\/v2\/comments?post=753"}],"wp:featuredmedia":[{"embeddable":true,"href":"https:\/\/sauer-shootingsportswear.de\/en\/wp-json\/wp\/v2\/media\/754"}],"wp:attachment":[{"href":"https:\/\/sauer-shootingsportswear.de\/en\/wp-json\/wp\/v2\/media?parent=753"}],"wp:term":[{"taxonomy":"product_brand","embeddable":true,"href":"https:\/\/sauer-shootingsportswear.de\/en\/wp-json\/wp\/v2\/product_brand?post=753"},{"taxonomy":"product_cat","embeddable":true,"href":"https:\/\/sauer-shootingsportswear.de\/en\/wp-json\/wp\/v2\/product_cat?post=753"},{"taxonomy":"product_tag","embeddable":true,"href":"https:\/\/sauer-shootingsportswear.de\/en\/wp-json\/wp\/v2\/product_tag?post=753"}],"curies":[{"name":"wp","href":"https:\/\/api.w.org\/{rel}","templated":true}]}}