{"id":8146,"date":"2025-12-05T15:33:07","date_gmt":"2025-12-05T14:33:07","guid":{"rendered":"https:\/\/sauer-shootingsportswear.de\/?post_type=product&#038;p=8146"},"modified":"2026-04-17T14:07:53","modified_gmt":"2026-04-17T12:07:53","slug":"standard-jacke-herren","status":"publish","type":"product","link":"https:\/\/sauer-shootingsportswear.de\/en\/product\/standard-jacke-herren\/","title":{"rendered":"Standard jacket men"},"content":{"rendered":"<p>Funktional und preiswert sind alle Produkte der Modellreihe \u201eStandard\u201c. Sie sind eine Alternative f\u00fcr Amateur- und Jugendsch\u00fctzen. Auch bei diesen Produkten erf\u00fcllen die technischen Details die Anforderungen von Sportsch\u00fctzen. Um das g\u00fcnstige Preis-\/Leistungsverh\u00e4ltnis der Sauer Standard-Modelle realisieren zu k\u00f6nnen, sind Jacken und Hosen nur in den g\u00e4ngigen Konfektionsgr\u00f6\u00dfen verf\u00fcgbar.<\/p>","protected":false},"excerpt":{"rendered":"<ul>\n<li>Modell &#8211; Schie\u00dfjacke \u201eStandard\u201c Herren<\/li>\n<li>Artikel &#8211; 02.01.0.0.01.00.05<\/li>\n<li>Material &#8211; 60% Baumwolle, 20% Amara, 20% Rindleder, Futter 100% Baumwolle<\/li>\n<li>Farbe &#8211; Wie abgebildet: blau\/schwarz<\/li>\n<li>Gr\u00f6\u00dfe &#8211; Damen 36\u201344, Herren 44-60, 94-102 und 24-29, Kinder 152\u2013176, 90-102 und 24-29. Keine Ma\u00dfanfertigung und \u00c4nderungen m\u00f6glich. Farb- und Modell\u00e4nderungen vorbehalten.<\/li>\n<\/ul>","protected":false},"featured_media":2055,"comment_status":"open","ping_status":"closed","template":"","meta":{"iawp_total_views":120},"product_brand":[],"product_cat":[15],"product_tag":[190],"class_list":{"0":"post-8146","1":"product","2":"type-product","3":"status-publish","4":"has-post-thumbnail","6":"product_cat-unkategorisiert","7":"product_tag-b2b","9":"first","10":"instock","11":"taxable","12":"shipping-taxable","13":"purchasable","14":"product-type-variable"},"_links":{"self":[{"href":"https:\/\/sauer-shootingsportswear.de\/en\/wp-json\/wp\/v2\/product\/8146","targetHints":{"allow":["GET"]}}],"collection":[{"href":"https:\/\/sauer-shootingsportswear.de\/en\/wp-json\/wp\/v2\/product"}],"about":[{"href":"https:\/\/sauer-shootingsportswear.de\/en\/wp-json\/wp\/v2\/types\/product"}],"replies":[{"embeddable":true,"href":"https:\/\/sauer-shootingsportswear.de\/en\/wp-json\/wp\/v2\/comments?post=8146"}],"wp:featuredmedia":[{"embeddable":true,"href":"https:\/\/sauer-shootingsportswear.de\/en\/wp-json\/wp\/v2\/media\/2055"}],"wp:attachment":[{"href":"https:\/\/sauer-shootingsportswear.de\/en\/wp-json\/wp\/v2\/media?parent=8146"}],"wp:term":[{"taxonomy":"product_brand","embeddable":true,"href":"https:\/\/sauer-shootingsportswear.de\/en\/wp-json\/wp\/v2\/product_brand?post=8146"},{"taxonomy":"product_cat","embeddable":true,"href":"https:\/\/sauer-shootingsportswear.de\/en\/wp-json\/wp\/v2\/product_cat?post=8146"},{"taxonomy":"product_tag","embeddable":true,"href":"https:\/\/sauer-shootingsportswear.de\/en\/wp-json\/wp\/v2\/product_tag?post=8146"}],"curies":[{"name":"wp","href":"https:\/\/api.w.org\/{rel}","templated":true}]}}