{"id":8922,"date":"2025-07-17T14:22:25","date_gmt":"2025-07-17T12:22:25","guid":{"rendered":"https:\/\/sauer-shootingsportswear.de\/?post_type=product&#038;p=8922"},"modified":"2026-03-09T14:20:08","modified_gmt":"2026-03-09T13:20:08","slug":"kniendrolle-gefuellt","status":"publish","type":"product","link":"https:\/\/sauer-shootingsportswear.de\/en\/product\/kniendrolle-gefuellt\/","title":{"rendered":"Kniendrolle F\u00fcllung"},"content":{"rendered":"<p>Die Kniendrollen-F\u00fcllung ist f\u00fcr jede Kniendrolle verwendbar. Bitte zus\u00e4tzlich ausw\u00e4hlen, wenn Sie die Kniendrolle gef\u00fcllt haben m\u00f6chten.<\/p>","protected":false},"excerpt":{"rendered":"<p><a href=\"https:\/\/sauer-shootingsportswear.de\/en\/product\/kniendrolle\/\">Hier gehts zu den ungef\u00fcllten Kniendrollen.<\/a><\/p>\n<p>&nbsp;<\/p>\n<p>&nbsp;<\/p>\n<ul>\n<li>Model \u2013 Cowhide nappa or suede leather (\u00d8 12 or 15 cm), unfilled<\/li>\n<li>Item No \u2013 01.08.0.0.02.00.00<\/li>\n<li>Color \u2013 Choice from the leather color palette<\/li>\n<\/ul>\n<p>&nbsp;<\/p>\n<ul>\n<li>Model \u2013 Linen (\u00d8 15 cm), unfilled<\/li>\n<li>Item No \u2013 01.08.0.0.03.00.00<\/li>\n<li>Color \u2013 Choice from the linen color palette<\/li>\n<\/ul>\n<p>&nbsp;<\/p>\n<ul>\n<li>Model \u2013 Linen\/leather mix (\u00d8 12 or 15 cm)<\/li>\n<li>Item No \u2013 01.08.0.0.04.00.00<\/li>\n<li>Color - Choice of leather and canvas from the color chart<\/li>\n<li>Material \u2013 Body 50% leather, 50% linen, side panels 100% linen<\/li>\n<\/ul>\n<p>&nbsp;<\/p>\n<ul>\n<li>Model \u2013 Top-Grip leather, unfilled, \u00d8 12 or 15 cm<\/li>\n<li>Item No \u2013 01.08.0.0.01.00.00<\/li>\n<li>Color \u2013 Leather color of your choice from the leather color palette<\/li>\n<li>Material \u2013 Cowhide leather, Top-Grip (100% rubber)<\/li>\n<\/ul>","protected":false},"featured_media":6313,"comment_status":"open","ping_status":"closed","template":"","meta":{"iawp_total_views":23},"product_brand":[],"product_cat":[30],"product_tag":[190],"class_list":{"0":"post-8922","1":"product","2":"type-product","3":"status-publish","4":"has-post-thumbnail","6":"product_cat-zubehoehr","7":"product_tag-b2b","9":"first","10":"instock","11":"taxable","12":"shipping-taxable","13":"product-type-simple"},"_links":{"self":[{"href":"https:\/\/sauer-shootingsportswear.de\/en\/wp-json\/wp\/v2\/product\/8922","targetHints":{"allow":["GET"]}}],"collection":[{"href":"https:\/\/sauer-shootingsportswear.de\/en\/wp-json\/wp\/v2\/product"}],"about":[{"href":"https:\/\/sauer-shootingsportswear.de\/en\/wp-json\/wp\/v2\/types\/product"}],"replies":[{"embeddable":true,"href":"https:\/\/sauer-shootingsportswear.de\/en\/wp-json\/wp\/v2\/comments?post=8922"}],"wp:featuredmedia":[{"embeddable":true,"href":"https:\/\/sauer-shootingsportswear.de\/en\/wp-json\/wp\/v2\/media\/6313"}],"wp:attachment":[{"href":"https:\/\/sauer-shootingsportswear.de\/en\/wp-json\/wp\/v2\/media?parent=8922"}],"wp:term":[{"taxonomy":"product_brand","embeddable":true,"href":"https:\/\/sauer-shootingsportswear.de\/en\/wp-json\/wp\/v2\/product_brand?post=8922"},{"taxonomy":"product_cat","embeddable":true,"href":"https:\/\/sauer-shootingsportswear.de\/en\/wp-json\/wp\/v2\/product_cat?post=8922"},{"taxonomy":"product_tag","embeddable":true,"href":"https:\/\/sauer-shootingsportswear.de\/en\/wp-json\/wp\/v2\/product_tag?post=8922"}],"curies":[{"name":"wp","href":"https:\/\/api.w.org\/{rel}","templated":true}]}}