{"id":1082,"date":"2024-03-13T20:23:35","date_gmt":"2024-03-13T19:23:35","guid":{"rendered":"https:\/\/sauer-shootingsportswear.de\/?post_type=product&#038;p=1082"},"modified":"2025-11-17T16:46:57","modified_gmt":"2025-11-17T15:46:57","slug":"advantage-performance","status":"publish","type":"product","link":"https:\/\/sauer-shootingsportswear.de\/es\/producto\/advantage-performance\/","title":{"rendered":"Ventaja Rendimiento50"},"content":{"rendered":"<p class=\"text-center\" style=\"text-align: center;\"><strong>50 Jahre Impressionen, Entwicklungen und Erfahrungen \u2013 alles gepackt in die Advantage Performance 50<\/strong><\/p>\n<p class=\"text-center\" style=\"text-align: center;\">Entdecken Sie den weiter perfektionierten R\u00fcckenschnitt! Mit der diagonalen Paspelierung in der R\u00fcckenmitte sorgt das Design nicht nur f\u00fcr einen modernen Look, sondern auch f\u00fcr ein optimiertes R\u00fcckengef\u00fchl. Der neue keilf\u00f6rmige Stretcheinsatz im oberen R\u00fcckenkoller sorgt f\u00fcr Spannungsminderung im Bereich der HWS in jeder Anschlaghaltung. Zus\u00e4tzlich wurde das Innenfutter unterhalb des Velourslederbogens modifiziert, um dem St\u00fctzarm in jeder Haltungsposition einen noch besseren Kontaktpunkt an der H\u00fcfte zu gew\u00e4hren.<br \/>\nErleben Sie, wie Innovation und Funktionalit\u00e4t in unserem neuen R\u00fcckenschnitt-Design verschmelzen \u2013 f\u00fcr noch mehr Pr\u00e4zision und Komfort bei jedem Schuss!<\/p>","protected":false},"excerpt":{"rendered":"<ul>\n<li>Modell &#8211; Advantage PERFORMANCE50<\/li>\n<li>Artikel &#8211; 01.01.0.0.01.00.00<\/li>\n<li>Material &#8211; Obermaterial: 80 % SA-Tec (Polyester), 5 % Baumwolle, 15 % Rindleder Innenfutter: 85,2 % Sa-Tec (Polyester), 14,8 % Baumwolle<\/li>\n<li>Farbe &#8211; Polyester wei\u00df, Leder, Leinen und Stretchgewebe wahlweise aus der Farbpalette<\/li>\n<li>Gr\u00f6\u00dfe &#8211; G\u00e4ngige Konfektionsgr\u00f6\u00dfen. Damen 36-46, Herren 46-60. Gegen Aufpreis Ma\u00dfanfertigung<\/li>\n<\/ul>","protected":false},"featured_media":6214,"comment_status":"open","ping_status":"closed","template":"","meta":{"iawp_total_views":2530},"product_brand":[],"product_cat":[23],"product_tag":[],"class_list":{"0":"post-1082","1":"product","2":"type-product","3":"status-publish","4":"has-post-thumbnail","6":"product_cat-schiessjacken","8":"first","9":"instock","10":"taxable","11":"shipping-taxable","12":"purchasable","13":"product-type-variable"},"_links":{"self":[{"href":"https:\/\/sauer-shootingsportswear.de\/es\/wp-json\/wp\/v2\/product\/1082","targetHints":{"allow":["GET"]}}],"collection":[{"href":"https:\/\/sauer-shootingsportswear.de\/es\/wp-json\/wp\/v2\/product"}],"about":[{"href":"https:\/\/sauer-shootingsportswear.de\/es\/wp-json\/wp\/v2\/types\/product"}],"replies":[{"embeddable":true,"href":"https:\/\/sauer-shootingsportswear.de\/es\/wp-json\/wp\/v2\/comments?post=1082"}],"wp:featuredmedia":[{"embeddable":true,"href":"https:\/\/sauer-shootingsportswear.de\/es\/wp-json\/wp\/v2\/media\/6214"}],"wp:attachment":[{"href":"https:\/\/sauer-shootingsportswear.de\/es\/wp-json\/wp\/v2\/media?parent=1082"}],"wp:term":[{"taxonomy":"product_brand","embeddable":true,"href":"https:\/\/sauer-shootingsportswear.de\/es\/wp-json\/wp\/v2\/product_brand?post=1082"},{"taxonomy":"product_cat","embeddable":true,"href":"https:\/\/sauer-shootingsportswear.de\/es\/wp-json\/wp\/v2\/product_cat?post=1082"},{"taxonomy":"product_tag","embeddable":true,"href":"https:\/\/sauer-shootingsportswear.de\/es\/wp-json\/wp\/v2\/product_tag?post=1082"}],"curies":[{"name":"wp","href":"https:\/\/api.w.org\/{rel}","templated":true}]}}