{"id":117,"date":"2024-02-12T16:01:35","date_gmt":"2024-02-12T15:01:35","guid":{"rendered":"https:\/\/sauer-shootingsportswear.de\/?post_type=product&#038;p=117"},"modified":"2026-03-31T16:02:18","modified_gmt":"2026-03-31T14:02:18","slug":"strickweste","status":"publish","type":"product","link":"https:\/\/sauer-shootingsportswear.de\/es\/producto\/strickweste\/","title":{"rendered":"STRICKWESTE"},"content":{"rendered":"<p>Als optimale Erg\u00e4nzung unter der Schie\u00dfbekleidung empfiehlt sich die spezielle Sauer-Strickweste. Die Verwendung von zwei Gestricken mit unterschiedlichem Dehnungsverhalten sorgt f\u00fcr faltenfreien Sitz im Schulter- und Armbereich. Der Zwei-Wege-Rei\u00dfverschluss verhindert, von unten ge\u00f6ffnet, eine Einengung im Kniendanschlag. Die Sauer-Strickweste wird \u00fcber das normale Sauer-Unterziehshirt getragen und sorgt in dieser Kombination f\u00fcr einen optimalen Tragekomfort und stabilisierenden Halt in jeder Anschlagsart. Die Strickweste \u00fcberzeugt durch ihren figurnahen Schnitt und ihre Passform.<\/p>","protected":false},"excerpt":{"rendered":"<ul>\n<li>Modell &#8211; Strickweste<\/li>\n<li>Artikel &#8211; 01.04.0.0.01.00.01<\/li>\n<li>Material &#8211; 50% BW, 50% Polyacryl<\/li>\n<li>Farbe &#8211; Uni schwarz<\/li>\n<li>Gr\u00f6\u00dfe &#8211; XXS, XS, S, M, L, XL, XXL<\/li>\n<\/ul>","protected":false},"featured_media":15,"comment_status":"open","ping_status":"closed","template":"","meta":{"iawp_total_views":160},"product_brand":[],"product_cat":[26,15],"product_tag":[190],"class_list":{"0":"post-117","1":"product","2":"type-product","3":"status-publish","4":"has-post-thumbnail","6":"product_cat-funktions-kleidung","7":"product_cat-unkategorisiert","8":"product_tag-b2b","10":"first","11":"instock","12":"taxable","13":"shipping-taxable","14":"product-type-variable"},"_links":{"self":[{"href":"https:\/\/sauer-shootingsportswear.de\/es\/wp-json\/wp\/v2\/product\/117","targetHints":{"allow":["GET"]}}],"collection":[{"href":"https:\/\/sauer-shootingsportswear.de\/es\/wp-json\/wp\/v2\/product"}],"about":[{"href":"https:\/\/sauer-shootingsportswear.de\/es\/wp-json\/wp\/v2\/types\/product"}],"replies":[{"embeddable":true,"href":"https:\/\/sauer-shootingsportswear.de\/es\/wp-json\/wp\/v2\/comments?post=117"}],"wp:featuredmedia":[{"embeddable":true,"href":"https:\/\/sauer-shootingsportswear.de\/es\/wp-json\/wp\/v2\/media\/15"}],"wp:attachment":[{"href":"https:\/\/sauer-shootingsportswear.de\/es\/wp-json\/wp\/v2\/media?parent=117"}],"wp:term":[{"taxonomy":"product_brand","embeddable":true,"href":"https:\/\/sauer-shootingsportswear.de\/es\/wp-json\/wp\/v2\/product_brand?post=117"},{"taxonomy":"product_cat","embeddable":true,"href":"https:\/\/sauer-shootingsportswear.de\/es\/wp-json\/wp\/v2\/product_cat?post=117"},{"taxonomy":"product_tag","embeddable":true,"href":"https:\/\/sauer-shootingsportswear.de\/es\/wp-json\/wp\/v2\/product_tag?post=117"}],"curies":[{"name":"wp","href":"https:\/\/api.w.org\/{rel}","templated":true}]}}