{"id":14,"date":"2024-03-07T17:56:58","date_gmt":"2024-03-07T16:56:58","guid":{"rendered":"https:\/\/sauer-shootingsportswear.de\/?post_type=product&#038;p=14"},"modified":"2026-03-30T00:07:10","modified_gmt":"2026-03-29T22:07:10","slug":"technical-shirt","status":"publish","type":"product","link":"https:\/\/sauer-shootingsportswear.de\/es\/producto\/technical-shirt\/","title":{"rendered":"Camiseta T\u00c9CNICA"},"content":{"rendered":"<p>Diese besondere Technical Funktionsunterbekleidung eignet sich ideal zum Tragen unter der speziellen Schie\u00dfsportausr\u00fcstung. Sie ist atmungsaktiv und sorgt f\u00fcr optimale Temperatur an den strategisch wichtigen Stellen des K\u00f6rpers, was zu einer entspannten K\u00f6rperhaltung beitr\u00e4gt.<br \/>\nDie Mikrofaser Meryl\u00ae Skinlife sorgt f\u00fcr nat\u00fcrliche und angenehme Frische. Ihre Silberpartikel wirken bakteriostatisch, sie bewahren das nat\u00fcrliche Gleichgewicht der Haut und hemmen die Geruchsbildung.<br \/>\nEin besonderer Pluspunkt: Diese Sport-Unterbekleidung ist, dort wo es darauf ankommt, komplett ohne st\u00f6rende L\u00e4ngsn\u00e4hte gefertigt.<br \/>\nSie tr\u00e4gt sich wie eine zweite Haut. Dank einer speziellen Webart st\u00fctzt sie die Muskulatur, wo es notwendig ist und gew\u00e4hrt Beweglichkeit, wo sie gew\u00fcnscht ist.<br \/>\nDie Technical Shirts und Hosen gibt es je in Ausf\u00fchrung f\u00fcr Damen und Herren.<\/p>","protected":false},"excerpt":{"rendered":"<ul>\n<li><span dir=\"auto\" style=\"vertical-align: inherit;\"><span dir=\"auto\" style=\"vertical-align: inherit;\"><span dir=\"auto\" style=\"vertical-align: inherit;\"><span dir=\"auto\" style=\"vertical-align: inherit;\">Modell &#8211; Technical, Damenshirt<\/span><\/span><\/span><\/span><\/li>\n<li><span dir=\"auto\" style=\"vertical-align: inherit;\"><span dir=\"auto\" style=\"vertical-align: inherit;\"><span dir=\"auto\" style=\"vertical-align: inherit;\"><span dir=\"auto\" style=\"vertical-align: inherit;\">Artikel &#8211; 01.04.2.0.02.00.00<\/span><\/span><\/span><\/span><\/li>\n<li>Material &#8211; 70 % Polyamid, 25 % Polypro-pilen, 5 % Elasthan<\/li>\n<li>Farbe &#8211; Schwarz mit grauen und roten Applikationen<\/li>\n<li>Gr\u00f6\u00dfen &#8211; XS\/S, M, L\/XL<\/li>\n<\/ul>\n<p>&nbsp;<\/p>\n<ul>\n<li><span dir=\"auto\" style=\"vertical-align: inherit;\"><span dir=\"auto\" style=\"vertical-align: inherit;\"><span dir=\"auto\" style=\"vertical-align: inherit;\"><span dir=\"auto\" style=\"vertical-align: inherit;\">Modell &#8211; Technical, Herrenshirt<\/span><\/span><\/span><\/span><\/li>\n<li><span dir=\"auto\" style=\"vertical-align: inherit;\"><span dir=\"auto\" style=\"vertical-align: inherit;\"><span dir=\"auto\" style=\"vertical-align: inherit;\"><span dir=\"auto\" style=\"vertical-align: inherit;\">Artikel &#8211; 01.04.1.0.02.00.00<\/span><\/span><\/span><\/span><\/li>\n<li><span dir=\"auto\" style=\"vertical-align: inherit;\"><span dir=\"auto\" style=\"vertical-align: inherit;\"><span dir=\"auto\" style=\"vertical-align: inherit;\"><span dir=\"auto\" style=\"vertical-align: inherit;\">Material &#8211; 70 % Polyamid, 25 % Polypro-pilen, 5 % Elasthan<\/span><\/span><\/span><\/span><\/li>\n<li><span dir=\"auto\" style=\"vertical-align: inherit;\"><span dir=\"auto\" style=\"vertical-align: inherit;\"><span dir=\"auto\" style=\"vertical-align: inherit;\"><span dir=\"auto\" style=\"vertical-align: inherit;\">Farbe &#8211; Schwarz mit grauen und roten Applikationen<\/span><\/span><\/span><\/span><\/li>\n<li><span dir=\"auto\" style=\"vertical-align: inherit;\"><span dir=\"auto\" style=\"vertical-align: inherit;\"><span dir=\"auto\" style=\"vertical-align: inherit;\"><span dir=\"auto\" style=\"vertical-align: inherit;\">Gr\u00f6\u00dfen &#8211; XS\/S, M, L\/XL<\/span><\/span><\/span><\/span><\/li>\n<\/ul>","protected":false},"featured_media":33,"comment_status":"open","ping_status":"closed","template":"","meta":{"iawp_total_views":702},"product_brand":[],"product_cat":[26,15],"product_tag":[190],"class_list":{"0":"post-14","1":"product","2":"type-product","3":"status-publish","4":"has-post-thumbnail","6":"product_cat-funktions-kleidung","7":"product_cat-unkategorisiert","8":"product_tag-b2b","10":"first","11":"instock","12":"taxable","13":"shipping-taxable","14":"product-type-variable"},"_links":{"self":[{"href":"https:\/\/sauer-shootingsportswear.de\/es\/wp-json\/wp\/v2\/product\/14","targetHints":{"allow":["GET"]}}],"collection":[{"href":"https:\/\/sauer-shootingsportswear.de\/es\/wp-json\/wp\/v2\/product"}],"about":[{"href":"https:\/\/sauer-shootingsportswear.de\/es\/wp-json\/wp\/v2\/types\/product"}],"replies":[{"embeddable":true,"href":"https:\/\/sauer-shootingsportswear.de\/es\/wp-json\/wp\/v2\/comments?post=14"}],"wp:featuredmedia":[{"embeddable":true,"href":"https:\/\/sauer-shootingsportswear.de\/es\/wp-json\/wp\/v2\/media\/33"}],"wp:attachment":[{"href":"https:\/\/sauer-shootingsportswear.de\/es\/wp-json\/wp\/v2\/media?parent=14"}],"wp:term":[{"taxonomy":"product_brand","embeddable":true,"href":"https:\/\/sauer-shootingsportswear.de\/es\/wp-json\/wp\/v2\/product_brand?post=14"},{"taxonomy":"product_cat","embeddable":true,"href":"https:\/\/sauer-shootingsportswear.de\/es\/wp-json\/wp\/v2\/product_cat?post=14"},{"taxonomy":"product_tag","embeddable":true,"href":"https:\/\/sauer-shootingsportswear.de\/es\/wp-json\/wp\/v2\/product_tag?post=14"}],"curies":[{"name":"wp","href":"https:\/\/api.w.org\/{rel}","templated":true}]}}