{"id":1484,"date":"2024-03-13T20:18:22","date_gmt":"2024-03-13T19:18:22","guid":{"rendered":"https:\/\/sauer-shootingsportswear.de\/?post_type=product&#038;p=1484"},"modified":"2025-11-13T14:11:15","modified_gmt":"2025-11-13T13:11:15","slug":"advantage-prone","status":"publish","type":"product","link":"https:\/\/sauer-shootingsportswear.de\/es\/producto\/advantage-prone\/","title":{"rendered":"Advantage Prone"},"content":{"rendered":"<p>Das Jackenmodell \u201eAdvantage Prone\u201d ist speziell f\u00fcr das Liegend schie\u00dfen geeignet. Beide \u00c4rmel sind stark nach hinten verdreht eingen\u00e4ht und schmal gehalten, um besonders im Bereich des St\u00fctzarmes eine st\u00f6rende Faltenbildung zu verhindern. Dieses Modell entspricht in der Materialzusammensetzung dem Modell Advantage Leder\/Leinen. St\u00e4rkere Materialeinnahme im Schulter- und vorderen \u00c4rmelbereich reduziert die Faltenbildung. Halsausschnitt und R\u00fcckenkoller sind zur Vermeidung von Materialdruck tiefer ausgeschnitten. Je eine Frontseite, bei Rechtssch\u00fctzen die linke, bei Linkssch\u00fctzen die rechte, besteht aus Veloursleder. Die Armbeugen Eins\u00e4tze aus Leder oder dickerem Stretch Material verhindern seitliches Abrutschen.<br \/>\nDer verzugsfeste Einsatz unterhalb des R\u00fcckenkoller, verhindert ein Ziehen der Jacke im Anschlag.<\/p>","protected":false},"excerpt":{"rendered":"<ul>\n<li>Modell &#8211; Advantage Prone<\/li>\n<li>Artikel &#8211; 01.01.0.0.09.00.00<\/li>\n<li>Material &#8211; Innenfutter: 100% Baumwolle, Obermaterial: 50% Leder, 50% Baumwolle, Armbes\u00e4tze aus \u201eTop-Grip\u201d (100% Kautschuk)<\/li>\n<li>Farbe &#8211; Wahlweise aus der Leder- und Leinenfarbpalette<\/li>\n<li>Gr\u00f6\u00dfe &#8211; G\u00e4ngige Konfektionsgr\u00f6\u00dfen. Damen 36-46, Herren 46-60 u. 88-102, Gegen Aufpreis Ma\u00dfanfertigung<\/li>\n<\/ul>","protected":false},"featured_media":2458,"comment_status":"open","ping_status":"closed","template":"","meta":{"iawp_total_views":415},"product_brand":[],"product_cat":[23],"product_tag":[],"class_list":{"0":"post-1484","1":"product","2":"type-product","3":"status-publish","4":"has-post-thumbnail","6":"product_cat-schiessjacken","8":"first","9":"instock","10":"taxable","11":"shipping-taxable","12":"purchasable","13":"product-type-variable"},"_links":{"self":[{"href":"https:\/\/sauer-shootingsportswear.de\/es\/wp-json\/wp\/v2\/product\/1484","targetHints":{"allow":["GET"]}}],"collection":[{"href":"https:\/\/sauer-shootingsportswear.de\/es\/wp-json\/wp\/v2\/product"}],"about":[{"href":"https:\/\/sauer-shootingsportswear.de\/es\/wp-json\/wp\/v2\/types\/product"}],"replies":[{"embeddable":true,"href":"https:\/\/sauer-shootingsportswear.de\/es\/wp-json\/wp\/v2\/comments?post=1484"}],"wp:featuredmedia":[{"embeddable":true,"href":"https:\/\/sauer-shootingsportswear.de\/es\/wp-json\/wp\/v2\/media\/2458"}],"wp:attachment":[{"href":"https:\/\/sauer-shootingsportswear.de\/es\/wp-json\/wp\/v2\/media?parent=1484"}],"wp:term":[{"taxonomy":"product_brand","embeddable":true,"href":"https:\/\/sauer-shootingsportswear.de\/es\/wp-json\/wp\/v2\/product_brand?post=1484"},{"taxonomy":"product_cat","embeddable":true,"href":"https:\/\/sauer-shootingsportswear.de\/es\/wp-json\/wp\/v2\/product_cat?post=1484"},{"taxonomy":"product_tag","embeddable":true,"href":"https:\/\/sauer-shootingsportswear.de\/es\/wp-json\/wp\/v2\/product_tag?post=1484"}],"curies":[{"name":"wp","href":"https:\/\/api.w.org\/{rel}","templated":true}]}}