{"id":1508,"date":"2024-03-13T20:17:17","date_gmt":"2024-03-13T19:17:17","guid":{"rendered":"https:\/\/sauer-shootingsportswear.de\/?post_type=product&#038;p=1508"},"modified":"2025-11-13T14:12:08","modified_gmt":"2025-11-13T13:12:08","slug":"advantage-prone-extra","status":"publish","type":"product","link":"https:\/\/sauer-shootingsportswear.de\/es\/producto\/advantage-prone-extra\/","title":{"rendered":"Advantage Prone\/extra"},"content":{"rendered":"<p>Die \u201eAdvantage Prone Extra\u201c entspricht der beschriebenen \u201eAdvantage Prone\u201d. Im Unterschied dazu ist sie jedoch im Rumpfbereich komplett aus dauerhaft verzugsfestem Kautschukmaterial gefertigt.<\/p>","protected":false},"excerpt":{"rendered":"<ul>\n<li>Modell &#8211; Advantage Prone Extra<\/li>\n<li>Artikel &#8211; 01.01.0.0.06.00.00<\/li>\n<li>Material &#8211; 68,7% Baumwolle, 15,1% Kautschuk, 16% Rindleder, 0,2% Polyester, Armbes\u00e4tze: Top-Grip (100% Kautschuk)<\/li>\n<li>Farbe &#8211; Leder und Leinen aus der Farbpalette. Kautschuk in blau oder, Empfehlung f\u00fcr die R\u00fcckenpartie, beige Gewebeoberfl\u00e4che<\/li>\n<li>Gr\u00f6\u00dfe &#8211; G\u00e4ngige Konfektionsgr\u00f6\u00dfen. Damen 36-46, Herren 46-60 u. 88-102, Gegen Aufpreis Ma\u00dfanfertigung<\/li>\n<\/ul>","protected":false},"featured_media":2463,"comment_status":"open","ping_status":"closed","template":"","meta":{"iawp_total_views":311},"product_brand":[],"product_cat":[23],"product_tag":[],"class_list":{"0":"post-1508","1":"product","2":"type-product","3":"status-publish","4":"has-post-thumbnail","6":"product_cat-schiessjacken","8":"first","9":"instock","10":"taxable","11":"shipping-taxable","12":"purchasable","13":"product-type-variable"},"_links":{"self":[{"href":"https:\/\/sauer-shootingsportswear.de\/es\/wp-json\/wp\/v2\/product\/1508","targetHints":{"allow":["GET"]}}],"collection":[{"href":"https:\/\/sauer-shootingsportswear.de\/es\/wp-json\/wp\/v2\/product"}],"about":[{"href":"https:\/\/sauer-shootingsportswear.de\/es\/wp-json\/wp\/v2\/types\/product"}],"replies":[{"embeddable":true,"href":"https:\/\/sauer-shootingsportswear.de\/es\/wp-json\/wp\/v2\/comments?post=1508"}],"wp:featuredmedia":[{"embeddable":true,"href":"https:\/\/sauer-shootingsportswear.de\/es\/wp-json\/wp\/v2\/media\/2463"}],"wp:attachment":[{"href":"https:\/\/sauer-shootingsportswear.de\/es\/wp-json\/wp\/v2\/media?parent=1508"}],"wp:term":[{"taxonomy":"product_brand","embeddable":true,"href":"https:\/\/sauer-shootingsportswear.de\/es\/wp-json\/wp\/v2\/product_brand?post=1508"},{"taxonomy":"product_cat","embeddable":true,"href":"https:\/\/sauer-shootingsportswear.de\/es\/wp-json\/wp\/v2\/product_cat?post=1508"},{"taxonomy":"product_tag","embeddable":true,"href":"https:\/\/sauer-shootingsportswear.de\/es\/wp-json\/wp\/v2\/product_tag?post=1508"}],"curies":[{"name":"wp","href":"https:\/\/api.w.org\/{rel}","templated":true}]}}