{"id":1636,"date":"2024-03-13T18:57:47","date_gmt":"2024-03-13T17:57:47","guid":{"rendered":"https:\/\/sauer-shootingsportswear.de\/?post_type=product&#038;p=1636"},"modified":"2025-11-13T14:58:02","modified_gmt":"2025-11-13T13:58:02","slug":"coach","status":"publish","type":"product","link":"https:\/\/sauer-shootingsportswear.de\/es\/producto\/coach\/","title":{"rendered":"Coach"},"content":{"rendered":"<p>Die Hose Modell Coach von Sauer wurde komplett neu \u00fcberarbeitet. Das Prinzip der seitlich versetzten Einstiegs\u00f6ffnung wurde beibehalten jedoch in seiner Funktionalit\u00e4t verbessert. So erhielt die neue Coach einen variablen Klettverschluss am Bund. Die gro\u00dfz\u00fcgige Einstiegs\u00f6ffnung am vorderen linken Hosenbein (bei Linkssch\u00fctzen rechtes Hosenbein) mit Klettverschluss erm\u00f6glicht ein bequemes Anziehen. Ein weit gr\u00f6\u00dferer Vorteil ist jedoch die optimale Weitenregulierung, bis zur v\u00f6lligen \u00d6ffnung, im Kniendanschlag. Damit kann der Kniendsch\u00fctze im Anschlag jeglichem Druck im Bauchbereich vorbeugen. Um eine optimale Materialfestigkeit zu erreichen, wird die Coach in Doppelleinen produziert. An beiden Knien und am Ges\u00e4\u00df ist sie mit hochwertigem Top-Grip besetzt.<\/p>","protected":false},"excerpt":{"rendered":"<ul>\n<li>Modell &#8211; Coach Doppelleinen<\/li>\n<li>Artikel &#8211; 01.02.0.0.05.00.00<\/li>\n<li>Material &#8211; 100 % Baumwolle, Innenfutter 100 % Baumwolle, Patches 100 % Kautschuk (Top-Grip)<\/li>\n<li>Farbe &#8211; Wahlweise aus der Farbpalette<\/li>\n<li>Gr\u00f6\u00dfe &#8211; G\u00e4ngige Konfektionsgr\u00f6\u00dfen. Damen 36-46, Herren 46-60 u. 88-102. Gegen Aufpreis Ma\u00dfanfertigung<\/li>\n<\/ul>","protected":false},"featured_media":1642,"comment_status":"open","ping_status":"closed","template":"","meta":{"iawp_total_views":191},"product_brand":[],"product_cat":[24],"product_tag":[],"class_list":{"0":"post-1636","1":"product","2":"type-product","3":"status-publish","4":"has-post-thumbnail","6":"product_cat-schiesshosen","8":"first","9":"instock","10":"taxable","11":"shipping-taxable","12":"purchasable","13":"product-type-variable"},"_links":{"self":[{"href":"https:\/\/sauer-shootingsportswear.de\/es\/wp-json\/wp\/v2\/product\/1636","targetHints":{"allow":["GET"]}}],"collection":[{"href":"https:\/\/sauer-shootingsportswear.de\/es\/wp-json\/wp\/v2\/product"}],"about":[{"href":"https:\/\/sauer-shootingsportswear.de\/es\/wp-json\/wp\/v2\/types\/product"}],"replies":[{"embeddable":true,"href":"https:\/\/sauer-shootingsportswear.de\/es\/wp-json\/wp\/v2\/comments?post=1636"}],"wp:featuredmedia":[{"embeddable":true,"href":"https:\/\/sauer-shootingsportswear.de\/es\/wp-json\/wp\/v2\/media\/1642"}],"wp:attachment":[{"href":"https:\/\/sauer-shootingsportswear.de\/es\/wp-json\/wp\/v2\/media?parent=1636"}],"wp:term":[{"taxonomy":"product_brand","embeddable":true,"href":"https:\/\/sauer-shootingsportswear.de\/es\/wp-json\/wp\/v2\/product_brand?post=1636"},{"taxonomy":"product_cat","embeddable":true,"href":"https:\/\/sauer-shootingsportswear.de\/es\/wp-json\/wp\/v2\/product_cat?post=1636"},{"taxonomy":"product_tag","embeddable":true,"href":"https:\/\/sauer-shootingsportswear.de\/es\/wp-json\/wp\/v2\/product_tag?post=1636"}],"curies":[{"name":"wp","href":"https:\/\/api.w.org\/{rel}","templated":true}]}}