{"id":1744,"date":"2024-03-13T19:52:03","date_gmt":"2024-03-13T18:52:03","guid":{"rendered":"https:\/\/sauer-shootingsportswear.de\/?post_type=product&#038;p=1744"},"modified":"2025-11-13T14:39:24","modified_gmt":"2025-11-13T13:39:24","slug":"auflageweste-doppelleinen","status":"publish","type":"product","link":"https:\/\/sauer-shootingsportswear.de\/es\/producto\/auflageweste-doppelleinen\/","title":{"rendered":"Chaleco de tiro de doble lona"},"content":{"rendered":"<p>Die Auflageweste Doppelleinen besteht aus einem stabilen Doppelleinen. Sie stabilisiert die Schie\u00dfhaltung und ist ausgestattet mit einer Halbarml\u00f6sung im Bereich des Abzugsarmes sowie einem vergr\u00f6\u00dferten Gewehranschlag in Veloursleder. Die R\u00fcckseite des Halb\u00e4rmels ist aus dehnbarem, atmungsaktivem Gewebe gearbeitet. So hat der Sch\u00fctze einen bequemeren Halt im Anschlag. Zur individuellen Einstellung der Weite dienen die praktischen Schraubkn\u00f6pfe.<\/p>","protected":false},"excerpt":{"rendered":"<ul>\n<li>Modell &#8211; Auflageweste Doppelleinen<\/li>\n<li>Artikel &#8211; 01.03.0.0.05.00.00<\/li>\n<li>Material &#8211; 100% Baumwolle, Bes\u00e4tze aus Rindleder<\/li>\n<li>Farbe &#8211; Wahlweise aus der Leder- und Leinenfarbpalette<\/li>\n<li>Gr\u00f6\u00dfe &#8211; G\u00e4ngige Konfektionsgr\u00f6\u00dfen. Damen 36-46, Herren 46-60 u. 88-102. Gegen Aufpreis Ma\u00dfanfertigung<\/li>\n<\/ul>","protected":false},"featured_media":1749,"comment_status":"open","ping_status":"closed","template":"","meta":{"iawp_total_views":158},"product_brand":[],"product_cat":[25],"product_tag":[],"class_list":{"0":"post-1744","1":"product","2":"type-product","3":"status-publish","4":"has-post-thumbnail","6":"product_cat-schiesswesten","8":"first","9":"instock","10":"taxable","11":"shipping-taxable","12":"purchasable","13":"product-type-variable"},"_links":{"self":[{"href":"https:\/\/sauer-shootingsportswear.de\/es\/wp-json\/wp\/v2\/product\/1744","targetHints":{"allow":["GET"]}}],"collection":[{"href":"https:\/\/sauer-shootingsportswear.de\/es\/wp-json\/wp\/v2\/product"}],"about":[{"href":"https:\/\/sauer-shootingsportswear.de\/es\/wp-json\/wp\/v2\/types\/product"}],"replies":[{"embeddable":true,"href":"https:\/\/sauer-shootingsportswear.de\/es\/wp-json\/wp\/v2\/comments?post=1744"}],"wp:featuredmedia":[{"embeddable":true,"href":"https:\/\/sauer-shootingsportswear.de\/es\/wp-json\/wp\/v2\/media\/1749"}],"wp:attachment":[{"href":"https:\/\/sauer-shootingsportswear.de\/es\/wp-json\/wp\/v2\/media?parent=1744"}],"wp:term":[{"taxonomy":"product_brand","embeddable":true,"href":"https:\/\/sauer-shootingsportswear.de\/es\/wp-json\/wp\/v2\/product_brand?post=1744"},{"taxonomy":"product_cat","embeddable":true,"href":"https:\/\/sauer-shootingsportswear.de\/es\/wp-json\/wp\/v2\/product_cat?post=1744"},{"taxonomy":"product_tag","embeddable":true,"href":"https:\/\/sauer-shootingsportswear.de\/es\/wp-json\/wp\/v2\/product_tag?post=1744"}],"curies":[{"name":"wp","href":"https:\/\/api.w.org\/{rel}","templated":true}]}}