{"id":1793,"date":"2024-03-13T19:50:16","date_gmt":"2024-03-13T18:50:16","guid":{"rendered":"https:\/\/sauer-shootingsportswear.de\/?post_type=product&#038;p=1793"},"modified":"2025-11-13T14:40:28","modified_gmt":"2025-11-13T13:40:28","slug":"auflageweste-sitzend-kunstleder","status":"publish","type":"product","link":"https:\/\/sauer-shootingsportswear.de\/es\/producto\/auflageweste-sitzend-kunstleder\/","title":{"rendered":"Chaleco de tiro imitaci\u00f3n cuero"},"content":{"rendered":"<p>Immer mehr Sch\u00fctzen haben sich die Freude am Schie\u00dfsport bis ins fortgeschrittene Alter bewahrt. Die seniorengerechte Sitzenddisziplin erfreut sich wachsendem Zuspruch. F\u00fcr diese Sch\u00fctzenkollegen fertigt Sauer eine spezielle Weste. Diese ist im Frontbereich so weit verk\u00fcrzt, dass sie im Sitzen nicht auf den Oberschenkeln aufsteht. Die verl\u00e4ngerte R\u00fcckenpartie reicht bis \u00fcber den Ges\u00e4\u00dfbereich. Beide \u00c4rmelausschnitte sind stark nach vorne gearbeitet, um st\u00f6rende Materialaufwertungen im Anschlag zu vermeiden. Auf der Anschlagseite besitzt die Weste einen Halb\u00e4rmel und Velourslederbesatz zum rutschfreien Einsetzen der Waffe. Die Sauer Weste f\u00fcr Sitzendsch\u00fctzen wird aus hochwertigen Materialien in Deutschland hergestellt.<br \/>\nSITZENDWESTEN sind auf Wunsch auch in allen vorangegangen Materialzusammenstellungen der Auflagewesten.<\/p>\n<p>&nbsp;<\/p>","protected":false},"excerpt":{"rendered":"<ul>\n<li>Modell &#8211; Auflageweste sitzend Kunstleder<\/li>\n<li>Artikel &#8211; 01.03.0.0.08.00.00<\/li>\n<li>Material &#8211; Kunstleder, Innenfutter 100% Baumwolle, Bes\u00e4tze Veloursleder<\/li>\n<li>Farbe &#8211; Schwarz, Leder-Knopfleiste wahlweise aus der Lederfarbpalette<\/li>\n<li>Gr\u00f6\u00dfe &#8211; G\u00e4ngige Konfektionsgr\u00f6\u00dfen. Damen 36-46, Herren 46-60. Gegen Aufpreis Ma\u00dfanfertigung.<\/li>\n<\/ul>","protected":false},"featured_media":1799,"comment_status":"open","ping_status":"closed","template":"","meta":{"iawp_total_views":95},"product_brand":[],"product_cat":[25],"product_tag":[],"class_list":{"0":"post-1793","1":"product","2":"type-product","3":"status-publish","4":"has-post-thumbnail","6":"product_cat-schiesswesten","8":"first","9":"instock","10":"taxable","11":"shipping-taxable","12":"purchasable","13":"product-type-variable"},"_links":{"self":[{"href":"https:\/\/sauer-shootingsportswear.de\/es\/wp-json\/wp\/v2\/product\/1793","targetHints":{"allow":["GET"]}}],"collection":[{"href":"https:\/\/sauer-shootingsportswear.de\/es\/wp-json\/wp\/v2\/product"}],"about":[{"href":"https:\/\/sauer-shootingsportswear.de\/es\/wp-json\/wp\/v2\/types\/product"}],"replies":[{"embeddable":true,"href":"https:\/\/sauer-shootingsportswear.de\/es\/wp-json\/wp\/v2\/comments?post=1793"}],"wp:featuredmedia":[{"embeddable":true,"href":"https:\/\/sauer-shootingsportswear.de\/es\/wp-json\/wp\/v2\/media\/1799"}],"wp:attachment":[{"href":"https:\/\/sauer-shootingsportswear.de\/es\/wp-json\/wp\/v2\/media?parent=1793"}],"wp:term":[{"taxonomy":"product_brand","embeddable":true,"href":"https:\/\/sauer-shootingsportswear.de\/es\/wp-json\/wp\/v2\/product_brand?post=1793"},{"taxonomy":"product_cat","embeddable":true,"href":"https:\/\/sauer-shootingsportswear.de\/es\/wp-json\/wp\/v2\/product_cat?post=1793"},{"taxonomy":"product_tag","embeddable":true,"href":"https:\/\/sauer-shootingsportswear.de\/es\/wp-json\/wp\/v2\/product_tag?post=1793"}],"curies":[{"name":"wp","href":"https:\/\/api.w.org\/{rel}","templated":true}]}}