{"id":3778,"date":"2024-02-12T20:54:01","date_gmt":"2024-02-12T19:54:01","guid":{"rendered":"https:\/\/sauer-shootingsportswear.de\/?post_type=product&#038;p=3778"},"modified":"2026-05-16T00:06:49","modified_gmt":"2026-05-15T22:06:49","slug":"perfect-x","status":"publish","type":"product","link":"https:\/\/sauer-shootingsportswear.de\/es\/producto\/perfect-x\/","title":{"rendered":"PERFECTO X"},"content":{"rendered":"<p>Der neue Schie\u00dfsportschuh PERFECT X ist die Weiterentwicklung\u00a0des\u00a0bew\u00e4hrten Perfect Top Schie\u00dfschuh. Durch eine\u00a0verbesserte\u00a0Stabilit\u00e4tskonstruktion im Schaftbereich ist der X jetzt noch fester in seiner Charaktereigenschaft. Alle positiven charakteristischen Merkmale seines Vorg\u00e4ngers wurden beibehalten, wie die einseitig integrierte,\u00a0fest\u00a0mit dem Schuh verbundene Zungenl\u00f6sung. In Kombination mit ihrer \u00fcppigen Polsterung bewirkt sie auf diese Weise einen \u00e4u\u00dferst festen Stand im Schuh. Wie alle Perfect Modelle, verf\u00fcgt der PERFECT X auch \u00fcber eine nach innen gew\u00f6lbte PTU-Sohle zugunsten einer optimalen Auflagefl\u00e4che und sorgt damit f\u00fcr beste Standfestigkeit.\u00a0Der umlaufende Gummibesatz wirkt als Stabilisator und verhindert ein Ausweiten des Schuhes. Das eingearbeitete Fu\u00dfbett mit einer austauschbaren Komfortinnensohle sorgt f\u00fcr ein angenehmes Standgef\u00fchl. Die teils differenzierte \u00d6senkonstruktion erlaubt ein optimales Schlie\u00dfen mittels Kreuzschn\u00fcrung\u201c, sodass der gew\u00e4hlteSchlie\u00dfungsgrad sich w\u00e4hrend des Schie\u00dfens oder der Stellungswechsel nicht ver\u00e4ndert. Viele verschiedene Farben f\u00fcr Velcro &#8211; Fersenklett und Schn\u00fcrsenkel stehen zur Auswahl. So kann jeder Sch\u00fctze die Schuhe seinem \u00fcbrigen Outfit anpassen. F\u00fcr die PERFECT X Schie\u00dfschuhe werden jetzt auch die Velcro &#8211;\u00a0Fersenklett\u00a0verst\u00e4rkt und bieten einen festeren Halt in jedem Anschlag. Selbstverst\u00e4ndlich entspricht der PERFECT X in allen Bereichen den derzeitigen Anforderungen des ISSF.<\/p>","protected":false},"excerpt":{"rendered":"<ul>\n<li>Artikel &#8211; 01.05.0.0.03.00.00<\/li>\n<li>Obermaterial &#8211; 100% Microfaser<\/li>\n<li>Innenfutter &#8211; 52% Polyamid, 48% Polyester<\/li>\n<li>Sohle &#8211; Thermoplastic Polyurethane<\/li>\n<li>Farbe &#8211; Schwarz\/naturweiss<\/li>\n<li>Gr\u00f6\u00dfen &#8211; 35 \u2013 48<\/li>\n<li>Wechselsets &#8211; rot, orange, gelb, hellgr\u00fcn, gr\u00fcn, silber, rosa, nelke, hellblau, dunkelblau, gr\u00fcn, schwarz, wei\u00df, t\u00fcrkis<\/li>\n<\/ul>","protected":false},"featured_media":3182,"comment_status":"open","ping_status":"closed","template":"","meta":{"iawp_total_views":2113},"product_brand":[],"product_cat":[27,15],"product_tag":[190],"class_list":{"0":"post-3778","1":"product","2":"type-product","3":"status-publish","4":"has-post-thumbnail","6":"product_cat-schuhe","7":"product_cat-unkategorisiert","8":"product_tag-b2b","10":"first","11":"instock","12":"taxable","13":"shipping-taxable","14":"product-type-variable"},"_links":{"self":[{"href":"https:\/\/sauer-shootingsportswear.de\/es\/wp-json\/wp\/v2\/product\/3778","targetHints":{"allow":["GET"]}}],"collection":[{"href":"https:\/\/sauer-shootingsportswear.de\/es\/wp-json\/wp\/v2\/product"}],"about":[{"href":"https:\/\/sauer-shootingsportswear.de\/es\/wp-json\/wp\/v2\/types\/product"}],"replies":[{"embeddable":true,"href":"https:\/\/sauer-shootingsportswear.de\/es\/wp-json\/wp\/v2\/comments?post=3778"}],"wp:featuredmedia":[{"embeddable":true,"href":"https:\/\/sauer-shootingsportswear.de\/es\/wp-json\/wp\/v2\/media\/3182"}],"wp:attachment":[{"href":"https:\/\/sauer-shootingsportswear.de\/es\/wp-json\/wp\/v2\/media?parent=3778"}],"wp:term":[{"taxonomy":"product_brand","embeddable":true,"href":"https:\/\/sauer-shootingsportswear.de\/es\/wp-json\/wp\/v2\/product_brand?post=3778"},{"taxonomy":"product_cat","embeddable":true,"href":"https:\/\/sauer-shootingsportswear.de\/es\/wp-json\/wp\/v2\/product_cat?post=3778"},{"taxonomy":"product_tag","embeddable":true,"href":"https:\/\/sauer-shootingsportswear.de\/es\/wp-json\/wp\/v2\/product_tag?post=3778"}],"curies":[{"name":"wp","href":"https:\/\/api.w.org\/{rel}","templated":true}]}}