{"id":555,"date":"2024-02-12T16:53:03","date_gmt":"2024-02-12T15:53:03","guid":{"rendered":"https:\/\/sauer-shootingsportswear.de\/?post_type=product&#038;p=555"},"modified":"2026-02-23T15:42:11","modified_gmt":"2026-02-23T14:42:11","slug":"velcro-x","status":"publish","type":"product","link":"https:\/\/sauer-shootingsportswear.de\/es\/producto\/velcro-x\/","title":{"rendered":"VELCRO X"},"content":{"rendered":"<p>Das neue Zubeh\u00f6rteil f\u00fcr die PERFECT X , der Fersenklett \u201eVELCRO X\u201c<br \/>\nDer neue spezielle VELCRO\u00a0X\u00a0Fersenklett\u00a0in schwarzer Carbonoptik wurde auf 7 cm erh\u00f6ht. Diese neue Dimension, zus\u00e4tzlich zur reinen Spoilerverst\u00e4rkung, bewirkt eine extreme vertikale Festigkeit im r\u00fcckseitigen Schaftbereich.<\/p>","protected":false},"excerpt":{"rendered":"<ul>\n<li>Modell &#8211; Velcro X<\/li>\n<li>Artikel &#8211; 01.05.0.0.92.00.01<\/li>\n<li>Material &#8211; 100% Aluminium<\/li>\n<li>Farbe &#8211; Schwarz<\/li>\n<\/ul>","protected":false},"featured_media":37,"comment_status":"open","ping_status":"closed","template":"","meta":{"iawp_total_views":185},"product_brand":[],"product_cat":[27,15],"product_tag":[190],"class_list":{"0":"post-555","1":"product","2":"type-product","3":"status-publish","4":"has-post-thumbnail","6":"product_cat-schuhe","7":"product_cat-unkategorisiert","8":"product_tag-b2b","10":"first","11":"instock","12":"taxable","13":"shipping-taxable","14":"product-type-simple"},"_links":{"self":[{"href":"https:\/\/sauer-shootingsportswear.de\/es\/wp-json\/wp\/v2\/product\/555","targetHints":{"allow":["GET"]}}],"collection":[{"href":"https:\/\/sauer-shootingsportswear.de\/es\/wp-json\/wp\/v2\/product"}],"about":[{"href":"https:\/\/sauer-shootingsportswear.de\/es\/wp-json\/wp\/v2\/types\/product"}],"replies":[{"embeddable":true,"href":"https:\/\/sauer-shootingsportswear.de\/es\/wp-json\/wp\/v2\/comments?post=555"}],"wp:featuredmedia":[{"embeddable":true,"href":"https:\/\/sauer-shootingsportswear.de\/es\/wp-json\/wp\/v2\/media\/37"}],"wp:attachment":[{"href":"https:\/\/sauer-shootingsportswear.de\/es\/wp-json\/wp\/v2\/media?parent=555"}],"wp:term":[{"taxonomy":"product_brand","embeddable":true,"href":"https:\/\/sauer-shootingsportswear.de\/es\/wp-json\/wp\/v2\/product_brand?post=555"},{"taxonomy":"product_cat","embeddable":true,"href":"https:\/\/sauer-shootingsportswear.de\/es\/wp-json\/wp\/v2\/product_cat?post=555"},{"taxonomy":"product_tag","embeddable":true,"href":"https:\/\/sauer-shootingsportswear.de\/es\/wp-json\/wp\/v2\/product_tag?post=555"}],"curies":[{"name":"wp","href":"https:\/\/api.w.org\/{rel}","templated":true}]}}