{"id":58,"date":"2024-03-07T17:55:16","date_gmt":"2024-03-07T16:55:16","guid":{"rendered":"https:\/\/sauer-shootingsportswear.de\/?post_type=product&#038;p=58"},"modified":"2026-03-30T00:07:16","modified_gmt":"2026-03-29T22:07:16","slug":"technical-unterziehhose","status":"publish","type":"product","link":"https:\/\/sauer-shootingsportswear.de\/es\/producto\/technical-unterziehhose\/","title":{"rendered":"TECHNICAL Unterziehhose"},"content":{"rendered":"<p>Diese besondere Technical Funktionsunterbekleidung eignet sich ideal zum Tragen unter der speziellen Schie\u00dfsportausr\u00fcstung. Sie ist atmungsaktiv und sorgt f\u00fcr optimale Temperatur an den strategisch wichtigen Stellen des K\u00f6rpers, was zu einer entspannten K\u00f6rperhaltung beitr\u00e4gt.<\/p>\n<p>Die Mikrofaser Meryl\u00ae Skinlife sorgt f\u00fcr nat\u00fcrliche und angenehme Frische. Ihre Silberpartikel wirken bakteriostatisch, sie bewahren das nat\u00fcrliche Gleichgewicht der Haut und hemmen die Geruchsbildung.<\/p>\n<p>Ein besonderer Pluspunkt: Diese Sport-Unterbekleidung ist, dort wo es darauf ankommt, komplett ohne st\u00f6rende L\u00e4ngsn\u00e4hte gefertigt.<\/p>\n<p>Sie tr\u00e4gt sich wie eine zweite Haut. Dank einer speziellen Webart st\u00fctzt sie die Muskulatur, wo es notwendig ist und gew\u00e4hrt Beweglichkeit, wo sie gew\u00fcnscht ist.<\/p>\n<p>Die Technical Shirts und Hosen gibt es je in Ausf\u00fchrung f\u00fcr Damen und Herren<\/p>","protected":false},"excerpt":{"rendered":"<ul>\n<li class=\"row\">Modell &#8211; Technical, Damen-Unterziehhose<\/li>\n<li class=\"row\">Artikel &#8211; 01.04.2.0.03.00.00<\/li>\n<li class=\"row\">Material &#8211; 70 % Polyamid, 25 % Polypro-pilen, 5 % Elasthan<\/li>\n<li class=\"row\">Farbe &#8211; Schwarz mit grauen und roten Applikationen<\/li>\n<li class=\"row\">Gr\u00f6\u00dfen &#8211; XS\/S, M, L\/XL<\/li>\n<\/ul>\n<p>&nbsp;<\/p>\n<div class=\"row\">\n<ul>\n<li class=\"col-md-9\">Modell &#8211; Technical, Herren-Unterziehhose<\/li>\n<li class=\"col-md-9\">Artikel &#8211; 01.04.1.0.03.00.00<\/li>\n<li class=\"col-md-9\">Material &#8211; 70 % Polyamid, 25 % Polypro-pilen, 5 % Elasthan<\/li>\n<li class=\"col-md-9\">Farbe &#8211; Schwarz mit grauen und roten Applikationen<\/li>\n<li class=\"col-md-9\">Gr\u00f6\u00dfen &#8211; XS\/S, M, L\/XL<\/li>\n<\/ul>\n<div><\/div>\n<\/div>","protected":false},"featured_media":2126,"comment_status":"open","ping_status":"closed","template":"","meta":{"iawp_total_views":303},"product_brand":[],"product_cat":[26,15],"product_tag":[190],"class_list":{"0":"post-58","1":"product","2":"type-product","3":"status-publish","4":"has-post-thumbnail","6":"product_cat-funktions-kleidung","7":"product_cat-unkategorisiert","8":"product_tag-b2b","10":"first","11":"instock","12":"taxable","13":"shipping-taxable","14":"product-type-variable"},"_links":{"self":[{"href":"https:\/\/sauer-shootingsportswear.de\/es\/wp-json\/wp\/v2\/product\/58","targetHints":{"allow":["GET"]}}],"collection":[{"href":"https:\/\/sauer-shootingsportswear.de\/es\/wp-json\/wp\/v2\/product"}],"about":[{"href":"https:\/\/sauer-shootingsportswear.de\/es\/wp-json\/wp\/v2\/types\/product"}],"replies":[{"embeddable":true,"href":"https:\/\/sauer-shootingsportswear.de\/es\/wp-json\/wp\/v2\/comments?post=58"}],"wp:featuredmedia":[{"embeddable":true,"href":"https:\/\/sauer-shootingsportswear.de\/es\/wp-json\/wp\/v2\/media\/2126"}],"wp:attachment":[{"href":"https:\/\/sauer-shootingsportswear.de\/es\/wp-json\/wp\/v2\/media?parent=58"}],"wp:term":[{"taxonomy":"product_brand","embeddable":true,"href":"https:\/\/sauer-shootingsportswear.de\/es\/wp-json\/wp\/v2\/product_brand?post=58"},{"taxonomy":"product_cat","embeddable":true,"href":"https:\/\/sauer-shootingsportswear.de\/es\/wp-json\/wp\/v2\/product_cat?post=58"},{"taxonomy":"product_tag","embeddable":true,"href":"https:\/\/sauer-shootingsportswear.de\/es\/wp-json\/wp\/v2\/product_tag?post=58"}],"curies":[{"name":"wp","href":"https:\/\/api.w.org\/{rel}","templated":true}]}}