{"id":589,"date":"2024-02-16T19:22:06","date_gmt":"2024-02-16T18:22:06","guid":{"rendered":"https:\/\/sauer-shootingsportswear.de\/?post_type=product&#038;p=589"},"modified":"2026-03-31T16:00:10","modified_gmt":"2026-03-31T14:00:10","slug":"top-ten","status":"publish","type":"product","link":"https:\/\/sauer-shootingsportswear.de\/es\/producto\/top-ten\/","title":{"rendered":"Top Ten"},"content":{"rendered":"<p>Ein komplett neuartiges Handschuhkonzept. Der neue Top Ten Handschuh von Sauer ist auf dem kompletten Handr\u00fccken bis zum Handgelenk hin, sowie auf der Handinnenseite, mit neuartigen Formteilen aus hochwertigem und festem Kautschuk besetzt. Sein Konstruktionsprinzip basiert auf einem aufwendig gepolsterten, regelkonformen Lederhandschuh. Die neuen Kautschuk \u2013 Formteile verf\u00fcgen zum einen auf die notwendige Elastizit\u00e4t und zum anderen \u00fcber die n\u00f6tige Festigkeit, um das Auflagegewicht des Gewehres entsprechend zu verteilen. Der Handschuh ist daher individuell f\u00fcr jede Anschlagart und Position bestens geeignet. Die offenen Fingerkuppen sorgen f\u00fcr eine bessere Ventilation und erlauben es gleichzeitig, mit dieser Hand zu laden. Sein breites Stretchband auf H\u00f6he des Schaftes l\u00e4sst den Handschuh eng anliegen.<\/p>","protected":false},"excerpt":{"rendered":"<ul>\n<li>Modell &#8211; TOP TEN<\/li>\n<li>Artikel &#8211; 01.06.0.0.10.00.00<\/li>\n<li>MaterialFutter- 100% Polyester, Besatz: 100% Kautschuk, Au\u00dfenmaterial: 87% Leder, 9% Polyester, 2% Polyamid, 1% Polyurethan, 1% Elasthan<\/li>\n<li>Gr\u00f6\u00dfe &#8211; XXS, XS, S, M, L, XL, XXL<\/li>\n<\/ul>","protected":false},"featured_media":36,"comment_status":"open","ping_status":"closed","template":"","meta":{"iawp_total_views":508},"product_brand":[],"product_cat":[28,15],"product_tag":[190],"class_list":{"0":"post-589","1":"product","2":"type-product","3":"status-publish","4":"has-post-thumbnail","6":"product_cat-handschuhe","7":"product_cat-unkategorisiert","8":"product_tag-b2b","10":"first","11":"instock","12":"taxable","13":"shipping-taxable","14":"product-type-variable"},"_links":{"self":[{"href":"https:\/\/sauer-shootingsportswear.de\/es\/wp-json\/wp\/v2\/product\/589","targetHints":{"allow":["GET"]}}],"collection":[{"href":"https:\/\/sauer-shootingsportswear.de\/es\/wp-json\/wp\/v2\/product"}],"about":[{"href":"https:\/\/sauer-shootingsportswear.de\/es\/wp-json\/wp\/v2\/types\/product"}],"replies":[{"embeddable":true,"href":"https:\/\/sauer-shootingsportswear.de\/es\/wp-json\/wp\/v2\/comments?post=589"}],"wp:featuredmedia":[{"embeddable":true,"href":"https:\/\/sauer-shootingsportswear.de\/es\/wp-json\/wp\/v2\/media\/36"}],"wp:attachment":[{"href":"https:\/\/sauer-shootingsportswear.de\/es\/wp-json\/wp\/v2\/media?parent=589"}],"wp:term":[{"taxonomy":"product_brand","embeddable":true,"href":"https:\/\/sauer-shootingsportswear.de\/es\/wp-json\/wp\/v2\/product_brand?post=589"},{"taxonomy":"product_cat","embeddable":true,"href":"https:\/\/sauer-shootingsportswear.de\/es\/wp-json\/wp\/v2\/product_cat?post=589"},{"taxonomy":"product_tag","embeddable":true,"href":"https:\/\/sauer-shootingsportswear.de\/es\/wp-json\/wp\/v2\/product_tag?post=589"}],"curies":[{"name":"wp","href":"https:\/\/api.w.org\/{rel}","templated":true}]}}