{"id":627,"date":"2024-02-16T19:26:22","date_gmt":"2024-02-16T18:26:22","guid":{"rendered":"https:\/\/sauer-shootingsportswear.de\/?post_type=product&#038;p=627"},"modified":"2026-03-31T15:59:17","modified_gmt":"2026-03-31T13:59:17","slug":"strong-open","status":"publish","type":"product","link":"https:\/\/sauer-shootingsportswear.de\/es\/producto\/strong-open\/","title":{"rendered":"Strong Open"},"content":{"rendered":"<p>Der beliebte und allseits gesch\u00e4tzte fingerfreie \u201eStrong Open\u201d Handschuh bietet, neben den bereits genannten guten Polstereigenschaften und der hochwertigen Verarbeitung, auch die M\u00f6glichkeit zum problemlosen Laden des Gewehres. Die Au\u00dfenseite der Finger ist mit hochwertigen Top Grip besetzt, um dem Gewehr eine dauerhafte Rutschfestigkeit im Anschlag zu gew\u00e4hren. Bel\u00fcftungs\u00f6ffnungen aus der Handinnenseite regulieren zus\u00e4tzlich das Handklima.<\/p>","protected":false},"excerpt":{"rendered":"<ul>\n<li>Modell &#8211; Strong Open<\/li>\n<li>Artikel &#8211; 01.06.0.0.09.00.00<\/li>\n<li>Material &#8211; Obermaterial 50% Rindleder, 50% Kunstleder (12% Viskose, 18% Polyamid, 70% PU), Futter 34% Wolle, 33% Polyamid, 33% Zellwolle, Stretchband<\/li>\n<li>Farbe &#8211; blau, schwarz, rot, nelke<\/li>\n<li>Gr\u00f6\u00dfe &#8211; XS, S, M, L, XL<\/li>\n<\/ul>","protected":false},"featured_media":21,"comment_status":"open","ping_status":"closed","template":"","meta":{"iawp_total_views":170},"product_brand":[],"product_cat":[28,15],"product_tag":[190],"class_list":{"0":"post-627","1":"product","2":"type-product","3":"status-publish","4":"has-post-thumbnail","6":"product_cat-handschuhe","7":"product_cat-unkategorisiert","8":"product_tag-b2b","10":"first","11":"instock","12":"taxable","13":"shipping-taxable","14":"product-type-variable"},"_links":{"self":[{"href":"https:\/\/sauer-shootingsportswear.de\/es\/wp-json\/wp\/v2\/product\/627","targetHints":{"allow":["GET"]}}],"collection":[{"href":"https:\/\/sauer-shootingsportswear.de\/es\/wp-json\/wp\/v2\/product"}],"about":[{"href":"https:\/\/sauer-shootingsportswear.de\/es\/wp-json\/wp\/v2\/types\/product"}],"replies":[{"embeddable":true,"href":"https:\/\/sauer-shootingsportswear.de\/es\/wp-json\/wp\/v2\/comments?post=627"}],"wp:featuredmedia":[{"embeddable":true,"href":"https:\/\/sauer-shootingsportswear.de\/es\/wp-json\/wp\/v2\/media\/21"}],"wp:attachment":[{"href":"https:\/\/sauer-shootingsportswear.de\/es\/wp-json\/wp\/v2\/media?parent=627"}],"wp:term":[{"taxonomy":"product_brand","embeddable":true,"href":"https:\/\/sauer-shootingsportswear.de\/es\/wp-json\/wp\/v2\/product_brand?post=627"},{"taxonomy":"product_cat","embeddable":true,"href":"https:\/\/sauer-shootingsportswear.de\/es\/wp-json\/wp\/v2\/product_cat?post=627"},{"taxonomy":"product_tag","embeddable":true,"href":"https:\/\/sauer-shootingsportswear.de\/es\/wp-json\/wp\/v2\/product_tag?post=627"}],"curies":[{"name":"wp","href":"https:\/\/api.w.org\/{rel}","templated":true}]}}