{"id":6312,"date":"2025-11-17T17:09:31","date_gmt":"2025-11-17T16:09:31","guid":{"rendered":"https:\/\/sauer-shootingsportswear.de\/?post_type=product&#038;p=6312"},"modified":"2026-05-16T00:00:18","modified_gmt":"2026-05-15T22:00:18","slug":"kniendrolle","status":"publish","type":"product","link":"https:\/\/sauer-shootingsportswear.de\/es\/producto\/kniendrolle\/","title":{"rendered":"Kniendrolle ungef\u00fcllt"},"content":{"rendered":"<p>Die Kniendrollen sind gef\u00fcllt oder ungef\u00fcllt erh\u00e4ltlich. Die Leinenrollen sind lediglich im Durchmesser von 15 cm lieferbar. Die Lederrollen, in Glatt- oder Veloursleder, erhalten Sie wahlweise im Durchmesser 12 oder 15 cm.<br \/>\nAls Standard-Rolle in Veloursleder, in der Farbkombination blau\/schwarz, bieten wir wahlweise die Durchmesser 12 und 15 cm an.<\/p>\n<p>Unser Angebot an Kniendrollen haben wir um die \u201eVariante Top-Grip mit Leder\u201c erweitert. Das Top-Grip-Material verleiht rund um den Korpus dieser Ausf\u00fchrung zus\u00e4tzlichen Halt und mehr Festigkeit und ist das Top-Modell der Kniendrollen.<\/p>","protected":false},"excerpt":{"rendered":"<p><a href=\"https:\/\/sauer-shootingsportswear.de\/es\/producto\/kniendrolle-gefuellt\/\">Hier gehts zur F\u00fcllung f\u00fcr die Kniendrollen.<\/a><\/p>\n<p>&nbsp;<\/p>\n<p>&nbsp;<\/p>\n<ul>\n<li>Modell &#8211; Rindnappa- oder Veloursleder (\u00d8 12 oder 15 cm), ungef\u00fcllt<\/li>\n<li>Artikel &#8211; 01.08.0.0.02.00.00<\/li>\n<li>Farbe &#8211; Wahlweise aus der Leder-Farbpalette<\/li>\n<\/ul>\n<p>&nbsp;<\/p>\n<ul>\n<li>Modell &#8211; Leinen (\u00d8 15 cm), ungef\u00fcllt<\/li>\n<li>Artikel &#8211; 01.08.0.0.03.00.00<\/li>\n<li>Farbe &#8211; Wahlweise aus der Leinen-Farbpalette<\/li>\n<\/ul>\n<p>&nbsp;<\/p>\n<ul>\n<li>Modell &#8211; Leinen-\/Leder-Mix (\u00d8 12 oder 15 cm)<\/li>\n<li>Artikel &#8211; 01.08.0.0.04.00.00<\/li>\n<li>Farbe &#8211; Wahlweise aus der Leder- und Leinenfarbpalette<\/li>\n<li>Material &#8211; Korpus 50% Leder, 50% Leinen, Seitenteile 100% Leinen<\/li>\n<\/ul>\n<p>&nbsp;<\/p>\n<ul>\n<li>Modell &#8211; Top-Grip-Leder, ungef\u00fcllt, \u00d8 12 oder 15 cm<\/li>\n<li>Artikel &#8211; 01.08.0.0.01.00.00<\/li>\n<li>Farbe &#8211; Lederfarbe wahlweise aus der Lederfarbpalette<\/li>\n<li>Material &#8211; Rindleder, Top-Grip (100 % Kautschuk)<\/li>\n<\/ul>","protected":false},"featured_media":6313,"comment_status":"open","ping_status":"closed","template":"","meta":{"iawp_total_views":57},"product_brand":[],"product_cat":[30],"product_tag":[190],"class_list":{"0":"post-6312","1":"product","2":"type-product","3":"status-publish","4":"has-post-thumbnail","6":"product_cat-zubehoehr","7":"product_tag-b2b","9":"first","10":"instock","11":"taxable","12":"shipping-taxable","13":"product-type-variable"},"_links":{"self":[{"href":"https:\/\/sauer-shootingsportswear.de\/es\/wp-json\/wp\/v2\/product\/6312","targetHints":{"allow":["GET"]}}],"collection":[{"href":"https:\/\/sauer-shootingsportswear.de\/es\/wp-json\/wp\/v2\/product"}],"about":[{"href":"https:\/\/sauer-shootingsportswear.de\/es\/wp-json\/wp\/v2\/types\/product"}],"replies":[{"embeddable":true,"href":"https:\/\/sauer-shootingsportswear.de\/es\/wp-json\/wp\/v2\/comments?post=6312"}],"wp:featuredmedia":[{"embeddable":true,"href":"https:\/\/sauer-shootingsportswear.de\/es\/wp-json\/wp\/v2\/media\/6313"}],"wp:attachment":[{"href":"https:\/\/sauer-shootingsportswear.de\/es\/wp-json\/wp\/v2\/media?parent=6312"}],"wp:term":[{"taxonomy":"product_brand","embeddable":true,"href":"https:\/\/sauer-shootingsportswear.de\/es\/wp-json\/wp\/v2\/product_brand?post=6312"},{"taxonomy":"product_cat","embeddable":true,"href":"https:\/\/sauer-shootingsportswear.de\/es\/wp-json\/wp\/v2\/product_cat?post=6312"},{"taxonomy":"product_tag","embeddable":true,"href":"https:\/\/sauer-shootingsportswear.de\/es\/wp-json\/wp\/v2\/product_tag?post=6312"}],"curies":[{"name":"wp","href":"https:\/\/api.w.org\/{rel}","templated":true}]}}