{"id":670,"date":"2024-02-16T19:30:22","date_gmt":"2024-02-16T18:30:22","guid":{"rendered":"https:\/\/sauer-shootingsportswear.de\/?post_type=product&#038;p=670"},"modified":"2026-03-30T00:08:22","modified_gmt":"2026-03-29T22:08:22","slug":"top-stretch-ii","status":"publish","type":"product","link":"https:\/\/sauer-shootingsportswear.de\/es\/producto\/top-stretch-ii\/","title":{"rendered":"TOP STRETCH II"},"content":{"rendered":"<p>Der Top-Stretch hat im Schaftbereich einen Stretch Einsatz zum besseren Anliegen des Handschuhes am Handgelenk. Handinnen- und Au\u00dfenseiten sind gro\u00dfz\u00fcgig mit hochwertigem, stabilisierendem und sehr rutschhemmenden Top-Grip-Belag ausgestattet. Er ist an der Handr\u00fcckenseite mit einem festen Kunststoffbesatz verst\u00e4rkt. Zus\u00e4tzlich befindet sich auf der Innenseite, auf H\u00f6he der Fingerwurzeln, ein Stretch Einsatz, damit beim Anwinkeln der Finger kein st\u00f6render Materialaufwurf entsteht. Der Top-Stretch ist f\u00fcr alle Anschlagsarten geeignet.<\/p>","protected":false},"excerpt":{"rendered":"<ul>\n<li>Modell &#8211; Top Stretch<\/li>\n<li>Artikel &#8211; 01.06.0.0.06.00.00<\/li>\n<li>Material &#8211; Obermaterial: 100% Leder, Bes\u00e4tze 100% Kautschuk, Innenfutter: 34% Wolle, 33% Viscose, 33% Polyacryl<\/li>\n<li>Farbe &#8211; blau<\/li>\n<li>Gr\u00f6\u00dfe &#8211; XXS, XS, S, M, L, XL<\/li>\n<\/ul>","protected":false},"featured_media":23,"comment_status":"open","ping_status":"closed","template":"","meta":{"iawp_total_views":46},"product_brand":[],"product_cat":[28,15],"product_tag":[190],"class_list":{"0":"post-670","1":"product","2":"type-product","3":"status-publish","4":"has-post-thumbnail","6":"product_cat-handschuhe","7":"product_cat-unkategorisiert","8":"product_tag-b2b","10":"first","11":"instock","12":"taxable","13":"shipping-taxable","14":"product-type-variable"},"_links":{"self":[{"href":"https:\/\/sauer-shootingsportswear.de\/es\/wp-json\/wp\/v2\/product\/670","targetHints":{"allow":["GET"]}}],"collection":[{"href":"https:\/\/sauer-shootingsportswear.de\/es\/wp-json\/wp\/v2\/product"}],"about":[{"href":"https:\/\/sauer-shootingsportswear.de\/es\/wp-json\/wp\/v2\/types\/product"}],"replies":[{"embeddable":true,"href":"https:\/\/sauer-shootingsportswear.de\/es\/wp-json\/wp\/v2\/comments?post=670"}],"wp:featuredmedia":[{"embeddable":true,"href":"https:\/\/sauer-shootingsportswear.de\/es\/wp-json\/wp\/v2\/media\/23"}],"wp:attachment":[{"href":"https:\/\/sauer-shootingsportswear.de\/es\/wp-json\/wp\/v2\/media?parent=670"}],"wp:term":[{"taxonomy":"product_brand","embeddable":true,"href":"https:\/\/sauer-shootingsportswear.de\/es\/wp-json\/wp\/v2\/product_brand?post=670"},{"taxonomy":"product_cat","embeddable":true,"href":"https:\/\/sauer-shootingsportswear.de\/es\/wp-json\/wp\/v2\/product_cat?post=670"},{"taxonomy":"product_tag","embeddable":true,"href":"https:\/\/sauer-shootingsportswear.de\/es\/wp-json\/wp\/v2\/product_tag?post=670"}],"curies":[{"name":"wp","href":"https:\/\/api.w.org\/{rel}","templated":true}]}}