{"id":686,"date":"2024-02-16T19:33:42","date_gmt":"2024-02-16T18:33:42","guid":{"rendered":"https:\/\/sauer-shootingsportswear.de\/?post_type=product&#038;p=686"},"modified":"2026-03-30T00:07:55","modified_gmt":"2026-03-29T22:07:55","slug":"spezial-liegend","status":"publish","type":"product","link":"https:\/\/sauer-shootingsportswear.de\/es\/producto\/spezial-liegend\/","title":{"rendered":"ESPECIAL RECOSTADO"},"content":{"rendered":"<p>Dieser Spezial-Handschuh f\u00fcr das Kniend- und Liegendschie\u00dfen ist ein Klassiker aus dem Sauer Programm. Durch den Verzicht auf einen Besatz, ist die Innenpolsterung verst\u00e4rkt. Daher besitzt er sehr gute Polster\u00adeigenschaften. Das Stretchband am Schaft l\u00e4sst ihn eng am Unterarm anliegen. Bekannt und beliebt ist er schon seit vielen Jahren bei den Liegend- und Kniendsch\u00fctzen.<\/p>","protected":false},"excerpt":{"rendered":"<ul>\n<li>Modell &#8211; Spezial-Liegend<\/li>\n<li>Artikel &#8211; 01.06.0.0.05.00.00<\/li>\n<li>Material &#8211; 100% Ziegenleder. Innenfutter 100% PA<\/li>\n<li>Farbe &#8211; schwarz<\/li>\n<li>Gr\u00f6\u00dfe &#8211; S, M, L<\/li>\n<\/ul>","protected":false},"featured_media":24,"comment_status":"open","ping_status":"closed","template":"","meta":{"iawp_total_views":68},"product_brand":[],"product_cat":[28,15],"product_tag":[190],"class_list":{"0":"post-686","1":"product","2":"type-product","3":"status-publish","4":"has-post-thumbnail","6":"product_cat-handschuhe","7":"product_cat-unkategorisiert","8":"product_tag-b2b","10":"first","11":"instock","12":"taxable","13":"shipping-taxable","14":"product-type-variable"},"_links":{"self":[{"href":"https:\/\/sauer-shootingsportswear.de\/es\/wp-json\/wp\/v2\/product\/686","targetHints":{"allow":["GET"]}}],"collection":[{"href":"https:\/\/sauer-shootingsportswear.de\/es\/wp-json\/wp\/v2\/product"}],"about":[{"href":"https:\/\/sauer-shootingsportswear.de\/es\/wp-json\/wp\/v2\/types\/product"}],"replies":[{"embeddable":true,"href":"https:\/\/sauer-shootingsportswear.de\/es\/wp-json\/wp\/v2\/comments?post=686"}],"wp:featuredmedia":[{"embeddable":true,"href":"https:\/\/sauer-shootingsportswear.de\/es\/wp-json\/wp\/v2\/media\/24"}],"wp:attachment":[{"href":"https:\/\/sauer-shootingsportswear.de\/es\/wp-json\/wp\/v2\/media?parent=686"}],"wp:term":[{"taxonomy":"product_brand","embeddable":true,"href":"https:\/\/sauer-shootingsportswear.de\/es\/wp-json\/wp\/v2\/product_brand?post=686"},{"taxonomy":"product_cat","embeddable":true,"href":"https:\/\/sauer-shootingsportswear.de\/es\/wp-json\/wp\/v2\/product_cat?post=686"},{"taxonomy":"product_tag","embeddable":true,"href":"https:\/\/sauer-shootingsportswear.de\/es\/wp-json\/wp\/v2\/product_tag?post=686"}],"curies":[{"name":"wp","href":"https:\/\/api.w.org\/{rel}","templated":true}]}}