{"id":698,"date":"2024-02-16T19:37:30","date_gmt":"2024-02-16T18:37:30","guid":{"rendered":"https:\/\/sauer-shootingsportswear.de\/?post_type=product&#038;p=698"},"modified":"2026-03-31T15:53:12","modified_gmt":"2026-03-31T13:53:12","slug":"basic","status":"publish","type":"product","link":"https:\/\/sauer-shootingsportswear.de\/es\/producto\/basic\/","title":{"rendered":"BASIC"},"content":{"rendered":"<div id=\"c6480\" class=\"frame frame-default frame-type-text frame-layout-0\">\n<p>Der Schie\u00dfriemen Standard ist der zweckm\u00e4\u00dfige Einsteiger \u2013 und Vereinsschie\u00dfriemen. Die Armschlaufe ist innen mit hochwertigem Top Grip besetzt und gew\u00e4hrte dadurch einen guten Halt im Anschlag. Die Armschlaufenweite wird mittels eines Metallhakens fixiert. Der Riemen wird einfach an eine an der Schie\u00dfjacke befindliche Armschlaufe befestigt oder in einen Haken eingeh\u00e4ngt. Der flexible, aber verzugsfeste Kunststoff mit Doppeldornlochung ist besonders bei Kindern und Jugendlichen in der L\u00e4ngeneinstellung optimal kurz einzustellen. Dieser Schie\u00dfriemen wird in Rechts- oder Linksausf\u00fchrung angeboten.<\/p>\n<\/div>\n<div id=\"c6487\" class=\"frame frame-default frame-type-image frame-layout-0 frame-space-before-small\">\n<div class=\"ce-image ce-left ce-above\">\n<div class=\"ce-gallery\" data-ce-columns=\"1\" data-ce-images=\"1\">\n<div class=\"ce-row\">\n<div class=\"ce-column\"><\/div>\n<\/div>\n<\/div>\n<\/div>\n<\/div>","protected":false},"excerpt":{"rendered":"<ul>\n<li>Modell &#8211; Basic<\/li>\n<li>Artikel &#8211; 01.07.0.0.03.00.01<\/li>\n<li>Material &#8211; Schwarzer flexibler Kunststoff mit Gewebeeinlage<\/li>\n<li>Farbe &#8211; schwarz<\/li>\n<\/ul>","protected":false},"featured_media":32,"comment_status":"open","ping_status":"closed","template":"","meta":{"iawp_total_views":46},"product_brand":[],"product_cat":[29,15],"product_tag":[190],"class_list":{"0":"post-698","1":"product","2":"type-product","3":"status-publish","4":"has-post-thumbnail","6":"product_cat-schiessriemen","7":"product_cat-unkategorisiert","8":"product_tag-b2b","10":"first","11":"instock","12":"taxable","13":"shipping-taxable","14":"product-type-variable"},"_links":{"self":[{"href":"https:\/\/sauer-shootingsportswear.de\/es\/wp-json\/wp\/v2\/product\/698","targetHints":{"allow":["GET"]}}],"collection":[{"href":"https:\/\/sauer-shootingsportswear.de\/es\/wp-json\/wp\/v2\/product"}],"about":[{"href":"https:\/\/sauer-shootingsportswear.de\/es\/wp-json\/wp\/v2\/types\/product"}],"replies":[{"embeddable":true,"href":"https:\/\/sauer-shootingsportswear.de\/es\/wp-json\/wp\/v2\/comments?post=698"}],"wp:featuredmedia":[{"embeddable":true,"href":"https:\/\/sauer-shootingsportswear.de\/es\/wp-json\/wp\/v2\/media\/32"}],"wp:attachment":[{"href":"https:\/\/sauer-shootingsportswear.de\/es\/wp-json\/wp\/v2\/media?parent=698"}],"wp:term":[{"taxonomy":"product_brand","embeddable":true,"href":"https:\/\/sauer-shootingsportswear.de\/es\/wp-json\/wp\/v2\/product_brand?post=698"},{"taxonomy":"product_cat","embeddable":true,"href":"https:\/\/sauer-shootingsportswear.de\/es\/wp-json\/wp\/v2\/product_cat?post=698"},{"taxonomy":"product_tag","embeddable":true,"href":"https:\/\/sauer-shootingsportswear.de\/es\/wp-json\/wp\/v2\/product_tag?post=698"}],"curies":[{"name":"wp","href":"https:\/\/api.w.org\/{rel}","templated":true}]}}