{"id":716,"date":"2024-02-16T20:53:25","date_gmt":"2024-02-16T19:53:25","guid":{"rendered":"https:\/\/sauer-shootingsportswear.de\/?post_type=product&#038;p=716"},"modified":"2026-02-23T15:00:15","modified_gmt":"2026-02-23T14:00:15","slug":"gluecksschwein-hanny","status":"publish","type":"product","link":"https:\/\/sauer-shootingsportswear.de\/es\/producto\/gluecksschwein-hanny\/","title":{"rendered":"Cerdito de la suerte \u00abHANNY\u00bb"},"content":{"rendered":"<div id=\"c6664\" class=\"frame frame-default frame-type-text frame-layout-0\">\n<p class=\"text-center\">Ausgestattet mit der Performance Jacke, ist sie der optimale Gl\u00fccksbringer beim Wettbewerb, Training oder f\u00fcr alle anderen Bereiche bei denen man etwas Gl\u00fcck ben\u00f6tigt.<br \/>\nHanny\u00b4s Jacke kann farblich selbst gestaltet werden, diese wird in Handarbeit mit den original \u201ePerformance\u201c Materialien gefertigt. \u00a0Auf Wunsch n\u00e4hen wir auch ein zur Verf\u00fcgung gestelltes Vereinswappen oder\u00a0\u00e4hnliches auf.<\/p>\n<\/div>\n<div id=\"c6665\" class=\"frame frame-default frame-type-fluidcontent_content frame-layout-0\">\n<div class=\"tabview-kontakt\">\n<div id=\"Hanny\" class=\"tabcontent\">\n<div id=\"c6690\" class=\"frame frame-default frame-type-image frame-layout-0\">\n<div class=\"ce-image ce-center ce-above\">\n<div class=\"ce-gallery\" data-ce-columns=\"1\" data-ce-images=\"1\">\n<div class=\"ce-outer\">\n<div class=\"ce-inner\">\n<div class=\"ce-row\">\n<div class=\"ce-column\"><\/div>\n<\/div>\n<\/div>\n<\/div>\n<\/div>\n<\/div>\n<\/div>\n<\/div>\n<\/div>\n<\/div>","protected":false},"excerpt":{"rendered":"<ul>\n<li>Modell &#8211; Gl\u00fccksschwein Hanny<\/li>\n<li>Artikel &#8211; 01.10.0.0.14.00.00<\/li>\n<li>Material &#8211; Material Schwein: Obermaterial: 100 % Polyester ; F\u00fcllung: Polyesterfasern \/ Jacke: Obermaterial: 80 % SA-Tec (Polyester), 5 % Baumwolle, 15 % Rindleder Innenfutter: 85,2 % Sa-Tec (Polyester), 14,8 % Baumwolle<\/li>\n<li>Farbe &#8211; Polyester wei\u00df, Leder, Leinen und Stretchgewebe wahlweise aus der Farbpalette<\/li>\n<li>Gr\u00f6\u00dfe &#8211; One Size<\/li>\n<\/ul>","protected":false},"featured_media":714,"comment_status":"open","ping_status":"closed","template":"","meta":{"iawp_total_views":135},"product_brand":[],"product_cat":[30],"product_tag":[190],"class_list":{"0":"post-716","1":"product","2":"type-product","3":"status-publish","4":"has-post-thumbnail","6":"product_cat-zubehoehr","7":"product_tag-b2b","9":"first","10":"instock","11":"taxable","12":"shipping-taxable","13":"product-type-simple"},"_links":{"self":[{"href":"https:\/\/sauer-shootingsportswear.de\/es\/wp-json\/wp\/v2\/product\/716","targetHints":{"allow":["GET"]}}],"collection":[{"href":"https:\/\/sauer-shootingsportswear.de\/es\/wp-json\/wp\/v2\/product"}],"about":[{"href":"https:\/\/sauer-shootingsportswear.de\/es\/wp-json\/wp\/v2\/types\/product"}],"replies":[{"embeddable":true,"href":"https:\/\/sauer-shootingsportswear.de\/es\/wp-json\/wp\/v2\/comments?post=716"}],"wp:featuredmedia":[{"embeddable":true,"href":"https:\/\/sauer-shootingsportswear.de\/es\/wp-json\/wp\/v2\/media\/714"}],"wp:attachment":[{"href":"https:\/\/sauer-shootingsportswear.de\/es\/wp-json\/wp\/v2\/media?parent=716"}],"wp:term":[{"taxonomy":"product_brand","embeddable":true,"href":"https:\/\/sauer-shootingsportswear.de\/es\/wp-json\/wp\/v2\/product_brand?post=716"},{"taxonomy":"product_cat","embeddable":true,"href":"https:\/\/sauer-shootingsportswear.de\/es\/wp-json\/wp\/v2\/product_cat?post=716"},{"taxonomy":"product_tag","embeddable":true,"href":"https:\/\/sauer-shootingsportswear.de\/es\/wp-json\/wp\/v2\/product_tag?post=716"}],"curies":[{"name":"wp","href":"https:\/\/api.w.org\/{rel}","templated":true}]}}