{"id":719,"date":"2025-12-16T20:50:15","date_gmt":"2025-12-16T19:50:15","guid":{"rendered":"https:\/\/sauer-shootingsportswear.de\/?post_type=product&#038;p=719"},"modified":"2026-03-31T15:50:12","modified_gmt":"2026-03-31T13:50:12","slug":"knopfloeffel","status":"publish","type":"product","link":"https:\/\/sauer-shootingsportswear.de\/es\/producto\/knopfloeffel\/","title":{"rendered":"Cuchara con bot\u00f3n"},"content":{"rendered":"<p>Der von Sauer entwickelte Knopfl\u00f6ffel (DGBM) erleichtert das schwierige Schlie\u00dfen von Kn\u00f6pfen an Jacken und Hosen. Hierzu wird der Knopfl\u00f6ffel durch das Knopfloch gef\u00fchrt, danach wird der Knopf mittels der Einkerbung eingehakt und mit einer Drehung gegen den Uhrzeigersinn schl\u00fcpft der Knopf einfach durch das Knopfloch.<\/p>","protected":false},"excerpt":{"rendered":"<ul>\n<li>Modell &#8211; Knopfl\u00f6ffel<\/li>\n<li>Artikel &#8211; 01.10.0.0.01.00.00<\/li>\n<li>Material &#8211; Metall<\/li>\n<\/ul>","protected":false},"featured_media":710,"comment_status":"open","ping_status":"closed","template":"","meta":{"iawp_total_views":294},"product_brand":[],"product_cat":[30],"product_tag":[190],"class_list":{"0":"post-719","1":"product","2":"type-product","3":"status-publish","4":"has-post-thumbnail","6":"product_cat-zubehoehr","7":"product_tag-b2b","8":"product_shipping_class-frei-haus","10":"first","11":"instock","12":"virtual","13":"taxable","14":"product-type-simple"},"_links":{"self":[{"href":"https:\/\/sauer-shootingsportswear.de\/es\/wp-json\/wp\/v2\/product\/719","targetHints":{"allow":["GET"]}}],"collection":[{"href":"https:\/\/sauer-shootingsportswear.de\/es\/wp-json\/wp\/v2\/product"}],"about":[{"href":"https:\/\/sauer-shootingsportswear.de\/es\/wp-json\/wp\/v2\/types\/product"}],"replies":[{"embeddable":true,"href":"https:\/\/sauer-shootingsportswear.de\/es\/wp-json\/wp\/v2\/comments?post=719"}],"wp:featuredmedia":[{"embeddable":true,"href":"https:\/\/sauer-shootingsportswear.de\/es\/wp-json\/wp\/v2\/media\/710"}],"wp:attachment":[{"href":"https:\/\/sauer-shootingsportswear.de\/es\/wp-json\/wp\/v2\/media?parent=719"}],"wp:term":[{"taxonomy":"product_brand","embeddable":true,"href":"https:\/\/sauer-shootingsportswear.de\/es\/wp-json\/wp\/v2\/product_brand?post=719"},{"taxonomy":"product_cat","embeddable":true,"href":"https:\/\/sauer-shootingsportswear.de\/es\/wp-json\/wp\/v2\/product_cat?post=719"},{"taxonomy":"product_tag","embeddable":true,"href":"https:\/\/sauer-shootingsportswear.de\/es\/wp-json\/wp\/v2\/product_tag?post=719"}],"curies":[{"name":"wp","href":"https:\/\/api.w.org\/{rel}","templated":true}]}}