{"id":732,"date":"2024-02-16T19:55:09","date_gmt":"2024-02-16T18:55:09","guid":{"rendered":"https:\/\/sauer-shootingsportswear.de\/?post_type=product&#038;p=732"},"modified":"2026-03-31T16:00:51","modified_gmt":"2026-03-31T14:00:51","slug":"pistolen-ablage","status":"publish","type":"product","link":"https:\/\/sauer-shootingsportswear.de\/es\/producto\/pistolen-ablage\/","title":{"rendered":"Apoyo para pistola"},"content":{"rendered":"<p>Wohin mit der Pistole vor und zwischen den Anschl\u00e4gen?<br \/>\nBisher hatte jeder Pistolensch\u00fctze seine eigene L\u00f6sung f\u00fcr dieses Problem gefunden. Erschwerend kommt hinzu, dass die Ablagem\u00f6glichkeiten an den Schie\u00dfst\u00e4nden unterschiedlich hoch sind, was einem \u201eautomatisierten Bewegungsablauf\u201c beim Pistolenschie\u00dfen hinderlich ist. Bei der Firma Sauer hat man diesen wenig befriedigenden Zustand erkannt und eine L\u00f6sung daf\u00fcr entwickelt: eine Pistolen-Ablage (DBGM angemeldet). Wie bei fast allen guten L\u00f6sungen \u00fcblich, besticht auch diese durch ihre Einfachheit. Ein entsprechendes Formteil aus Hartschaum, mit Nylonh\u00fclle \u00fcberzogen, dient als St\u00fctze f\u00fcr die Pistole und gleichzeitig als Handauflage f\u00fcr den Sch\u00fctzen. Mit zus\u00e4tzlichen Erh\u00f6hungsmodulen, aus den gleichen Materialien gefertigt, kann der Pistolensch\u00fctze die H\u00f6he der Ablage individuell an seine Gr\u00f6\u00dfe oder die Ablageh\u00f6he am Schie\u00dfstand anpassen. Richtig angewendet, dient die Sauer Pistolen-Ablage dem Sportsch\u00fctzen zur besseren Entspannung in der Ruhehaltung und zu einem optimierten Bewegungsablauf bei der Aus\u00fcbung seines Sports.<\/p>","protected":false},"excerpt":{"rendered":"<ul>\n<li>Modell &#8211; Pistolen-Ablage<\/li>\n<li>Artikel &#8211; 01.10.0.0.10.00.00<\/li>\n<li>Material &#8211; 100% Baumwolle, F\u00fcllung Hartschaum<\/li>\n<\/ul>","protected":false},"featured_media":6129,"comment_status":"open","ping_status":"closed","template":"","meta":{"iawp_total_views":76},"product_brand":[],"product_cat":[30],"product_tag":[190],"class_list":{"0":"post-732","1":"product","2":"type-product","3":"status-publish","4":"has-post-thumbnail","6":"product_cat-zubehoehr","7":"product_tag-b2b","9":"first","10":"instock","11":"taxable","12":"shipping-taxable","13":"product-type-simple"},"_links":{"self":[{"href":"https:\/\/sauer-shootingsportswear.de\/es\/wp-json\/wp\/v2\/product\/732","targetHints":{"allow":["GET"]}}],"collection":[{"href":"https:\/\/sauer-shootingsportswear.de\/es\/wp-json\/wp\/v2\/product"}],"about":[{"href":"https:\/\/sauer-shootingsportswear.de\/es\/wp-json\/wp\/v2\/types\/product"}],"replies":[{"embeddable":true,"href":"https:\/\/sauer-shootingsportswear.de\/es\/wp-json\/wp\/v2\/comments?post=732"}],"wp:featuredmedia":[{"embeddable":true,"href":"https:\/\/sauer-shootingsportswear.de\/es\/wp-json\/wp\/v2\/media\/6129"}],"wp:attachment":[{"href":"https:\/\/sauer-shootingsportswear.de\/es\/wp-json\/wp\/v2\/media?parent=732"}],"wp:term":[{"taxonomy":"product_brand","embeddable":true,"href":"https:\/\/sauer-shootingsportswear.de\/es\/wp-json\/wp\/v2\/product_brand?post=732"},{"taxonomy":"product_cat","embeddable":true,"href":"https:\/\/sauer-shootingsportswear.de\/es\/wp-json\/wp\/v2\/product_cat?post=732"},{"taxonomy":"product_tag","embeddable":true,"href":"https:\/\/sauer-shootingsportswear.de\/es\/wp-json\/wp\/v2\/product_tag?post=732"}],"curies":[{"name":"wp","href":"https:\/\/api.w.org\/{rel}","templated":true}]}}