{"id":746,"date":"2024-02-16T19:58:58","date_gmt":"2024-02-16T18:58:58","guid":{"rendered":"https:\/\/sauer-shootingsportswear.de\/?post_type=product&#038;p=746"},"modified":"2026-02-23T15:03:50","modified_gmt":"2026-02-23T14:03:50","slug":"sauer-visor","status":"publish","type":"product","link":"https:\/\/sauer-shootingsportswear.de\/es\/producto\/sauer-visor\/","title":{"rendered":"Visera Sauer"},"content":{"rendered":"<p>Der Sauer Visor aus Neopren ist formstabil und die einfachste M\u00f6glichkeit f\u00fcr den Sportsch\u00fctzen, sich vor Streulicht oder sonstigen Blendeinwirkungen zu sch\u00fctzen.\u00a0Durch den Klettverschluss l\u00e4sst sich der Visor individuell an jede Kopfgr\u00f6\u00dfe anpassen.<\/p>","protected":false},"excerpt":{"rendered":"<ul>\n<li>Modell &#8211; Visor<\/li>\n<li>Artikel &#8211; 01.10.0.0.09.00.00<\/li>\n<li>Material &#8211; 100% PU<\/li>\n<li>Farbe &#8211; schwarz, blau, rot, pink, rosa<\/li>\n<\/ul>","protected":false},"featured_media":704,"comment_status":"open","ping_status":"closed","template":"","meta":{"iawp_total_views":145},"product_brand":[],"product_cat":[24,30],"product_tag":[190],"class_list":{"0":"post-746","1":"product","2":"type-product","3":"status-publish","4":"has-post-thumbnail","6":"product_cat-schiesshosen","7":"product_cat-zubehoehr","8":"product_tag-b2b","10":"first","11":"instock","12":"taxable","13":"shipping-taxable","14":"product-type-variable"},"_links":{"self":[{"href":"https:\/\/sauer-shootingsportswear.de\/es\/wp-json\/wp\/v2\/product\/746","targetHints":{"allow":["GET"]}}],"collection":[{"href":"https:\/\/sauer-shootingsportswear.de\/es\/wp-json\/wp\/v2\/product"}],"about":[{"href":"https:\/\/sauer-shootingsportswear.de\/es\/wp-json\/wp\/v2\/types\/product"}],"replies":[{"embeddable":true,"href":"https:\/\/sauer-shootingsportswear.de\/es\/wp-json\/wp\/v2\/comments?post=746"}],"wp:featuredmedia":[{"embeddable":true,"href":"https:\/\/sauer-shootingsportswear.de\/es\/wp-json\/wp\/v2\/media\/704"}],"wp:attachment":[{"href":"https:\/\/sauer-shootingsportswear.de\/es\/wp-json\/wp\/v2\/media?parent=746"}],"wp:term":[{"taxonomy":"product_brand","embeddable":true,"href":"https:\/\/sauer-shootingsportswear.de\/es\/wp-json\/wp\/v2\/product_brand?post=746"},{"taxonomy":"product_cat","embeddable":true,"href":"https:\/\/sauer-shootingsportswear.de\/es\/wp-json\/wp\/v2\/product_cat?post=746"},{"taxonomy":"product_tag","embeddable":true,"href":"https:\/\/sauer-shootingsportswear.de\/es\/wp-json\/wp\/v2\/product_tag?post=746"}],"curies":[{"name":"wp","href":"https:\/\/api.w.org\/{rel}","templated":true}]}}