{"id":752,"date":"2024-02-16T20:00:12","date_gmt":"2024-02-16T19:00:12","guid":{"rendered":"https:\/\/sauer-shootingsportswear.de\/?post_type=product&#038;p=752"},"modified":"2026-02-23T15:02:37","modified_gmt":"2026-02-23T14:02:37","slug":"gesaesspolster","status":"publish","type":"product","link":"https:\/\/sauer-shootingsportswear.de\/es\/producto\/gesaesspolster\/","title":{"rendered":"Almohadilla Sead"},"content":{"rendered":"<p>Das Ges\u00e4\u00dfpolster aus Top-Grip-Gummibelag, gefu\u0308llt mit PUR-Schaum, dient dem Kniendschu\u0308tzen als Polsterung zwischen Schuhabsatz und Ges\u00e4\u00df oder als zus\u00e4tzliches Kniepolster.<\/p>","protected":false},"excerpt":{"rendered":"<ul>\n<li>Modell &#8211; Ges\u00e4\u00dfpolster<\/li>\n<li>Artikel &#8211; 01.02.0.0.99.00.00<\/li>\n<li>Material &#8211; 100% Kautschuk \/ Fu\u0308llung: PUR-Schaum<\/li>\n<li>Gr\u00f6\u00dfe &#8211; ca. 150 x 190 x 10 mm<\/li>\n<\/ul>","protected":false},"featured_media":702,"comment_status":"open","ping_status":"closed","template":"","meta":{"iawp_total_views":25},"product_brand":[],"product_cat":[30],"product_tag":[190],"class_list":{"0":"post-752","1":"product","2":"type-product","3":"status-publish","4":"has-post-thumbnail","6":"product_cat-zubehoehr","7":"product_tag-b2b","9":"first","10":"instock","11":"taxable","12":"shipping-taxable","13":"product-type-simple"},"_links":{"self":[{"href":"https:\/\/sauer-shootingsportswear.de\/es\/wp-json\/wp\/v2\/product\/752","targetHints":{"allow":["GET"]}}],"collection":[{"href":"https:\/\/sauer-shootingsportswear.de\/es\/wp-json\/wp\/v2\/product"}],"about":[{"href":"https:\/\/sauer-shootingsportswear.de\/es\/wp-json\/wp\/v2\/types\/product"}],"replies":[{"embeddable":true,"href":"https:\/\/sauer-shootingsportswear.de\/es\/wp-json\/wp\/v2\/comments?post=752"}],"wp:featuredmedia":[{"embeddable":true,"href":"https:\/\/sauer-shootingsportswear.de\/es\/wp-json\/wp\/v2\/media\/702"}],"wp:attachment":[{"href":"https:\/\/sauer-shootingsportswear.de\/es\/wp-json\/wp\/v2\/media?parent=752"}],"wp:term":[{"taxonomy":"product_brand","embeddable":true,"href":"https:\/\/sauer-shootingsportswear.de\/es\/wp-json\/wp\/v2\/product_brand?post=752"},{"taxonomy":"product_cat","embeddable":true,"href":"https:\/\/sauer-shootingsportswear.de\/es\/wp-json\/wp\/v2\/product_cat?post=752"},{"taxonomy":"product_tag","embeddable":true,"href":"https:\/\/sauer-shootingsportswear.de\/es\/wp-json\/wp\/v2\/product_tag?post=752"}],"curies":[{"name":"wp","href":"https:\/\/api.w.org\/{rel}","templated":true}]}}