{"id":103,"date":"2024-03-07T17:57:49","date_gmt":"2024-03-07T16:57:49","guid":{"rendered":"https:\/\/sauer-shootingsportswear.de\/?post_type=product&#038;p=103"},"modified":"2026-03-30T00:07:04","modified_gmt":"2026-03-29T22:07:04","slug":"thermo-weste-aermellos","status":"publish","type":"product","link":"https:\/\/sauer-shootingsportswear.de\/fr\/produit\/thermo-weste-aermellos\/","title":{"rendered":"GILET THERMIQUE SANS MANCHES"},"content":{"rendered":"<div id=\"c682\" class=\"frame frame-default frame-type-text frame-layout-0\">\n<p>Entsprechend der Thermo-Weste gibt es auch eine Thermo-Weste \u00e4rmellos aus Polartec-Material . Diese ist in Materialzusammensetzung und Verarbeitung identisch gleich der Thermo-Weste. Sie ist ebenfalls mit einem durchgehenden 2-Wege Rei\u00dfverschluss ausgestattet.\u00a0 Durch ihre hohe Atmungsaktivit\u00e4t eignet sich die Weste hervorragend f\u00fcr alle Anschlagarten, wobei diese dann auch \u00fcber das Technical Shirt getragen wird. Hierdurch erfolgt eine bessere Abpolsterung und zus\u00e4tzliche Stabilit\u00e4t im Rumpfbereich. Das Armgef\u00fchl f\u00fcr die beste Anschlagposition bleibt uneingeschr\u00e4nkt erhalten.<\/p>\n<p>Auch Pistolensch\u00fctzen sch\u00e4tzen die Kombination von Technical Shirt und Thermo-Weste.<\/p>\n<p>Thermo-Funktionskleidung k\u00f6nnen direkt auf der Haut, sowohl als auch in Verbindung \u00fcber die Technical Underwear problemlos getragen werden, da die vorgeschriebene Richtlinie betreffend der \u201eDicke\u201c der Unterbekleidung eingehalten wird.<\/p>\n<\/div>\n<div id=\"c3576\" class=\"frame frame-default frame-type-fluidcontent_content frame-layout-0\">\n<div class=\"sgIcons row\"><\/div>\n<\/div>","protected":false},"excerpt":{"rendered":"<ul>\n<li>Modell &#8211; Thermo Weste, Damen<\/li>\n<li>Artikel &#8211; 01.04.2.0.05.00.00<\/li>\n<li>Material &#8211; 51% Polyester, 38% Polyamid, 11% Spandex<\/li>\n<li>Farbe &#8211; schwarz<\/li>\n<li>Gr\u00f6\u00dfe &#8211; XS, S, M, L, XL<\/li>\n<\/ul>\n<p>&nbsp;<\/p>\n<ul>\n<li>Modell &#8211; Thermo Weste, Herren<\/li>\n<li>Artikel &#8211; 01.04.1.0.05.00.00<\/li>\n<li>Material &#8211; 51% Polyester, 38% Polyamid, 11% Spandex<\/li>\n<li>Farbe &#8211; schwarz<\/li>\n<li>Gr\u00f6\u00dfe &#8211; S, M, L, XL, XXL<\/li>\n<\/ul>","protected":false},"featured_media":116,"comment_status":"open","ping_status":"closed","template":"","meta":{"iawp_total_views":176},"product_brand":[],"product_cat":[26,15],"product_tag":[190],"class_list":{"0":"post-103","1":"product","2":"type-product","3":"status-publish","4":"has-post-thumbnail","6":"product_cat-funktions-kleidung","7":"product_cat-unkategorisiert","8":"product_tag-b2b","10":"first","11":"instock","12":"taxable","13":"shipping-taxable","14":"product-type-variable"},"_links":{"self":[{"href":"https:\/\/sauer-shootingsportswear.de\/fr\/wp-json\/wp\/v2\/product\/103","targetHints":{"allow":["GET"]}}],"collection":[{"href":"https:\/\/sauer-shootingsportswear.de\/fr\/wp-json\/wp\/v2\/product"}],"about":[{"href":"https:\/\/sauer-shootingsportswear.de\/fr\/wp-json\/wp\/v2\/types\/product"}],"replies":[{"embeddable":true,"href":"https:\/\/sauer-shootingsportswear.de\/fr\/wp-json\/wp\/v2\/comments?post=103"}],"wp:featuredmedia":[{"embeddable":true,"href":"https:\/\/sauer-shootingsportswear.de\/fr\/wp-json\/wp\/v2\/media\/116"}],"wp:attachment":[{"href":"https:\/\/sauer-shootingsportswear.de\/fr\/wp-json\/wp\/v2\/media?parent=103"}],"wp:term":[{"taxonomy":"product_brand","embeddable":true,"href":"https:\/\/sauer-shootingsportswear.de\/fr\/wp-json\/wp\/v2\/product_brand?post=103"},{"taxonomy":"product_cat","embeddable":true,"href":"https:\/\/sauer-shootingsportswear.de\/fr\/wp-json\/wp\/v2\/product_cat?post=103"},{"taxonomy":"product_tag","embeddable":true,"href":"https:\/\/sauer-shootingsportswear.de\/fr\/wp-json\/wp\/v2\/product_tag?post=103"}],"curies":[{"name":"wp","href":"https:\/\/api.w.org\/{rel}","templated":true}]}}