{"id":1416,"date":"2024-03-13T20:20:31","date_gmt":"2024-03-13T19:20:31","guid":{"rendered":"https:\/\/sauer-shootingsportswear.de\/?post_type=product&#038;p=1416"},"modified":"2025-11-13T14:08:35","modified_gmt":"2025-11-13T13:08:35","slug":"advantage-extra-semi","status":"publish","type":"product","link":"https:\/\/sauer-shootingsportswear.de\/fr\/produit\/advantage-extra-semi\/","title":{"rendered":"Advantage Extra Semi"},"content":{"rendered":"<p>Die bew\u00e4hrte und bei Sportsch\u00fctzen gesch\u00e4tzte Schie\u00dfsportjacke \u201eAdvantage Extra\u201c, das Topmodell von Sauer, gibt es auch als \u201eAdvantage Extra Semi\u201c. Sie ist im Frontbereich aus hochwertigem Doppelleinen gefertigt und hat zus\u00e4tzlich einen Veloursledereinsatz auf der St\u00fctzarmseite um sicheren Halt in der Anschlagposition zu gew\u00e4hren. Im R\u00fcckenbereich besteht diese Jacke, wie das Modell \u201eAdvantage Extra\u201c, aus einem \u00e4u\u00dferst formstabilen und verzugsfesten Kautschukmaterial.<br \/>\nEs bietet dem Sch\u00fctzen hohe Stabilit\u00e4t in jeder Anschlagposition.<\/p>","protected":false},"excerpt":{"rendered":"<ul>\n<li>Modell &#8211; Advantage Extra Semi (DBGM202006009552.7)<\/li>\n<li>Artikel &#8211; 01.01.0.0.07.00.00<\/li>\n<li>Material &#8211; 68,7 % Baumwolle, 16 % Rindleder, 15,1 % Kautschuk, 0,2 % Polyester. Innenfutter 100 % Baumwolle. Armbes\u00e4tze Top-Grip (100% Kautschuk)<\/li>\n<li>Farbe &#8211; Leder und Leinen und Strechgewebe wahlweise aus der Farbpalette. Kautschuk in blau (glatte Oberfl\u00e4che) oder beige Gewebeoberfl\u00e4che<\/li>\n<li>Gr\u00f6\u00dfe &#8211; G\u00e4ngige Konfektionsgr\u00f6\u00dfen. Damen 36-46, Herren 46-60 u. 88-102 Gegen Aufpreis Ma\u00dfanfertigung<\/li>\n<\/ul>","protected":false},"featured_media":2469,"comment_status":"open","ping_status":"closed","template":"","meta":{"iawp_total_views":481},"product_brand":[],"product_cat":[23],"product_tag":[],"class_list":{"0":"post-1416","1":"product","2":"type-product","3":"status-publish","4":"has-post-thumbnail","6":"product_cat-schiessjacken","8":"first","9":"instock","10":"taxable","11":"shipping-taxable","12":"purchasable","13":"product-type-variable"},"_links":{"self":[{"href":"https:\/\/sauer-shootingsportswear.de\/fr\/wp-json\/wp\/v2\/product\/1416","targetHints":{"allow":["GET"]}}],"collection":[{"href":"https:\/\/sauer-shootingsportswear.de\/fr\/wp-json\/wp\/v2\/product"}],"about":[{"href":"https:\/\/sauer-shootingsportswear.de\/fr\/wp-json\/wp\/v2\/types\/product"}],"replies":[{"embeddable":true,"href":"https:\/\/sauer-shootingsportswear.de\/fr\/wp-json\/wp\/v2\/comments?post=1416"}],"wp:featuredmedia":[{"embeddable":true,"href":"https:\/\/sauer-shootingsportswear.de\/fr\/wp-json\/wp\/v2\/media\/2469"}],"wp:attachment":[{"href":"https:\/\/sauer-shootingsportswear.de\/fr\/wp-json\/wp\/v2\/media?parent=1416"}],"wp:term":[{"taxonomy":"product_brand","embeddable":true,"href":"https:\/\/sauer-shootingsportswear.de\/fr\/wp-json\/wp\/v2\/product_brand?post=1416"},{"taxonomy":"product_cat","embeddable":true,"href":"https:\/\/sauer-shootingsportswear.de\/fr\/wp-json\/wp\/v2\/product_cat?post=1416"},{"taxonomy":"product_tag","embeddable":true,"href":"https:\/\/sauer-shootingsportswear.de\/fr\/wp-json\/wp\/v2\/product_tag?post=1416"}],"curies":[{"name":"wp","href":"https:\/\/api.w.org\/{rel}","templated":true}]}}