{"id":1437,"date":"2024-03-13T20:19:05","date_gmt":"2024-03-13T19:19:05","guid":{"rendered":"https:\/\/sauer-shootingsportswear.de\/?post_type=product&#038;p=1437"},"modified":"2025-11-17T16:45:38","modified_gmt":"2025-11-17T15:45:38","slug":"advantage-leder-leinen","status":"publish","type":"product","link":"https:\/\/sauer-shootingsportswear.de\/fr\/produit\/advantage-leder-leinen\/","title":{"rendered":"Advantage cuir lin"},"content":{"rendered":"<p>Das Modell \u201eAdvantage Leder Leinen\u201c ist aus einem sinnvoll aufeinander abgestimmten Materialmix hergestellt. Die Rumpfpartie und das R\u00fcckteil des St\u00fctzarmes bestehen \u2013 zur optimalen Stabilisierung \u2013 aus Doppelleinen. Leinen besitzt den besonderen Vorteil, dass es sich jeder K\u00f6rperform optimal anpassen kann durch die K\u00f6rperw\u00e4rme beim Tragen der Schie\u00dfjacke. Der R\u00fcckenkoller, rechter \u00c4rmel und linker Vorder\u00e4rmel (beim Rechtssch\u00fctzen) sowie die Tasche sind aus Rindleder, um Beweglichkeit zu gew\u00e4hren, wo sie notwendig ist. Die R\u00fcckseite des St\u00fctzarmes besteht aus verzugsfestem Doppelleinen, um eine Stabilit\u00e4t in jeder Anschlagsart zu gew\u00e4hrleisten. Die Frontpartie ist im Bereich des St\u00fctzarmes mit Veloursleder besetzt, um ein Abrutschen zu verhindern.<\/p>\n<p>&nbsp;<\/p>","protected":false},"excerpt":{"rendered":"<ul>\n<li>Modell &#8211; Advantage Leder Leinen<\/li>\n<li>Artikel &#8211; 01.01.0.0.03.00.00<\/li>\n<li>Material &#8211; Innenfutter: 100% Baumwolle, 60% Baumwolle, Obermaterial: 40% Rindsleder, Armbes\u00e4tze: \u201eTop-Grip\u201c (100% Kautschuk)<\/li>\n<li>Farbe &#8211; Wahlweise aus der Leder- und Leinenfarbpalette<\/li>\n<li>Gr\u00f6\u00dfe &#8211; G\u00e4ngige Konfektionsgr\u00f6\u00dfen. Damen 36-46, Herren 46-60 u. 88-102. Gegen Aufpreis Ma\u00dfanfertigung<\/li>\n<\/ul>","protected":false},"featured_media":1444,"comment_status":"open","ping_status":"closed","template":"","meta":{"iawp_total_views":601},"product_brand":[],"product_cat":[23],"product_tag":[],"class_list":{"0":"post-1437","1":"product","2":"type-product","3":"status-publish","4":"has-post-thumbnail","6":"product_cat-schiessjacken","8":"first","9":"instock","10":"taxable","11":"shipping-taxable","12":"purchasable","13":"product-type-variable"},"_links":{"self":[{"href":"https:\/\/sauer-shootingsportswear.de\/fr\/wp-json\/wp\/v2\/product\/1437","targetHints":{"allow":["GET"]}}],"collection":[{"href":"https:\/\/sauer-shootingsportswear.de\/fr\/wp-json\/wp\/v2\/product"}],"about":[{"href":"https:\/\/sauer-shootingsportswear.de\/fr\/wp-json\/wp\/v2\/types\/product"}],"replies":[{"embeddable":true,"href":"https:\/\/sauer-shootingsportswear.de\/fr\/wp-json\/wp\/v2\/comments?post=1437"}],"wp:featuredmedia":[{"embeddable":true,"href":"https:\/\/sauer-shootingsportswear.de\/fr\/wp-json\/wp\/v2\/media\/1444"}],"wp:attachment":[{"href":"https:\/\/sauer-shootingsportswear.de\/fr\/wp-json\/wp\/v2\/media?parent=1437"}],"wp:term":[{"taxonomy":"product_brand","embeddable":true,"href":"https:\/\/sauer-shootingsportswear.de\/fr\/wp-json\/wp\/v2\/product_brand?post=1437"},{"taxonomy":"product_cat","embeddable":true,"href":"https:\/\/sauer-shootingsportswear.de\/fr\/wp-json\/wp\/v2\/product_cat?post=1437"},{"taxonomy":"product_tag","embeddable":true,"href":"https:\/\/sauer-shootingsportswear.de\/fr\/wp-json\/wp\/v2\/product_tag?post=1437"}],"curies":[{"name":"wp","href":"https:\/\/api.w.org\/{rel}","templated":true}]}}