{"id":1575,"date":"2024-03-13T19:00:02","date_gmt":"2024-03-13T18:00:02","guid":{"rendered":"https:\/\/sauer-shootingsportswear.de\/?post_type=product&#038;p=1575"},"modified":"2025-11-18T13:31:55","modified_gmt":"2025-11-18T12:31:55","slug":"comfort-performance","status":"publish","type":"product","link":"https:\/\/sauer-shootingsportswear.de\/fr\/produit\/comfort-performance\/","title":{"rendered":"Comfort Performance"},"content":{"rendered":"<p>Das beliebte Sauer Hosenmodell Comfort gibt es jetzt auch in der Materialinnovation SA-Tec als Comfort PERFORMANCE. Zusammen mit der neuen Jacke Advantage PERFORMANCE bildet sie die neue PERFORMANCE Line. Die PERFORMANCE-Hose ist fast vollst\u00e4ndig aus dem SA-Tec Material gefertigt. Der Fronteinstieg ist mit doppeltem Klett versehen und erm\u00f6glicht zusammen mit dem Klettband als Hosenverschluss am Bund, eine optimale Anpassung der Hose im Taillen- und H\u00fcftbereich. Kniepolster aus Top-Grip, die schr\u00e4g verlaufenden Zwei-Wege-Rei\u00dfverschl\u00fcsse an beiden Beinen der Hosenr\u00fcckseite sowie die gro\u00dfz\u00fcgige \u00d6ffnung im Schrittbereich sind besonders komfortabel f\u00fcr den Kniendanschlag. Durch das neue SA-Tec-Material ist die Comfort PERFRMANCE jetzt wesentlich formstabiler, dabei bietet es dem Sch\u00fctzen Festigkeit und Beweglichkeit zugleich.<\/p>","protected":false},"excerpt":{"rendered":"<ul>\n<li>Modell &#8211; Comfort PERFORMANCE<\/li>\n<li>Artikel &#8211; 01.02.0.0.01.00.00<\/li>\n<li>Material &#8211; Obermaterial + Innenfutter 100 % SA-Tec (Polyester)<\/li>\n<li>Farbe &#8211; Polyester wei\u00df, Stretchgewebe wahlweise aus der Farbpalette<\/li>\n<li>Gr\u00f6\u00dfe &#8211; G\u00e4ngige Konfektionsgr\u00f6\u00dfen. Damen 36-46, Herren 46-60. Gegen Aufpreis Ma\u00dfanfertigung<\/li>\n<\/ul>","protected":false},"featured_media":1598,"comment_status":"open","ping_status":"closed","template":"","meta":{"iawp_total_views":646},"product_brand":[],"product_cat":[24],"product_tag":[],"class_list":{"0":"post-1575","1":"product","2":"type-product","3":"status-publish","4":"has-post-thumbnail","6":"product_cat-schiesshosen","8":"first","9":"instock","10":"taxable","11":"shipping-taxable","12":"purchasable","13":"product-type-variable"},"_links":{"self":[{"href":"https:\/\/sauer-shootingsportswear.de\/fr\/wp-json\/wp\/v2\/product\/1575","targetHints":{"allow":["GET"]}}],"collection":[{"href":"https:\/\/sauer-shootingsportswear.de\/fr\/wp-json\/wp\/v2\/product"}],"about":[{"href":"https:\/\/sauer-shootingsportswear.de\/fr\/wp-json\/wp\/v2\/types\/product"}],"replies":[{"embeddable":true,"href":"https:\/\/sauer-shootingsportswear.de\/fr\/wp-json\/wp\/v2\/comments?post=1575"}],"wp:featuredmedia":[{"embeddable":true,"href":"https:\/\/sauer-shootingsportswear.de\/fr\/wp-json\/wp\/v2\/media\/1598"}],"wp:attachment":[{"href":"https:\/\/sauer-shootingsportswear.de\/fr\/wp-json\/wp\/v2\/media?parent=1575"}],"wp:term":[{"taxonomy":"product_brand","embeddable":true,"href":"https:\/\/sauer-shootingsportswear.de\/fr\/wp-json\/wp\/v2\/product_brand?post=1575"},{"taxonomy":"product_cat","embeddable":true,"href":"https:\/\/sauer-shootingsportswear.de\/fr\/wp-json\/wp\/v2\/product_cat?post=1575"},{"taxonomy":"product_tag","embeddable":true,"href":"https:\/\/sauer-shootingsportswear.de\/fr\/wp-json\/wp\/v2\/product_tag?post=1575"}],"curies":[{"name":"wp","href":"https:\/\/api.w.org\/{rel}","templated":true}]}}