{"id":1602,"date":"2024-03-13T18:59:25","date_gmt":"2024-03-13T17:59:25","guid":{"rendered":"https:\/\/sauer-shootingsportswear.de\/?post_type=product&#038;p=1602"},"modified":"2025-11-13T14:50:36","modified_gmt":"2025-11-13T13:50:36","slug":"comfort","status":"publish","type":"product","link":"https:\/\/sauer-shootingsportswear.de\/fr\/produit\/comfort\/","title":{"rendered":"Confort"},"content":{"rendered":"<p>Die Schie\u00dfhose Modell Comfort Doppelleinen wird aus strapazierf\u00e4higem Doppelleinen gefertigt. Auf H\u00f6he der linken Leiste (bei Linkssch\u00fctzen rechts) ist eine ovale \u00d6ffnung eingearbeitet, welche mit dehnbarem Stretchgewebe ausgestattet ist. Dadurch wird ein l\u00e4stiger Materialdruck auf die Leiste und den Bauchraum des Sch\u00fctzen im Kniendanschlag verhindert. Die Kniepolster bestehen aus hochwertigem Top-Grip-Material und sind versetzt angeordnet, damit die optimale Position hierf\u00fcr im Kniendanschlag gew\u00e4hrleistet ist. Weitere Besonderheiten sind das elastische Stretch Material, das auf der linken Schenkelinnenseite (beim Linkssch\u00fctzen rechts) eingearbeitet ist sowie die nach hinten verl\u00e4ngerte \u00d6ffnung des Schrittbereiches. Diese Komponenten erlauben dem Sch\u00fctzen ein besseres Spreizen und bequemeres Anwinkeln des Beines beim Kniendanschlag. Zus\u00e4tzlich ist dadurch der Einstieg in die Hose erleichtert. Durch das schr\u00e4g verlaufende und doppelt angebrachte Klettband und den zus\u00e4tzlichen Haken- und 5 \u00d6senverschlu\u00df am Bund, ist die Einstellung der Weite der Schie\u00dfhose sehr variabel. An beiden Beinen der Hosenr\u00fcckseite besitzt das Modell Comfort Zwei-Wege Rei\u00dfverschl\u00fcsse. Diese Rei\u00dfverschl\u00fcsse sind leicht schr\u00e4g verlaufend, um im Kniendanschlag einen unangenehmen Druck zu vermeiden. Gleichzeitig entsteht beim Kniendanschlag durch \u00d6ffnung des Rei\u00dfverschlusses keine hinderliche Materialwulst in den Kniekehlen.<\/p>","protected":false},"excerpt":{"rendered":"<ul>\n<li>Modell &#8211; Comfort<\/li>\n<li>Artikel &#8211; 01.02.0.0.02.00.00<\/li>\n<li>Material &#8211; 100% Doppelleinen, Patches 100% Kautschuk (Top Grip)<\/li>\n<li>Farbe &#8211; Wahlweise aus der Farbpalette<\/li>\n<li>Gr\u00f6\u00dfe &#8211; G\u00e4ngige Konfektionsgr\u00f6\u00dfen. Damen 36-46, Herren 46-60 u. 88-102. Gegen Aufpreis Ma\u00dfanfertigung<\/li>\n<\/ul>","protected":false},"featured_media":1613,"comment_status":"open","ping_status":"closed","template":"","meta":{"iawp_total_views":372},"product_brand":[],"product_cat":[24],"product_tag":[],"class_list":{"0":"post-1602","1":"product","2":"type-product","3":"status-publish","4":"has-post-thumbnail","6":"product_cat-schiesshosen","8":"first","9":"instock","10":"taxable","11":"shipping-taxable","12":"purchasable","13":"product-type-variable"},"_links":{"self":[{"href":"https:\/\/sauer-shootingsportswear.de\/fr\/wp-json\/wp\/v2\/product\/1602","targetHints":{"allow":["GET"]}}],"collection":[{"href":"https:\/\/sauer-shootingsportswear.de\/fr\/wp-json\/wp\/v2\/product"}],"about":[{"href":"https:\/\/sauer-shootingsportswear.de\/fr\/wp-json\/wp\/v2\/types\/product"}],"replies":[{"embeddable":true,"href":"https:\/\/sauer-shootingsportswear.de\/fr\/wp-json\/wp\/v2\/comments?post=1602"}],"wp:featuredmedia":[{"embeddable":true,"href":"https:\/\/sauer-shootingsportswear.de\/fr\/wp-json\/wp\/v2\/media\/1613"}],"wp:attachment":[{"href":"https:\/\/sauer-shootingsportswear.de\/fr\/wp-json\/wp\/v2\/media?parent=1602"}],"wp:term":[{"taxonomy":"product_brand","embeddable":true,"href":"https:\/\/sauer-shootingsportswear.de\/fr\/wp-json\/wp\/v2\/product_brand?post=1602"},{"taxonomy":"product_cat","embeddable":true,"href":"https:\/\/sauer-shootingsportswear.de\/fr\/wp-json\/wp\/v2\/product_cat?post=1602"},{"taxonomy":"product_tag","embeddable":true,"href":"https:\/\/sauer-shootingsportswear.de\/fr\/wp-json\/wp\/v2\/product_tag?post=1602"}],"curies":[{"name":"wp","href":"https:\/\/api.w.org\/{rel}","templated":true}]}}