{"id":1619,"date":"2024-03-13T18:58:47","date_gmt":"2024-03-13T17:58:47","guid":{"rendered":"https:\/\/sauer-shootingsportswear.de\/?post_type=product&#038;p=1619"},"modified":"2025-11-13T14:51:31","modified_gmt":"2025-11-13T13:51:31","slug":"comfort-extra","status":"publish","type":"product","link":"https:\/\/sauer-shootingsportswear.de\/fr\/produit\/comfort-extra\/","title":{"rendered":"Comfort Extra"},"content":{"rendered":"<p>Das Top-Modell der Sauer Schie\u00dfhosen-Kollektion ist die \u201eComfort Extra\u201c. Der Unterschied und Vorteil zu der bereits beschriebenen Comfort Doppelleinen Schie\u00dfhose beruht auf der Materialkombination Doppelleinen \u2013 Kautschuk. Dieses Kautschuk-Material ist enorm resistent gegen Verzug und es beh\u00e4lt seine Festigkeit dauerhaft. Die \u201eComfort Extra\u201c ist daher beidseitig im vorderen Lendenbereich und in der Ges\u00e4\u00dfpartie diagonal mit diesem besonderen Kautschuk-Material besetzt. Sie bietet so dem Sch\u00fctzen Stabilit\u00e4t genau dort, wo sie notwendig ist.<\/p>","protected":false},"excerpt":{"rendered":"<ul>\n<li>Modell &#8211; Comfort EXTRA<\/li>\n<li>Artikel &#8211; 01.02.0.0.03.00.00<\/li>\n<li>Material &#8211; Patches 100% Kautschuk, 68,7% Baumwolle, 16% Rindleder, 15,1% Kautschuk, 0,2 % Polyester<\/li>\n<li>Farbe &#8211; Leder und Leinen wahlweise aus der Farbpalette. Kautschuk in blau (glatte Oberfl\u00e4che) oder, unsere Empfehlung, beige Gewebeoberfl\u00e4che<\/li>\n<li>Gr\u00f6\u00dfe &#8211; G\u00e4ngige Konfektionsgr\u00f6\u00dfen. Damen 36-46, Herren 46-60 u. 88-102. Gegen Aufpreis Ma\u00dfanfertigung<\/li>\n<\/ul>","protected":false},"featured_media":1630,"comment_status":"open","ping_status":"closed","template":"","meta":{"iawp_total_views":253},"product_brand":[],"product_cat":[24],"product_tag":[],"class_list":{"0":"post-1619","1":"product","2":"type-product","3":"status-publish","4":"has-post-thumbnail","6":"product_cat-schiesshosen","8":"first","9":"instock","10":"taxable","11":"shipping-taxable","12":"purchasable","13":"product-type-variable"},"_links":{"self":[{"href":"https:\/\/sauer-shootingsportswear.de\/fr\/wp-json\/wp\/v2\/product\/1619","targetHints":{"allow":["GET"]}}],"collection":[{"href":"https:\/\/sauer-shootingsportswear.de\/fr\/wp-json\/wp\/v2\/product"}],"about":[{"href":"https:\/\/sauer-shootingsportswear.de\/fr\/wp-json\/wp\/v2\/types\/product"}],"replies":[{"embeddable":true,"href":"https:\/\/sauer-shootingsportswear.de\/fr\/wp-json\/wp\/v2\/comments?post=1619"}],"wp:featuredmedia":[{"embeddable":true,"href":"https:\/\/sauer-shootingsportswear.de\/fr\/wp-json\/wp\/v2\/media\/1630"}],"wp:attachment":[{"href":"https:\/\/sauer-shootingsportswear.de\/fr\/wp-json\/wp\/v2\/media?parent=1619"}],"wp:term":[{"taxonomy":"product_brand","embeddable":true,"href":"https:\/\/sauer-shootingsportswear.de\/fr\/wp-json\/wp\/v2\/product_brand?post=1619"},{"taxonomy":"product_cat","embeddable":true,"href":"https:\/\/sauer-shootingsportswear.de\/fr\/wp-json\/wp\/v2\/product_cat?post=1619"},{"taxonomy":"product_tag","embeddable":true,"href":"https:\/\/sauer-shootingsportswear.de\/fr\/wp-json\/wp\/v2\/product_tag?post=1619"}],"curies":[{"name":"wp","href":"https:\/\/api.w.org\/{rel}","templated":true}]}}