{"id":1694,"date":"2024-03-13T19:55:29","date_gmt":"2024-03-13T18:55:29","guid":{"rendered":"https:\/\/sauer-shootingsportswear.de\/?post_type=product&#038;p=1694"},"modified":"2025-11-13T14:19:01","modified_gmt":"2025-11-13T13:19:01","slug":"auflageweste-performance","status":"publish","type":"product","link":"https:\/\/sauer-shootingsportswear.de\/fr\/produit\/auflageweste-performance\/","title":{"rendered":"Gilet d'appui Performance"},"content":{"rendered":"<p>Jetzt startet Sauer bei den Auflagewesten mit dem Modell Performance, der neuen Material-Innovation: SA-Tec. Es wird komplett in Deutschland hergestellt, ist extrem zugfest und formstabil. Dem Sch\u00fctzen bietet es eine lang anhaltende individuelle Passform und damit die Perspektive, auf gleichbleibendem Niveau seinen Sport auszu\u00fcben. Die Auflageweste PERFORMANCE gew\u00e4hrt dem Sch\u00fctzen eine aussergew\u00f6hnliche St\u00fctzfunktion. Diese Auflageweste ist mit einem Halb\u00e4rmel am Abzugsarm mit dehnbarem Gewebe an der R\u00fcckseite versehen. Der Bereich des Gewehranschlags ist gro\u00dfz\u00fcgig bis zum Halsrand mit Veloursleder besetzt. Beide \u00c4rmelausschnitte sind stark nach vorne gearbeitet, um st\u00f6rende Materialaufwertungen im Anschlag zu vermeiden. Die Weste ist mit Schraubkn\u00f6pfen zur individuellen Weiteneinstellung ausger\u00fcstet. Das SA-Tec Material ist vegan, und absolut geruchsneutral. Leichte Verschmutzungen sind m\u00fchelos abwaschbar.<\/p>","protected":false},"excerpt":{"rendered":"<ul>\n<li>Modell &#8211; Auflageweste Performance<\/li>\n<li>Artikel &#8211; 01.03.0.0.01.00.00<\/li>\n<li>Material &#8211; Obermaterial: 80 % SA-Tec (Polyester), 5 % Baumwolle, 15 % Rindleder Innenfutter: 85,2 % Sa-Tec (Polyester), 14,8 % Baumwolle.<\/li>\n<li>Farbe &#8211; Polyester wei\u00df, Leder, Leinen und Stretchgewebe wahlweise aus der Farbpalette.<\/li>\n<li>Gr\u00f6\u00dfe &#8211; G\u00e4ngige Konfektionsgr\u00f6\u00dfen. Damen 36-46, Herren 46-60. Gegen Aufpreis Ma\u00dfanfertigung.<\/li>\n<\/ul>","protected":false},"featured_media":1698,"comment_status":"open","ping_status":"closed","template":"","meta":{"iawp_total_views":1155},"product_brand":[],"product_cat":[25],"product_tag":[],"class_list":{"0":"post-1694","1":"product","2":"type-product","3":"status-publish","4":"has-post-thumbnail","6":"product_cat-schiesswesten","8":"first","9":"instock","10":"taxable","11":"shipping-taxable","12":"purchasable","13":"product-type-variable"},"_links":{"self":[{"href":"https:\/\/sauer-shootingsportswear.de\/fr\/wp-json\/wp\/v2\/product\/1694","targetHints":{"allow":["GET"]}}],"collection":[{"href":"https:\/\/sauer-shootingsportswear.de\/fr\/wp-json\/wp\/v2\/product"}],"about":[{"href":"https:\/\/sauer-shootingsportswear.de\/fr\/wp-json\/wp\/v2\/types\/product"}],"replies":[{"embeddable":true,"href":"https:\/\/sauer-shootingsportswear.de\/fr\/wp-json\/wp\/v2\/comments?post=1694"}],"wp:featuredmedia":[{"embeddable":true,"href":"https:\/\/sauer-shootingsportswear.de\/fr\/wp-json\/wp\/v2\/media\/1698"}],"wp:attachment":[{"href":"https:\/\/sauer-shootingsportswear.de\/fr\/wp-json\/wp\/v2\/media?parent=1694"}],"wp:term":[{"taxonomy":"product_brand","embeddable":true,"href":"https:\/\/sauer-shootingsportswear.de\/fr\/wp-json\/wp\/v2\/product_brand?post=1694"},{"taxonomy":"product_cat","embeddable":true,"href":"https:\/\/sauer-shootingsportswear.de\/fr\/wp-json\/wp\/v2\/product_cat?post=1694"},{"taxonomy":"product_tag","embeddable":true,"href":"https:\/\/sauer-shootingsportswear.de\/fr\/wp-json\/wp\/v2\/product_tag?post=1694"}],"curies":[{"name":"wp","href":"https:\/\/api.w.org\/{rel}","templated":true}]}}