{"id":2068,"date":"2024-03-18T16:22:36","date_gmt":"2024-03-18T15:22:36","guid":{"rendered":"https:\/\/sauer-shootingsportswear.de\/?post_type=product&#038;p=2068"},"modified":"2026-03-31T00:01:52","modified_gmt":"2026-03-30T22:01:52","slug":"auflageweste-standard-trend","status":"publish","type":"product","link":"https:\/\/sauer-shootingsportswear.de\/fr\/produit\/auflageweste-standard-trend\/","title":{"rendered":"Gilet de surjet standard Trend"},"content":{"rendered":"<p>Die Auflageweste \u201eStandard Trend\u201c von Sauer \u00fcberzeugt mit neuer Materialkombination und frischer Farbgebung. Zur K\u00f6rperstabilisierung ist der Rumpfbereich aus festem Doppelleinen gearbeitet. Schulter- und Brustbereich sowie der Kurz\u00e4rmel bestehen erstmals aus verzugsfestem, weichem REXIN, welches sich bestens dem K\u00f6rper anpasst. Die Westen sind mit paspelierter Ledertasche und einer Knopflochleiste aus Leder ausgestattet.<\/p>","protected":false},"excerpt":{"rendered":"<ul>\n<li>Modell &#8211; Standard Trend<\/li>\n<li>Artikel &#8211; 02.03.0.0.01.00.00<\/li>\n<li>Material &#8211; Obermaterial: 60% BW, 20% Rexin, 20 % Rindleder \/ Innenfutter: 100 % BW<\/li>\n<li>Farbe &#8211; Wie abgebildet: orange \/schwarz<\/li>\n<li>Gr\u00f6\u00dfe &#8211; G\u00e4ngige Konfektionsgr\u00f6\u00dfen. Damen 36-48, Herren 44-64, 90-102 und 24-29, Keine Ma\u00dfanfertigung und \u00c4nderungen m\u00f6glich. Farb- und Modell\u00e4nderungen vorbehalten.<\/li>\n<\/ul>","protected":false},"featured_media":2122,"comment_status":"open","ping_status":"closed","template":"","meta":{"iawp_total_views":91},"product_brand":[],"product_cat":[164],"product_tag":[190],"class_list":{"0":"post-2068","1":"product","2":"type-product","3":"status-publish","4":"has-post-thumbnail","6":"product_cat-standard-trend-programm","7":"product_tag-b2b","9":"first","10":"instock","11":"taxable","12":"shipping-taxable","13":"purchasable","14":"product-type-variable"},"_links":{"self":[{"href":"https:\/\/sauer-shootingsportswear.de\/fr\/wp-json\/wp\/v2\/product\/2068","targetHints":{"allow":["GET"]}}],"collection":[{"href":"https:\/\/sauer-shootingsportswear.de\/fr\/wp-json\/wp\/v2\/product"}],"about":[{"href":"https:\/\/sauer-shootingsportswear.de\/fr\/wp-json\/wp\/v2\/types\/product"}],"replies":[{"embeddable":true,"href":"https:\/\/sauer-shootingsportswear.de\/fr\/wp-json\/wp\/v2\/comments?post=2068"}],"wp:featuredmedia":[{"embeddable":true,"href":"https:\/\/sauer-shootingsportswear.de\/fr\/wp-json\/wp\/v2\/media\/2122"}],"wp:attachment":[{"href":"https:\/\/sauer-shootingsportswear.de\/fr\/wp-json\/wp\/v2\/media?parent=2068"}],"wp:term":[{"taxonomy":"product_brand","embeddable":true,"href":"https:\/\/sauer-shootingsportswear.de\/fr\/wp-json\/wp\/v2\/product_brand?post=2068"},{"taxonomy":"product_cat","embeddable":true,"href":"https:\/\/sauer-shootingsportswear.de\/fr\/wp-json\/wp\/v2\/product_cat?post=2068"},{"taxonomy":"product_tag","embeddable":true,"href":"https:\/\/sauer-shootingsportswear.de\/fr\/wp-json\/wp\/v2\/product_tag?post=2068"}],"curies":[{"name":"wp","href":"https:\/\/api.w.org\/{rel}","templated":true}]}}