{"id":308,"date":"2024-02-12T16:54:08","date_gmt":"2024-02-12T15:54:08","guid":{"rendered":"https:\/\/sauer-shootingsportswear.de\/?post_type=product&#038;p=308"},"modified":"2026-03-31T15:56:30","modified_gmt":"2026-03-31T13:56:30","slug":"easy-top","status":"publish","type":"product","link":"https:\/\/sauer-shootingsportswear.de\/fr\/produit\/easy-top\/","title":{"rendered":"EASY TOP"},"content":{"rendered":"<p>Der Sportschuh EASY TOP von Sauer ist eine Weiterentwicklung des erprobten Vorg\u00e4ngers Easy Style Flex. Abgesehen von der grundlegend neuen Optik, wei\u00dft der EASY TOP wesentliche neue Konstruktionsmerkmale auf: Die um vier Einheiten erweiterte Schn\u00fcrung erm\u00f6glicht es, den Fu\u00df noch besser im Schuh zu fixieren und gleichzeitig, einen optimierten Bodenkontakt zu gew\u00e4hrleisten. Eine wichtige Neuerung ist die Fu\u00dfr\u00fccken umschlie\u00dfende, integrierte Zungenl\u00f6sung. Statt einer separat eingen\u00e4hten Zunge, wie es \u00fcblich ist, wurde die innere H\u00e4lfte des Innenschuhs so erweitert, dass sie bis weit unter die \u00e4u\u00dfere H\u00e4lfte verl\u00e4uft und den Fu\u00dfr\u00fccken bis zu den Zehen umschlie\u00dft. Ihre ausgepr\u00e4gte Polsterung l\u00e4sst dabei keine Druckstellen aufkommen. Das verbesserte Fu\u00dfbett des EASY TOP gen\u00fcgt sport- orthop\u00e4dischen Anspr\u00fcchen. Die Erh\u00f6hung im Fersenbereich der Innensohle entlastet den R\u00fccken bei langem Stehen und beugt fr\u00fchzeitiger Erm\u00fcdung vor. Wie sein Vorg\u00e4ngermodell besitzt der EASY TOP eine gegossene, nach innen gew\u00f6lbte TPU-Sohle die beste Standfestigkeit durch vollfl\u00e4chige Auflage bietet. Auch der umlaufende Gummibesatz als Stabilisator und Schutz gegen Ausweiten wurde beibehalten. Entsprechend den ISSF-Vorschriften wurden die Kn\u00f6chelpartien freigehalten. Der Bereich unterhalb der Kn\u00f6chel ist rundum ausgiebig gepolstert.<\/p>","protected":false},"excerpt":{"rendered":"<ul>\n<li>Modell &#8211; Easy Top<\/li>\n<li>Artikel Schwarz &#8211; 01.05.0.0.02.00.01 \/ Wei\u00df 01.05.0.0.02.00.02<\/li>\n<li>Material &#8211; Obermaterial 100% Microfaser Innenfutter 52% Polyamid, 48% Polyester Sohle Thermoplastic &#8211; Polyurethane<\/li>\n<li>Farbe &#8211; Schwarz \/ Wei\u00df<\/li>\n<li>Gr\u00f6\u00dfe &#8211; 35 &#8211; 48<\/li>\n<\/ul>","protected":false},"featured_media":3183,"comment_status":"open","ping_status":"closed","template":"","meta":{"iawp_total_views":987},"product_brand":[],"product_cat":[27,15],"product_tag":[190],"class_list":{"0":"post-308","1":"product","2":"type-product","3":"status-publish","4":"has-post-thumbnail","6":"product_cat-schuhe","7":"product_cat-unkategorisiert","8":"product_tag-b2b","10":"first","11":"instock","12":"taxable","13":"shipping-taxable","14":"product-type-variable"},"_links":{"self":[{"href":"https:\/\/sauer-shootingsportswear.de\/fr\/wp-json\/wp\/v2\/product\/308","targetHints":{"allow":["GET"]}}],"collection":[{"href":"https:\/\/sauer-shootingsportswear.de\/fr\/wp-json\/wp\/v2\/product"}],"about":[{"href":"https:\/\/sauer-shootingsportswear.de\/fr\/wp-json\/wp\/v2\/types\/product"}],"replies":[{"embeddable":true,"href":"https:\/\/sauer-shootingsportswear.de\/fr\/wp-json\/wp\/v2\/comments?post=308"}],"wp:featuredmedia":[{"embeddable":true,"href":"https:\/\/sauer-shootingsportswear.de\/fr\/wp-json\/wp\/v2\/media\/3183"}],"wp:attachment":[{"href":"https:\/\/sauer-shootingsportswear.de\/fr\/wp-json\/wp\/v2\/media?parent=308"}],"wp:term":[{"taxonomy":"product_brand","embeddable":true,"href":"https:\/\/sauer-shootingsportswear.de\/fr\/wp-json\/wp\/v2\/product_brand?post=308"},{"taxonomy":"product_cat","embeddable":true,"href":"https:\/\/sauer-shootingsportswear.de\/fr\/wp-json\/wp\/v2\/product_cat?post=308"},{"taxonomy":"product_tag","embeddable":true,"href":"https:\/\/sauer-shootingsportswear.de\/fr\/wp-json\/wp\/v2\/product_tag?post=308"}],"curies":[{"name":"wp","href":"https:\/\/api.w.org\/{rel}","templated":true}]}}