{"id":556,"date":"2024-02-12T16:52:03","date_gmt":"2024-02-12T15:52:03","guid":{"rendered":"https:\/\/sauer-shootingsportswear.de\/?post_type=product&#038;p=556"},"modified":"2026-02-23T15:45:52","modified_gmt":"2026-02-23T14:45:52","slug":"sohlenspanner","status":"publish","type":"product","link":"https:\/\/sauer-shootingsportswear.de\/fr\/produit\/sohlenspanner\/","title":{"rendered":"Tendeur de semelle"},"content":{"rendered":"<p>Der Sohlenspanner wurde von Sauer speziell f\u00fcr Schie\u00dfsportschuhe entwickelt. Er verleiht Ihrem Schie\u00dfsportschuh \u00fcber Jahre hinaus eine ebene Sohle und somit eine optimale Standfl\u00e4che. Der Sohlenspanner besteht aus rostfreiem Aluminium. Seine Justierung am Schuh ist sehr einfach, aber effizient. Der Sauer-Sohlenspanner ist anwendbar f\u00fcr alle Fabrikate und Gr\u00f6\u00dfen.<\/p>","protected":false},"excerpt":{"rendered":"<ul>\n<li>Modell &#8211; Sohlenspanner<\/li>\n<li>Artikel &#8211; 01.05.0.0.93.00.00<\/li>\n<li>Material &#8211; 100% Aluminium<\/li>\n<li>Gr\u00f6\u00dfe &#8211; Passend f\u00fcr Schuhgr\u00f6\u00dfe 35 \u2013 50<\/li>\n<\/ul>","protected":false},"featured_media":2599,"comment_status":"open","ping_status":"closed","template":"","meta":{"iawp_total_views":89},"product_brand":[],"product_cat":[27,15],"product_tag":[190],"class_list":{"0":"post-556","1":"product","2":"type-product","3":"status-publish","4":"has-post-thumbnail","6":"product_cat-schuhe","7":"product_cat-unkategorisiert","8":"product_tag-b2b","10":"first","11":"instock","12":"taxable","13":"shipping-taxable","14":"product-type-simple"},"_links":{"self":[{"href":"https:\/\/sauer-shootingsportswear.de\/fr\/wp-json\/wp\/v2\/product\/556","targetHints":{"allow":["GET"]}}],"collection":[{"href":"https:\/\/sauer-shootingsportswear.de\/fr\/wp-json\/wp\/v2\/product"}],"about":[{"href":"https:\/\/sauer-shootingsportswear.de\/fr\/wp-json\/wp\/v2\/types\/product"}],"replies":[{"embeddable":true,"href":"https:\/\/sauer-shootingsportswear.de\/fr\/wp-json\/wp\/v2\/comments?post=556"}],"wp:featuredmedia":[{"embeddable":true,"href":"https:\/\/sauer-shootingsportswear.de\/fr\/wp-json\/wp\/v2\/media\/2599"}],"wp:attachment":[{"href":"https:\/\/sauer-shootingsportswear.de\/fr\/wp-json\/wp\/v2\/media?parent=556"}],"wp:term":[{"taxonomy":"product_brand","embeddable":true,"href":"https:\/\/sauer-shootingsportswear.de\/fr\/wp-json\/wp\/v2\/product_brand?post=556"},{"taxonomy":"product_cat","embeddable":true,"href":"https:\/\/sauer-shootingsportswear.de\/fr\/wp-json\/wp\/v2\/product_cat?post=556"},{"taxonomy":"product_tag","embeddable":true,"href":"https:\/\/sauer-shootingsportswear.de\/fr\/wp-json\/wp\/v2\/product_tag?post=556"}],"curies":[{"name":"wp","href":"https:\/\/api.w.org\/{rel}","templated":true}]}}