{"id":557,"date":"2024-02-12T16:51:45","date_gmt":"2024-02-12T15:51:45","guid":{"rendered":"https:\/\/sauer-shootingsportswear.de\/?post_type=product&#038;p=557"},"modified":"2026-02-23T15:47:50","modified_gmt":"2026-02-23T14:47:50","slug":"sauer-schiessocken","status":"publish","type":"product","link":"https:\/\/sauer-shootingsportswear.de\/fr\/produit\/sauer-schiessocken\/","title":{"rendered":"Chaussettes de tir Sauer"},"content":{"rendered":"<p>Sauer-Schie\u00dfsocken bestechen durch Ihre faltenfreie Passform und engmaschige Webstruktur. Bedingt durch den 40%-igen Wollanteil des Sockens wird der gesamte Fu\u00df angenehm abgepolstert, au\u00dferdem sorgt die Frotteeinnenseite f\u00fcr ein gutes Fu\u00dfklima.<\/p>","protected":false},"excerpt":{"rendered":"<ul>\n<li>Modell &#8211; Schiesssocken<\/li>\n<li>Artikel &#8211; 01.10.0.0.02.00.00<\/li>\n<li>Material &#8211; 40% Wolle, 40% Polyacryl, 15% Polyamid, 5% Elasthan<\/li>\n<li>Farbe &#8211; Schwarz<\/li>\n<li>Gr\u00f6\u00dfe &#8211; 36-38, 39-41, 42-44, 45-47<\/li>\n<\/ul>","protected":false},"featured_media":562,"comment_status":"open","ping_status":"closed","template":"","meta":{"iawp_total_views":67},"product_brand":[],"product_cat":[27,15],"product_tag":[190],"class_list":{"0":"post-557","1":"product","2":"type-product","3":"status-publish","4":"has-post-thumbnail","6":"product_cat-schuhe","7":"product_cat-unkategorisiert","8":"product_tag-b2b","10":"first","11":"instock","12":"taxable","13":"shipping-taxable","14":"product-type-variable"},"_links":{"self":[{"href":"https:\/\/sauer-shootingsportswear.de\/fr\/wp-json\/wp\/v2\/product\/557","targetHints":{"allow":["GET"]}}],"collection":[{"href":"https:\/\/sauer-shootingsportswear.de\/fr\/wp-json\/wp\/v2\/product"}],"about":[{"href":"https:\/\/sauer-shootingsportswear.de\/fr\/wp-json\/wp\/v2\/types\/product"}],"replies":[{"embeddable":true,"href":"https:\/\/sauer-shootingsportswear.de\/fr\/wp-json\/wp\/v2\/comments?post=557"}],"wp:featuredmedia":[{"embeddable":true,"href":"https:\/\/sauer-shootingsportswear.de\/fr\/wp-json\/wp\/v2\/media\/562"}],"wp:attachment":[{"href":"https:\/\/sauer-shootingsportswear.de\/fr\/wp-json\/wp\/v2\/media?parent=557"}],"wp:term":[{"taxonomy":"product_brand","embeddable":true,"href":"https:\/\/sauer-shootingsportswear.de\/fr\/wp-json\/wp\/v2\/product_brand?post=557"},{"taxonomy":"product_cat","embeddable":true,"href":"https:\/\/sauer-shootingsportswear.de\/fr\/wp-json\/wp\/v2\/product_cat?post=557"},{"taxonomy":"product_tag","embeddable":true,"href":"https:\/\/sauer-shootingsportswear.de\/fr\/wp-json\/wp\/v2\/product_tag?post=557"}],"curies":[{"name":"wp","href":"https:\/\/api.w.org\/{rel}","templated":true}]}}