{"id":574,"date":"2024-02-12T16:31:23","date_gmt":"2024-02-12T15:31:23","guid":{"rendered":"https:\/\/sauer-shootingsportswear.de\/?post_type=product&#038;p=574"},"modified":"2026-03-31T00:15:14","modified_gmt":"2026-03-30T22:15:14","slug":"sauer-einlagekeil","status":"publish","type":"product","link":"https:\/\/sauer-shootingsportswear.de\/fr\/produit\/sauer-einlagekeil\/","title":{"rendered":"Cale d'insertion"},"content":{"rendered":"<div id=\"c728\" class=\"frame frame-default frame-type-text frame-layout-0\">\n<p>Zur Optimierung der Balance beim Stehen, sind die Sauer-Einlagekeile von Vorteil.<\/p>\n<p>Es gibt sie als Ferseneinlage oder Vorderfu\u00dfeinlage. Die Keile werden unter den herausnehmbaren Einlagesohlen der Sauer Schuhe entsprechend eingelegt. Der Sch\u00fctze kann somit eine problemlose und einfach zu handhabende Gleichgewichtsregulierung vornehmen. Vorderfu\u00dfeinlagen sind bei tendenzieller Neigung nach vorne empfehlenswert, Fersenkeile bei Schwerpunkt r\u00fcckseitig.<\/p>\n<p>Zur reinen Standregulierung k\u00f6nnen Vorderfu\u00df- und Ferseneinlage auch zusammen angewendet werden, um eine Ausgewogenheit mit Schwerpunkt in der Fu\u00dfmitte zu erreichen.<\/p>\n<\/div>\n<div id=\"c729\" class=\"frame frame-default frame-type-fluidcontent_content frame-layout-0\">\n<div class=\"sgProduct\">\n<div class=\"pro-info\">\n<div class=\"row\"><\/div>\n<\/div>\n<\/div>\n<\/div>","protected":false},"excerpt":{"rendered":"<ul>\n<li>Modell &#8211; Einlagekeil<\/li>\n<li>Artikel &#8211; Vorderfu\u00df 01.05.0.0.98.00.00 \/ Ferse 01.05.0.0.97.00.00<\/li>\n<li>Material &#8211; 100% EVA<\/li>\n<li>Farbe &#8211; Schwarz<\/li>\n<li>Gr\u00f6\u00dfe &#8211; (Bei Bestellung bitte Schuhgr\u00f6\u00dfe angeben) Ferseneinlage<\/li>\n<\/ul>","protected":false},"featured_media":17,"comment_status":"open","ping_status":"closed","template":"","meta":{"iawp_total_views":90},"product_brand":[],"product_cat":[27,15],"product_tag":[190],"class_list":{"0":"post-574","1":"product","2":"type-product","3":"status-publish","4":"has-post-thumbnail","6":"product_cat-schuhe","7":"product_cat-unkategorisiert","8":"product_tag-b2b","10":"first","11":"instock","12":"taxable","13":"shipping-taxable","14":"product-type-variable"},"_links":{"self":[{"href":"https:\/\/sauer-shootingsportswear.de\/fr\/wp-json\/wp\/v2\/product\/574","targetHints":{"allow":["GET"]}}],"collection":[{"href":"https:\/\/sauer-shootingsportswear.de\/fr\/wp-json\/wp\/v2\/product"}],"about":[{"href":"https:\/\/sauer-shootingsportswear.de\/fr\/wp-json\/wp\/v2\/types\/product"}],"replies":[{"embeddable":true,"href":"https:\/\/sauer-shootingsportswear.de\/fr\/wp-json\/wp\/v2\/comments?post=574"}],"wp:featuredmedia":[{"embeddable":true,"href":"https:\/\/sauer-shootingsportswear.de\/fr\/wp-json\/wp\/v2\/media\/17"}],"wp:attachment":[{"href":"https:\/\/sauer-shootingsportswear.de\/fr\/wp-json\/wp\/v2\/media?parent=574"}],"wp:term":[{"taxonomy":"product_brand","embeddable":true,"href":"https:\/\/sauer-shootingsportswear.de\/fr\/wp-json\/wp\/v2\/product_brand?post=574"},{"taxonomy":"product_cat","embeddable":true,"href":"https:\/\/sauer-shootingsportswear.de\/fr\/wp-json\/wp\/v2\/product_cat?post=574"},{"taxonomy":"product_tag","embeddable":true,"href":"https:\/\/sauer-shootingsportswear.de\/fr\/wp-json\/wp\/v2\/product_tag?post=574"}],"curies":[{"name":"wp","href":"https:\/\/api.w.org\/{rel}","templated":true}]}}