{"id":601,"date":"2024-02-16T19:23:20","date_gmt":"2024-02-16T18:23:20","guid":{"rendered":"https:\/\/sauer-shootingsportswear.de\/?post_type=product&#038;p=601"},"modified":"2026-03-30T00:09:50","modified_gmt":"2026-03-29T22:09:50","slug":"premium","status":"publish","type":"product","link":"https:\/\/sauer-shootingsportswear.de\/fr\/produit\/premium\/","title":{"rendered":"Premium"},"content":{"rendered":"<div id=\"c859\" class=\"frame frame-default frame-type-text frame-layout-0\">\n<p>Diese v\u00f6llig neu konstruierte Handschuhgeneration f\u00fcr die St\u00fctzhand des Sportsch\u00fctzen stellt einen Meilenstein in der Entwicklung von Schie\u00dfsporthandschuhen dar.<\/p>\n<p>Die bisherigen Modelle waren meist auf maximale rundum Polsterung ausgelegt. Das hatte zur Folge, dass die St\u00fctzhand ungelenk wurde und der Kontakt zur Waffe sehr gering war. Das \u201ePremium- Modell\u201c von Sauer erreicht seinen Polstereffekt durch partiell eingearbeitete Pads aus Biogel im Handinnen- und Au\u00dfenbereich. Dadurch bleibt die Hand beweglich und das Gef\u00fchl zur Waffe wird wesentlich verbessert. Als Basismaterial wurde erstmals wertvolles K\u00e4nguruleder mit hohem Tragekomfort eingesetzt. Die durchgehende Pr\u00e4gung des Leders bewirkt zus\u00e4tzlich einen Noppeneffekt, der ein Rutschen der Waffe verhindert. Der eng anliegende Neopren-Schaft sorgt f\u00fcr einen guten Halt, jedoch ohne einen Puls zu \u00fcbertragen.<\/p>\n<\/div>\n<div id=\"c860\" class=\"frame frame-default frame-type-fluidcontent_content frame-layout-0\">\n<div class=\"sgProduct new-table\">\n<div class=\"pro-info\">\n<div class=\"row\"><\/div>\n<\/div>\n<\/div>\n<\/div>","protected":false},"excerpt":{"rendered":"<ul>\n<li>Modell &#8211; Premium<\/li>\n<li>Artikel &#8211; 01.06.0.0.01.00.00<\/li>\n<li>Material &#8211; 62% K\u00e4nguruleder, 26% Polyester, 5% PA, 3% PU, 1% Elasthan<\/li>\n<li>Gr\u00f6\u00dfe &#8211; XXS, XS, S, M, L, XL, XXL, XXXL<\/li>\n<\/ul>","protected":false},"featured_media":20,"comment_status":"open","ping_status":"closed","template":"","meta":{"iawp_total_views":97},"product_brand":[],"product_cat":[28,15],"product_tag":[190],"class_list":{"0":"post-601","1":"product","2":"type-product","3":"status-publish","4":"has-post-thumbnail","6":"product_cat-handschuhe","7":"product_cat-unkategorisiert","8":"product_tag-b2b","10":"first","11":"instock","12":"taxable","13":"shipping-taxable","14":"product-type-variable"},"_links":{"self":[{"href":"https:\/\/sauer-shootingsportswear.de\/fr\/wp-json\/wp\/v2\/product\/601","targetHints":{"allow":["GET"]}}],"collection":[{"href":"https:\/\/sauer-shootingsportswear.de\/fr\/wp-json\/wp\/v2\/product"}],"about":[{"href":"https:\/\/sauer-shootingsportswear.de\/fr\/wp-json\/wp\/v2\/types\/product"}],"replies":[{"embeddable":true,"href":"https:\/\/sauer-shootingsportswear.de\/fr\/wp-json\/wp\/v2\/comments?post=601"}],"wp:featuredmedia":[{"embeddable":true,"href":"https:\/\/sauer-shootingsportswear.de\/fr\/wp-json\/wp\/v2\/media\/20"}],"wp:attachment":[{"href":"https:\/\/sauer-shootingsportswear.de\/fr\/wp-json\/wp\/v2\/media?parent=601"}],"wp:term":[{"taxonomy":"product_brand","embeddable":true,"href":"https:\/\/sauer-shootingsportswear.de\/fr\/wp-json\/wp\/v2\/product_brand?post=601"},{"taxonomy":"product_cat","embeddable":true,"href":"https:\/\/sauer-shootingsportswear.de\/fr\/wp-json\/wp\/v2\/product_cat?post=601"},{"taxonomy":"product_tag","embeddable":true,"href":"https:\/\/sauer-shootingsportswear.de\/fr\/wp-json\/wp\/v2\/product_tag?post=601"}],"curies":[{"name":"wp","href":"https:\/\/api.w.org\/{rel}","templated":true}]}}