{"id":6049,"date":"2023-10-13T10:41:45","date_gmt":"2023-10-13T08:41:45","guid":{"rendered":"https:\/\/sauer-shootingsportswear.de\/?post_type=product&#038;p=6049"},"modified":"2026-03-30T00:22:45","modified_gmt":"2026-03-29T22:22:45","slug":"project-st","status":"publish","type":"product","link":"https:\/\/sauer-shootingsportswear.de\/fr\/produit\/project-st\/","title":{"rendered":"Projet ST"},"content":{"rendered":"<p class=\"text-center\">Der neue\u00a0Sauer ProjectST\u00a0ist weit mehr als ein Schie\u00dfhandschuh \u2013 er ist das\u00a0n\u00e4chste Level im Anschlag. Entwickelt f\u00fcr Sch\u00fctzen, die Perfektion suchen, vereint er kompromisslos\u00a0maximalen Halt,\u00a0feinste R\u00fcckmeldung\u00a0und\u00a0gezielte Unterst\u00fctzung\u00a0in einem v\u00f6llig neuen Tragegef\u00fchl.<\/p>\n<p class=\"text-center\">Auf der Innenseite setzen\u00a0neuartige SHARK-TEC Eins\u00e4tze, pr\u00e4zise in edles Velours-Ziegenleder integriert, neue Ma\u00dfst\u00e4be in Sachen Griffigkeit. Das \u00e4u\u00dferst rutschfeste Material greift sicher am Schaft \u2013 f\u00fcr absolute Kontrolle selbst unter anspruchsvollsten Bedingungen. Die integrierteSchwingungsreduktion\u00a0wirkt wie ein ma\u00dfgeschneidertes D\u00e4mpfungssystem, das R\u00fccksto\u00df und Vibrationen sp\u00fcrbar reduziert \u2013 die perfekte Grundlage f\u00fcr\u00a0gleichbleibend hohe Schusspr\u00e4zision.<\/p>\n<p class=\"text-center\">Die R\u00fcckseite des ProjectST setzt auf das bew\u00e4hrte\u00a0SA-TEC Material, das gezielt die Handmuskulatur unterst\u00fctzt, das Handgelenk entlastet und Erm\u00fcdung deutlich hinausz\u00f6gert. So bleibst Du auch in langen Wettk\u00e4mpfen konzentriert und kontrolliert \u2013 bis zum letzten Schuss.<\/p>\n<p class=\"text-center\">Das ergonomische Design umschlie\u00dft die Hand\u00a0wie eine zweite Haut\u00a0\u2013 sicher, aber nie einengend. Jede Bewegung, jeder Griff wirkt nat\u00fcrlicher, pr\u00e4ziser und direkter.<\/p>\n<p class=\"text-center\">Der\u00a0ProjectST\u00a0ist kein gew\u00f6hnliches Zubeh\u00f6r. Er ist Dein\u00a0pr\u00e4zisionsoptimiertes Werkzeug, um Deine Leistung nicht nur zu steigern \u2013 sondern zu perfektionieren.<\/p>","protected":false},"excerpt":{"rendered":"<p>&nbsp;<\/p>\n<ul>\n<li>Modell -PROJECT ST<\/li>\n<li>Artikel &#8211; 01.06.0.0.11.00.00<\/li>\n<li>MaterialFutter- Futter 100% Polyester. Au\u00dfenmaterial: 51% Ziegenleder, 24% Polyester, 14% Nylon, 8% SA-TEC, 3% PU<\/li>\n<li>Gr\u00f6\u00dfe &#8211; XXS, XS, S, M, L, XL, XXL<\/li>\n<\/ul>","protected":false},"featured_media":6048,"comment_status":"open","ping_status":"closed","template":"","meta":{"iawp_total_views":1174},"product_brand":[],"product_cat":[28,15],"product_tag":[190],"class_list":{"0":"post-6049","1":"product","2":"type-product","3":"status-publish","4":"has-post-thumbnail","6":"product_cat-handschuhe","7":"product_cat-unkategorisiert","8":"product_tag-b2b","10":"first","11":"instock","12":"taxable","13":"shipping-taxable","14":"product-type-variable"},"_links":{"self":[{"href":"https:\/\/sauer-shootingsportswear.de\/fr\/wp-json\/wp\/v2\/product\/6049","targetHints":{"allow":["GET"]}}],"collection":[{"href":"https:\/\/sauer-shootingsportswear.de\/fr\/wp-json\/wp\/v2\/product"}],"about":[{"href":"https:\/\/sauer-shootingsportswear.de\/fr\/wp-json\/wp\/v2\/types\/product"}],"replies":[{"embeddable":true,"href":"https:\/\/sauer-shootingsportswear.de\/fr\/wp-json\/wp\/v2\/comments?post=6049"}],"wp:featuredmedia":[{"embeddable":true,"href":"https:\/\/sauer-shootingsportswear.de\/fr\/wp-json\/wp\/v2\/media\/6048"}],"wp:attachment":[{"href":"https:\/\/sauer-shootingsportswear.de\/fr\/wp-json\/wp\/v2\/media?parent=6049"}],"wp:term":[{"taxonomy":"product_brand","embeddable":true,"href":"https:\/\/sauer-shootingsportswear.de\/fr\/wp-json\/wp\/v2\/product_brand?post=6049"},{"taxonomy":"product_cat","embeddable":true,"href":"https:\/\/sauer-shootingsportswear.de\/fr\/wp-json\/wp\/v2\/product_cat?post=6049"},{"taxonomy":"product_tag","embeddable":true,"href":"https:\/\/sauer-shootingsportswear.de\/fr\/wp-json\/wp\/v2\/product_tag?post=6049"}],"curies":[{"name":"wp","href":"https:\/\/api.w.org\/{rel}","templated":true}]}}