{"id":697,"date":"2024-02-16T19:36:44","date_gmt":"2024-02-16T18:36:44","guid":{"rendered":"https:\/\/sauer-shootingsportswear.de\/?post_type=product&#038;p=697"},"modified":"2026-03-31T15:52:23","modified_gmt":"2026-03-31T13:52:23","slug":"match-ii","status":"publish","type":"product","link":"https:\/\/sauer-shootingsportswear.de\/fr\/produit\/match-ii\/","title":{"rendered":"MATCH II"},"content":{"rendered":"<p>Bei dem Schie\u00dfriemen Match II ist die abgewinkelte Armschlaufe in der Weite mittels einer Doppeldornschlie\u00dfe stufenlos verstellbar. In diesem Bereich ist die Innenseite mit hochwertigem Top Grip ausgef\u00fcttert, um optimalen Halt zu gew\u00e4hrleisten. Im Bereich des Unterarmes ist der Match II jetzt ebenfalls mit einem einteiligen Gurt ausgestattet, der einen guten Kontakt zu Unterarm und Handgelenk herstellt. Die Schlaufe zur Aufnahme des B\u00fcgelhandstopps ist mittels Verschraubung verstellbar und somit f\u00fcr alle Fabrikate geeignet. Die vordere L\u00e4ngenverstellung erfolgt durch eine Zweidorn-Schnalle. Durch die Materialbeschaffenheit des Kunststoffes mit der integrierten Fiberglaseinlage passt sich der Schie\u00dfriemen optimal dem Anschlag an, ist dabei absolut verzugsfest und leistungsf\u00e4hig. Der Schie\u00dfriemen ist f\u00fcr Rechts- oder Linkssch\u00fctzen lieferbar.<\/p>","protected":false},"excerpt":{"rendered":"<ul>\n<li>Modell &#8211; Match II Kunststoff<\/li>\n<li>Artikel &#8211; 01.07.0.0.02.00.00<\/li>\n<li>Material &#8211; Kunststoff mit Gewebeeinlage<\/li>\n<li>Farbe &#8211; wei\u00df<\/li>\n<\/ul>","protected":false},"featured_media":695,"comment_status":"open","ping_status":"closed","template":"","meta":{"iawp_total_views":68},"product_brand":[],"product_cat":[29,15],"product_tag":[190],"class_list":{"0":"post-697","1":"product","2":"type-product","3":"status-publish","4":"has-post-thumbnail","6":"product_cat-schiessriemen","7":"product_cat-unkategorisiert","8":"product_tag-b2b","10":"first","11":"instock","12":"taxable","13":"shipping-taxable","14":"product-type-variable"},"_links":{"self":[{"href":"https:\/\/sauer-shootingsportswear.de\/fr\/wp-json\/wp\/v2\/product\/697","targetHints":{"allow":["GET"]}}],"collection":[{"href":"https:\/\/sauer-shootingsportswear.de\/fr\/wp-json\/wp\/v2\/product"}],"about":[{"href":"https:\/\/sauer-shootingsportswear.de\/fr\/wp-json\/wp\/v2\/types\/product"}],"replies":[{"embeddable":true,"href":"https:\/\/sauer-shootingsportswear.de\/fr\/wp-json\/wp\/v2\/comments?post=697"}],"wp:featuredmedia":[{"embeddable":true,"href":"https:\/\/sauer-shootingsportswear.de\/fr\/wp-json\/wp\/v2\/media\/695"}],"wp:attachment":[{"href":"https:\/\/sauer-shootingsportswear.de\/fr\/wp-json\/wp\/v2\/media?parent=697"}],"wp:term":[{"taxonomy":"product_brand","embeddable":true,"href":"https:\/\/sauer-shootingsportswear.de\/fr\/wp-json\/wp\/v2\/product_brand?post=697"},{"taxonomy":"product_cat","embeddable":true,"href":"https:\/\/sauer-shootingsportswear.de\/fr\/wp-json\/wp\/v2\/product_cat?post=697"},{"taxonomy":"product_tag","embeddable":true,"href":"https:\/\/sauer-shootingsportswear.de\/fr\/wp-json\/wp\/v2\/product_tag?post=697"}],"curies":[{"name":"wp","href":"https:\/\/api.w.org\/{rel}","templated":true}]}}