{"id":717,"date":"2024-02-16T20:52:09","date_gmt":"2024-02-16T19:52:09","guid":{"rendered":"https:\/\/sauer-shootingsportswear.de\/?post_type=product&#038;p=717"},"modified":"2026-02-23T15:01:48","modified_gmt":"2026-02-23T14:01:48","slug":"erweiterungsstreifen-fuer-schiesssportjacken","status":"publish","type":"product","link":"https:\/\/sauer-shootingsportswear.de\/fr\/produit\/erweiterungsstreifen-fuer-schiesssportjacken\/","title":{"rendered":"Pi\u00e8ce d'extension pour vestes de tir"},"content":{"rendered":"<div id=\"c6664\" class=\"frame frame-default frame-type-text frame-layout-0\">\n<p>Es handelt sich hierbei um noch nie da gewesene Kautschukmodule, best\u00fcckt mit einem flachen Schraubknopf auf der einen Seite und einem Knopfloch-Schlitz mit unterschiedlich perforierten Lochungen auf der anderen. Die einfache Erweiterung erfolgt durch \u00dcberbr\u00fcckung eines vorhandenen Knopflochs zum Knopf.<\/p>\n<p>Ein sinnvoller Einsatz hierf\u00fcr ist bei einer kurzfristigen Gewichtszunahme oder Zeit\u00fcberbr\u00fcckung wenn eine \u00c4nderung der Schie\u00dfjacke gerade nicht m\u00f6glich ist, z.B. bei der Bekleidungskontrolle vor dem Wettkampf. Die maximale Erweiterung pro Modul betr\u00e4gt 7 cm. Die Erweiterungsstreifen sind optimalen Helfer f\u00fcr jeden Sportsch\u00fctzen und erh\u00e4ltlich in blau, r\u00fcckseitig wei\u00df (wechselbar).<\/p>\n<\/div>\n<div id=\"c6665\" class=\"frame frame-default frame-type-fluidcontent_content frame-layout-0\">\n<div class=\"tabview-kontakt\">\n<div id=\"Hanny\" class=\"tabcontent\">\n<div id=\"c6690\" class=\"frame frame-default frame-type-image frame-layout-0\">\n<div class=\"ce-image ce-center ce-above\">\n<div class=\"ce-gallery\" data-ce-columns=\"1\" data-ce-images=\"1\">\n<div class=\"ce-outer\">\n<div class=\"ce-inner\">\n<div class=\"ce-row\">\n<div class=\"ce-column\"><\/div>\n<\/div>\n<\/div>\n<\/div>\n<\/div>\n<\/div>\n<\/div>\n<\/div>\n<\/div>\n<\/div>","protected":false},"excerpt":{"rendered":"<ul>\n<li>Modell &#8211; Erweiterungsstreifen f\u00fcr Schie\u00dfjacke<\/li>\n<li>Artikel &#8211; 01.01.0.0.95.00.00<\/li>\n<li>Material &#8211; 100% Kautschuck, PVC Knopf<\/li>\n<li>Farbe &#8211; blau\/wei\u00df<\/li>\n<\/ul>","protected":false},"featured_media":713,"comment_status":"open","ping_status":"closed","template":"","meta":{"iawp_total_views":55},"product_brand":[],"product_cat":[30,15],"product_tag":[190],"class_list":{"0":"post-717","1":"product","2":"type-product","3":"status-publish","4":"has-post-thumbnail","6":"product_cat-zubehoehr","7":"product_cat-unkategorisiert","8":"product_tag-b2b","10":"first","11":"instock","12":"taxable","13":"shipping-taxable","14":"product-type-simple"},"_links":{"self":[{"href":"https:\/\/sauer-shootingsportswear.de\/fr\/wp-json\/wp\/v2\/product\/717","targetHints":{"allow":["GET"]}}],"collection":[{"href":"https:\/\/sauer-shootingsportswear.de\/fr\/wp-json\/wp\/v2\/product"}],"about":[{"href":"https:\/\/sauer-shootingsportswear.de\/fr\/wp-json\/wp\/v2\/types\/product"}],"replies":[{"embeddable":true,"href":"https:\/\/sauer-shootingsportswear.de\/fr\/wp-json\/wp\/v2\/comments?post=717"}],"wp:featuredmedia":[{"embeddable":true,"href":"https:\/\/sauer-shootingsportswear.de\/fr\/wp-json\/wp\/v2\/media\/713"}],"wp:attachment":[{"href":"https:\/\/sauer-shootingsportswear.de\/fr\/wp-json\/wp\/v2\/media?parent=717"}],"wp:term":[{"taxonomy":"product_brand","embeddable":true,"href":"https:\/\/sauer-shootingsportswear.de\/fr\/wp-json\/wp\/v2\/product_brand?post=717"},{"taxonomy":"product_cat","embeddable":true,"href":"https:\/\/sauer-shootingsportswear.de\/fr\/wp-json\/wp\/v2\/product_cat?post=717"},{"taxonomy":"product_tag","embeddable":true,"href":"https:\/\/sauer-shootingsportswear.de\/fr\/wp-json\/wp\/v2\/product_tag?post=717"}],"curies":[{"name":"wp","href":"https:\/\/api.w.org\/{rel}","templated":true}]}}