{"id":718,"date":"2024-02-16T20:51:13","date_gmt":"2024-02-16T19:51:13","guid":{"rendered":"https:\/\/sauer-shootingsportswear.de\/?post_type=product&#038;p=718"},"modified":"2026-02-23T15:02:15","modified_gmt":"2026-02-23T14:02:15","slug":"liegendmatte","status":"publish","type":"product","link":"https:\/\/sauer-shootingsportswear.de\/fr\/produit\/liegendmatte\/","title":{"rendered":"Tapis pour position couch\u00e9e"},"content":{"rendered":"<div id=\"c6664\" class=\"frame frame-default frame-type-text frame-layout-0\">\n<p>Sauer Shootingsportswear pr\u00e4sentiert seine optimale Matte f\u00fcr das Liegendschie\u00dfen. Diese Matte besteht aus vier Segmenten und ist zum besseren Transport auf ein Viertel ihrer Gesamtgr\u00f6\u00dfe faltbar. Das Kopfteil ist mittels eines Rei\u00dfverschlusses abnehmbar und kann bei Bedarf auch seperat verwendet werden. Die gefaltete Matte ist mit zwei Klettverschl\u00fcssen fixiebar und mit angen\u00e4hten\u00a0Tragegriffen sehr bequem zu transportieren. Ihr Au\u00dfenmaterial besteht aus strapazierf\u00e4higem Nylon und die F\u00fcllung aus PE-Schaum. Damit isoliert die Sauer-Matte wirkungsvoll gegen Feuchtigkeit ebenso wie gegen W\u00e4rme und K\u00e4lte. Das obere Viertel ist zus\u00e4tzlich mit einem rutschhemenden Belag ausgestattet und verhindert so ein Abrutschen der Ellenbogen im Anschlag. Die Matte misst 80 x 200 cm und wiegt ca. 2 Kilogramm, sie entspricht in St\u00e4rke und Abmessung dem aktuellen Regelwerk f\u00fcr Sportsch\u00fctzen.<\/p>\n<\/div>\n<div id=\"c6665\" class=\"frame frame-default frame-type-fluidcontent_content frame-layout-0\">\n<div class=\"tabview-kontakt\">\n<div id=\"Hanny\" class=\"tabcontent\">\n<div id=\"c6690\" class=\"frame frame-default frame-type-image frame-layout-0\">\n<div class=\"ce-image ce-center ce-above\">\n<div class=\"ce-gallery\" data-ce-columns=\"1\" data-ce-images=\"1\">\n<div class=\"ce-outer\">\n<div class=\"ce-inner\">\n<div class=\"ce-row\">\n<div class=\"ce-column\"><\/div>\n<\/div>\n<\/div>\n<\/div>\n<\/div>\n<\/div>\n<\/div>\n<\/div>\n<\/div>\n<\/div>","protected":false},"excerpt":{"rendered":"<ul>\n<li>Artikel &#8211; 01.10.0.0.12.00.00<\/li>\n<li>Material &#8211; Au\u00dfenmaterial Nylon, F\u00fcllung PE-Schaum<\/li>\n<li>Farbe &#8211; Schwarz<\/li>\n<li>Gr\u00f6\u00dfe &#8211; 80 x 200 cm<\/li>\n<\/ul>","protected":false},"featured_media":712,"comment_status":"open","ping_status":"closed","template":"","meta":{"iawp_total_views":41},"product_brand":[],"product_cat":[30,15],"product_tag":[190],"class_list":{"0":"post-718","1":"product","2":"type-product","3":"status-publish","4":"has-post-thumbnail","6":"product_cat-zubehoehr","7":"product_cat-unkategorisiert","8":"product_tag-b2b","10":"first","11":"instock","12":"taxable","13":"shipping-taxable","14":"product-type-simple"},"_links":{"self":[{"href":"https:\/\/sauer-shootingsportswear.de\/fr\/wp-json\/wp\/v2\/product\/718","targetHints":{"allow":["GET"]}}],"collection":[{"href":"https:\/\/sauer-shootingsportswear.de\/fr\/wp-json\/wp\/v2\/product"}],"about":[{"href":"https:\/\/sauer-shootingsportswear.de\/fr\/wp-json\/wp\/v2\/types\/product"}],"replies":[{"embeddable":true,"href":"https:\/\/sauer-shootingsportswear.de\/fr\/wp-json\/wp\/v2\/comments?post=718"}],"wp:featuredmedia":[{"embeddable":true,"href":"https:\/\/sauer-shootingsportswear.de\/fr\/wp-json\/wp\/v2\/media\/712"}],"wp:attachment":[{"href":"https:\/\/sauer-shootingsportswear.de\/fr\/wp-json\/wp\/v2\/media?parent=718"}],"wp:term":[{"taxonomy":"product_brand","embeddable":true,"href":"https:\/\/sauer-shootingsportswear.de\/fr\/wp-json\/wp\/v2\/product_brand?post=718"},{"taxonomy":"product_cat","embeddable":true,"href":"https:\/\/sauer-shootingsportswear.de\/fr\/wp-json\/wp\/v2\/product_cat?post=718"},{"taxonomy":"product_tag","embeddable":true,"href":"https:\/\/sauer-shootingsportswear.de\/fr\/wp-json\/wp\/v2\/product_tag?post=718"}],"curies":[{"name":"wp","href":"https:\/\/api.w.org\/{rel}","templated":true}]}}