{"id":722,"date":"2024-02-16T19:52:53","date_gmt":"2024-02-16T18:52:53","guid":{"rendered":"https:\/\/sauer-shootingsportswear.de\/?post_type=product&#038;p=722"},"modified":"2026-03-31T00:02:43","modified_gmt":"2026-03-30T22:02:43","slug":"stirnband","status":"publish","type":"product","link":"https:\/\/sauer-shootingsportswear.de\/fr\/produit\/stirnband\/","title":{"rendered":"Bandeaux"},"content":{"rendered":"<p>Das Sauer-Stirnband ist durch seine gute Saugf\u00e4higkeit und dem angenehmen Tragekomfort f\u00fcr alle sportlichen Disziplinen geeignet. Durch einen Klettverschluss l\u00e4sst sich die Kopfweite optimal einstellen Es entspricht mit einer Breite von 4 cm dem Regelwerk.<\/p>","protected":false},"excerpt":{"rendered":"<ul>\n<li>Modell &#8211; Stirnband<\/li>\n<li>Artikel &#8211; 01.10.0.0.06.00.00<\/li>\n<li>Material &#8211; 90%Polyester, 10% Elasthan<\/li>\n<li>Farbe &#8211; schwarz, wei\u00df, blau und rot<\/li>\n<\/ul>","protected":false},"featured_media":6163,"comment_status":"open","ping_status":"closed","template":"","meta":{"iawp_total_views":24},"product_brand":[],"product_cat":[30,31,15],"product_tag":[190],"class_list":{"0":"post-722","1":"product","2":"type-product","3":"status-publish","4":"has-post-thumbnail","6":"product_cat-zubehoehr","7":"product_cat-standard-produkte","8":"product_cat-unkategorisiert","9":"product_tag-b2b","11":"first","12":"instock","13":"taxable","14":"shipping-taxable","15":"product-type-variable"},"_links":{"self":[{"href":"https:\/\/sauer-shootingsportswear.de\/fr\/wp-json\/wp\/v2\/product\/722","targetHints":{"allow":["GET"]}}],"collection":[{"href":"https:\/\/sauer-shootingsportswear.de\/fr\/wp-json\/wp\/v2\/product"}],"about":[{"href":"https:\/\/sauer-shootingsportswear.de\/fr\/wp-json\/wp\/v2\/types\/product"}],"replies":[{"embeddable":true,"href":"https:\/\/sauer-shootingsportswear.de\/fr\/wp-json\/wp\/v2\/comments?post=722"}],"wp:featuredmedia":[{"embeddable":true,"href":"https:\/\/sauer-shootingsportswear.de\/fr\/wp-json\/wp\/v2\/media\/6163"}],"wp:attachment":[{"href":"https:\/\/sauer-shootingsportswear.de\/fr\/wp-json\/wp\/v2\/media?parent=722"}],"wp:term":[{"taxonomy":"product_brand","embeddable":true,"href":"https:\/\/sauer-shootingsportswear.de\/fr\/wp-json\/wp\/v2\/product_brand?post=722"},{"taxonomy":"product_cat","embeddable":true,"href":"https:\/\/sauer-shootingsportswear.de\/fr\/wp-json\/wp\/v2\/product_cat?post=722"},{"taxonomy":"product_tag","embeddable":true,"href":"https:\/\/sauer-shootingsportswear.de\/fr\/wp-json\/wp\/v2\/product_tag?post=722"}],"curies":[{"name":"wp","href":"https:\/\/api.w.org\/{rel}","templated":true}]}}