{"id":727,"date":"2024-02-16T19:54:11","date_gmt":"2024-02-16T18:54:11","guid":{"rendered":"https:\/\/sauer-shootingsportswear.de\/?post_type=product&#038;p=727"},"modified":"2026-03-31T00:02:39","modified_gmt":"2026-03-30T22:02:39","slug":"blende","status":"publish","type":"product","link":"https:\/\/sauer-shootingsportswear.de\/fr\/produit\/blende\/","title":{"rendered":"Diaphragme"},"content":{"rendered":"<p>Die Augenblenden entsprechen mit einer Breite von 3 cm und\u00a0einer\u00a0L\u00e4nge von 4 cm den ISSF-Regeln. Sie sind mittels Klickverschluss problemlos an das Sauer-Stirnband justierbar. Somit\u00a0kann\u00a0das Stirnband auch\u00a0gewaschen werden, wenn das Befestigungsmodul entfernt wird.\u00a0Die Augenblende l\u00e4sst sich durch das am Haltesteg angebrachte Kugelgelenk auch leicht nach oben anheben, wenn Training oder Wettkampf beendet sind, oder auch zwischendurch. Wahlweise kann der Sch\u00fctze zwischen einer grauen, einer milchig transparenten, einer milchig hellgr\u00fcnen oder einer milchig blauen Abdeckung w\u00e4hlen.<\/p>","protected":false},"excerpt":{"rendered":"<ul>\n<li>Modell &#8211; Blende<\/li>\n<li>Artikel &#8211; 01.10.0.0.07.00.03 (grau)<\/li>\n<li>Artikel &#8211; 01.10.0.0.07.00.09 (gr\u00fcn)<\/li>\n<li>Artikel &#8211; 01.10.0.0.07.00.16 (transparent)<\/li>\n<li>Artikel &#8211; 01.10.0.0.07.00.05 (blau)<\/li>\n<li>Material &#8211; Kunststoff<\/li>\n<\/ul>","protected":false},"featured_media":5201,"comment_status":"open","ping_status":"closed","template":"","meta":{"iawp_total_views":77},"product_brand":[],"product_cat":[30],"product_tag":[190],"class_list":{"0":"post-727","1":"product","2":"type-product","3":"status-publish","4":"has-post-thumbnail","6":"product_cat-zubehoehr","7":"product_tag-b2b","9":"first","10":"instock","11":"taxable","12":"shipping-taxable","13":"product-type-variable"},"_links":{"self":[{"href":"https:\/\/sauer-shootingsportswear.de\/fr\/wp-json\/wp\/v2\/product\/727","targetHints":{"allow":["GET"]}}],"collection":[{"href":"https:\/\/sauer-shootingsportswear.de\/fr\/wp-json\/wp\/v2\/product"}],"about":[{"href":"https:\/\/sauer-shootingsportswear.de\/fr\/wp-json\/wp\/v2\/types\/product"}],"replies":[{"embeddable":true,"href":"https:\/\/sauer-shootingsportswear.de\/fr\/wp-json\/wp\/v2\/comments?post=727"}],"wp:featuredmedia":[{"embeddable":true,"href":"https:\/\/sauer-shootingsportswear.de\/fr\/wp-json\/wp\/v2\/media\/5201"}],"wp:attachment":[{"href":"https:\/\/sauer-shootingsportswear.de\/fr\/wp-json\/wp\/v2\/media?parent=727"}],"wp:term":[{"taxonomy":"product_brand","embeddable":true,"href":"https:\/\/sauer-shootingsportswear.de\/fr\/wp-json\/wp\/v2\/product_brand?post=727"},{"taxonomy":"product_cat","embeddable":true,"href":"https:\/\/sauer-shootingsportswear.de\/fr\/wp-json\/wp\/v2\/product_cat?post=727"},{"taxonomy":"product_tag","embeddable":true,"href":"https:\/\/sauer-shootingsportswear.de\/fr\/wp-json\/wp\/v2\/product_tag?post=727"}],"curies":[{"name":"wp","href":"https:\/\/api.w.org\/{rel}","templated":true}]}}