{"id":751,"date":"2024-02-16T19:59:31","date_gmt":"2024-02-16T18:59:31","guid":{"rendered":"https:\/\/sauer-shootingsportswear.de\/?post_type=product&#038;p=751"},"modified":"2026-03-31T15:45:36","modified_gmt":"2026-03-31T13:45:36","slug":"top-grip-belaege","status":"publish","type":"product","link":"https:\/\/sauer-shootingsportswear.de\/fr\/produit\/top-grip-belaege\/","title":{"rendered":"PLAQUETTES TOP-GRIP"},"content":{"rendered":"<p>Top-Grip Bel\u00e4ge f\u00fcr Sauer Schie\u00dfjacken und \u2013Hosen, aus hochstrapazierf\u00e4higem, antirutschf\u00e4higem Kautschuk.<\/p>","protected":false},"excerpt":{"rendered":"<ul>\n<li>Modell &#8211; Top-Grip Bel\u00e4ge<\/li>\n<li>Artikel &#8211; 01.01.0.0.97.00.00<\/li>\n<li>Material &#8211; 100% Kautschuk<\/li>\n<\/ul>","protected":false},"featured_media":703,"comment_status":"open","ping_status":"closed","template":"","meta":{"iawp_total_views":27},"product_brand":[],"product_cat":[30],"product_tag":[190],"class_list":{"0":"post-751","1":"product","2":"type-product","3":"status-publish","4":"has-post-thumbnail","6":"product_cat-zubehoehr","7":"product_tag-b2b","9":"first","10":"instock","11":"taxable","12":"shipping-taxable","13":"product-type-simple"},"_links":{"self":[{"href":"https:\/\/sauer-shootingsportswear.de\/fr\/wp-json\/wp\/v2\/product\/751","targetHints":{"allow":["GET"]}}],"collection":[{"href":"https:\/\/sauer-shootingsportswear.de\/fr\/wp-json\/wp\/v2\/product"}],"about":[{"href":"https:\/\/sauer-shootingsportswear.de\/fr\/wp-json\/wp\/v2\/types\/product"}],"replies":[{"embeddable":true,"href":"https:\/\/sauer-shootingsportswear.de\/fr\/wp-json\/wp\/v2\/comments?post=751"}],"wp:featuredmedia":[{"embeddable":true,"href":"https:\/\/sauer-shootingsportswear.de\/fr\/wp-json\/wp\/v2\/media\/703"}],"wp:attachment":[{"href":"https:\/\/sauer-shootingsportswear.de\/fr\/wp-json\/wp\/v2\/media?parent=751"}],"wp:term":[{"taxonomy":"product_brand","embeddable":true,"href":"https:\/\/sauer-shootingsportswear.de\/fr\/wp-json\/wp\/v2\/product_brand?post=751"},{"taxonomy":"product_cat","embeddable":true,"href":"https:\/\/sauer-shootingsportswear.de\/fr\/wp-json\/wp\/v2\/product_cat?post=751"},{"taxonomy":"product_tag","embeddable":true,"href":"https:\/\/sauer-shootingsportswear.de\/fr\/wp-json\/wp\/v2\/product_tag?post=751"}],"curies":[{"name":"wp","href":"https:\/\/api.w.org\/{rel}","templated":true}]}}