{"id":7631,"date":"2026-03-04T16:31:55","date_gmt":"2026-03-04T15:31:55","guid":{"rendered":"https:\/\/sauer-shootingsportswear.de\/?post_type=product&#038;p=7631"},"modified":"2026-03-31T00:00:24","modified_gmt":"2026-03-30T22:00:24","slug":"stirnband-blende","status":"publish","type":"product","link":"https:\/\/sauer-shootingsportswear.de\/fr\/produit\/stirnband-blende\/","title":{"rendered":"Bandeau avec visi\u00e8re"},"content":{"rendered":"<p>Das Sauer-Stirnband ist durch seine gute Saugf\u00e4higkeit und dem angenehmen Tragekomfort f\u00fcr alle sportlichen Disziplinen geeignet. Durch einen Klettverschluss l\u00e4sst sich die Kopfweite optimal einstellen Es entspricht mit einer Breite von 4 cm dem Regelwerk.<\/p>","protected":false},"excerpt":{"rendered":"<ul>\n<li>Modell &#8211; Stirnband mit Blende<\/li>\n<li>Artikel &#8211; 01.10.0.0.08.00.00<\/li>\n<li>Material &#8211; 90%Polyester, 10% Elasthan<\/li>\n<li>Farbe &#8211; schwarz, wei\u00df, blau und rot<\/li>\n<\/ul>","protected":false},"featured_media":6163,"comment_status":"open","ping_status":"closed","template":"","meta":{"iawp_total_views":195},"product_brand":[],"product_cat":[30],"product_tag":[190],"class_list":{"0":"post-7631","1":"product","2":"type-product","3":"status-publish","4":"has-post-thumbnail","6":"product_cat-zubehoehr","7":"product_tag-b2b","9":"first","10":"instock","11":"taxable","12":"shipping-taxable","13":"product-type-variable"},"_links":{"self":[{"href":"https:\/\/sauer-shootingsportswear.de\/fr\/wp-json\/wp\/v2\/product\/7631","targetHints":{"allow":["GET"]}}],"collection":[{"href":"https:\/\/sauer-shootingsportswear.de\/fr\/wp-json\/wp\/v2\/product"}],"about":[{"href":"https:\/\/sauer-shootingsportswear.de\/fr\/wp-json\/wp\/v2\/types\/product"}],"replies":[{"embeddable":true,"href":"https:\/\/sauer-shootingsportswear.de\/fr\/wp-json\/wp\/v2\/comments?post=7631"}],"wp:featuredmedia":[{"embeddable":true,"href":"https:\/\/sauer-shootingsportswear.de\/fr\/wp-json\/wp\/v2\/media\/6163"}],"wp:attachment":[{"href":"https:\/\/sauer-shootingsportswear.de\/fr\/wp-json\/wp\/v2\/media?parent=7631"}],"wp:term":[{"taxonomy":"product_brand","embeddable":true,"href":"https:\/\/sauer-shootingsportswear.de\/fr\/wp-json\/wp\/v2\/product_brand?post=7631"},{"taxonomy":"product_cat","embeddable":true,"href":"https:\/\/sauer-shootingsportswear.de\/fr\/wp-json\/wp\/v2\/product_cat?post=7631"},{"taxonomy":"product_tag","embeddable":true,"href":"https:\/\/sauer-shootingsportswear.de\/fr\/wp-json\/wp\/v2\/product_tag?post=7631"}],"curies":[{"name":"wp","href":"https:\/\/api.w.org\/{rel}","templated":true}]}}