{"id":80,"date":"2024-03-07T17:58:42","date_gmt":"2024-03-07T16:58:42","guid":{"rendered":"https:\/\/sauer-shootingsportswear.de\/?post_type=product&#038;p=80"},"modified":"2026-03-30T00:06:54","modified_gmt":"2026-03-29T22:06:54","slug":"thermo-unterziehhose","status":"publish","type":"product","link":"https:\/\/sauer-shootingsportswear.de\/fr\/produit\/thermo-unterziehhose\/","title":{"rendered":"Sous-v\u00eatements thermiques"},"content":{"rendered":"<div id=\"c684\" class=\"frame frame-default frame-type-text frame-layout-0\">\n<p>Die Funktionskleidung von Sauer wird aus einem modernen, \u00e4u\u00dferst atmungsaktiven, k\u00f6rperfreundlichen und bielasitschen 4-fach Gewebe, dem Polartec-Material angefertigt. Sie besitzt einen hohen Tragekomfort. Die Materialst\u00e4rke entspricht dem Regelwerk. An den Ellenbogen ist das Material doppelt aufgen\u00e4ht, um eine Polsterung im Liegend- und Kniendanschlag zu gew\u00e4hrleisten. Im Armbeugenbereich ist sie mit einem d\u00fcnnen Stretch Material ausgestattet, um eine unn\u00f6tige Materialansammlung zu verhindern Die Beschaffenheit dieses Gewebes verringert die Gefahr eines \u201est\u00f6renden Pulses\u201c im Kniend- und Liegendanschlag, verursacht durch den Schie\u00dfriemen. Das Polartec-Material passt sich optimal dem K\u00f6rper an und h\u00e4lt die Haut bei k\u00f6rperlicher Anstrengung trocken, dar\u00fcber hinaus ist es windabwei\u00dfend und abriebfest.<\/p>\n<p>Die Westen haben, zum bequemen Anziehen, einen durchgehenden 2-Wege-Rei\u00dfverschluss. Die Schnittform ist f\u00fcr Damen und Herren unterschiedlich, d.h. die Westen sind f\u00fcr Damen tailliert und f\u00fcr Herrn gerade geschnitten. Die Herrenweste besitzt eine Brusttasche, die mittels Rei\u00dfverschlusses zu \u00f6ffnen ist. Damen- und Herrenwesten sind im R\u00fcckenbereich l\u00e4nger geschnitten, um den R\u00fccken beim Kniendanschlag bedeckt zu halten.<\/p>\n<p>Die komfortablen Thermo-Unterziehhosen bestehen ebenfalls aus dem hochwertigen Polartec-Material und verf\u00fcgen \u00fcber alle positiven Eigenschaften dieser Materialzusammensetzung. Die Hosen sind weitgehend nahtfrei gefertigt, um st\u00f6rende Druckstellen zu vermeiden. Sie sind ausgestattet mit einem Gummizug und zus\u00e4tzlichem Kordelverschlu\u00df. Als Besonderheit verf\u00fcgen sie \u00fcber eine n\u00fctzliche Ges\u00e4\u00dftasche mit Rei\u00dfverschluss. Die Gr\u00f6\u00dfenaufteilung ist Unisex.<\/p>\n<\/div>\n<div id=\"c3574\" class=\"frame frame-default frame-type-fluidcontent_content frame-layout-0\">\n<div class=\"sgIcons row\"><\/div>\n<\/div>","protected":false},"excerpt":{"rendered":"<ul>\n<li>Modell \u2013 Thermo-Unterziehhose<\/li>\n<li>Artikel \u2013 01.04.0.0.06.00.00<\/li>\n<li>Material \u201351% Polyester, 38% Polyamid, 11% Spandex<\/li>\n<li>Farbe \u2013 schwarz\n<div id=\"c845\" class=\"frame frame-default frame-type-fluidcontent_content frame-layout-0\">\n<div class=\"sgProduct new-table\"><\/div>\n<\/div>\n<\/li>\n<li>Gr\u00f6\u00dfe \u2013 S, M, L, XL, XXL<\/li>\n<\/ul>","protected":false},"featured_media":3181,"comment_status":"open","ping_status":"closed","template":"","meta":{"iawp_total_views":95},"product_brand":[],"product_cat":[26,15],"product_tag":[190],"class_list":{"0":"post-80","1":"product","2":"type-product","3":"status-publish","4":"has-post-thumbnail","6":"product_cat-funktions-kleidung","7":"product_cat-unkategorisiert","8":"product_tag-b2b","10":"first","11":"instock","12":"taxable","13":"shipping-taxable","14":"product-type-variable"},"_links":{"self":[{"href":"https:\/\/sauer-shootingsportswear.de\/fr\/wp-json\/wp\/v2\/product\/80","targetHints":{"allow":["GET"]}}],"collection":[{"href":"https:\/\/sauer-shootingsportswear.de\/fr\/wp-json\/wp\/v2\/product"}],"about":[{"href":"https:\/\/sauer-shootingsportswear.de\/fr\/wp-json\/wp\/v2\/types\/product"}],"replies":[{"embeddable":true,"href":"https:\/\/sauer-shootingsportswear.de\/fr\/wp-json\/wp\/v2\/comments?post=80"}],"wp:featuredmedia":[{"embeddable":true,"href":"https:\/\/sauer-shootingsportswear.de\/fr\/wp-json\/wp\/v2\/media\/3181"}],"wp:attachment":[{"href":"https:\/\/sauer-shootingsportswear.de\/fr\/wp-json\/wp\/v2\/media?parent=80"}],"wp:term":[{"taxonomy":"product_brand","embeddable":true,"href":"https:\/\/sauer-shootingsportswear.de\/fr\/wp-json\/wp\/v2\/product_brand?post=80"},{"taxonomy":"product_cat","embeddable":true,"href":"https:\/\/sauer-shootingsportswear.de\/fr\/wp-json\/wp\/v2\/product_cat?post=80"},{"taxonomy":"product_tag","embeddable":true,"href":"https:\/\/sauer-shootingsportswear.de\/fr\/wp-json\/wp\/v2\/product_tag?post=80"}],"curies":[{"name":"wp","href":"https:\/\/api.w.org\/{rel}","templated":true}]}}