{"id":8922,"date":"2025-07-17T14:22:25","date_gmt":"2025-07-17T12:22:25","guid":{"rendered":"https:\/\/sauer-shootingsportswear.de\/?post_type=product&#038;p=8922"},"modified":"2026-03-09T14:20:08","modified_gmt":"2026-03-09T13:20:08","slug":"kniendrolle-gefuellt","status":"publish","type":"product","link":"https:\/\/sauer-shootingsportswear.de\/fr\/produit\/kniendrolle-gefuellt\/","title":{"rendered":"Kniendrolle F\u00fcllung"},"content":{"rendered":"<p>Die Kniendrollen-F\u00fcllung ist f\u00fcr jede Kniendrolle verwendbar. Bitte zus\u00e4tzlich ausw\u00e4hlen, wenn Sie die Kniendrolle gef\u00fcllt haben m\u00f6chten.<\/p>","protected":false},"excerpt":{"rendered":"<p><a href=\"https:\/\/sauer-shootingsportswear.de\/fr\/produit\/kniendrolle\/\">Hier gehts zu den ungef\u00fcllten Kniendrollen.<\/a><\/p>\n<p>&nbsp;<\/p>\n<p>&nbsp;<\/p>\n<ul>\n<li>Modell &#8211; Rindnappa- oder Veloursleder (\u00d8 12 oder 15 cm), ungef\u00fcllt<\/li>\n<li>Artikel &#8211; 01.08.0.0.02.00.00<\/li>\n<li>Farbe &#8211; Wahlweise aus der Leder-Farbpalette<\/li>\n<\/ul>\n<p>&nbsp;<\/p>\n<ul>\n<li>Modell &#8211; Leinen (\u00d8 15 cm), ungef\u00fcllt<\/li>\n<li>Artikel &#8211; 01.08.0.0.03.00.00<\/li>\n<li>Farbe &#8211; Wahlweise aus der Leinen-Farbpalette<\/li>\n<\/ul>\n<p>&nbsp;<\/p>\n<ul>\n<li>Modell &#8211; Leinen-\/Leder-Mix (\u00d8 12 oder 15 cm)<\/li>\n<li>Artikel &#8211; 01.08.0.0.04.00.00<\/li>\n<li>Farbe &#8211; Wahlweise aus der Leder- und Leinenfarbpalette<\/li>\n<li>Material &#8211; Korpus 50% Leder, 50% Leinen, Seitenteile 100% Leinen<\/li>\n<\/ul>\n<p>&nbsp;<\/p>\n<ul>\n<li>Modell &#8211; Top-Grip-Leder, ungef\u00fcllt, \u00d8 12 oder 15 cm<\/li>\n<li>Artikel &#8211; 01.08.0.0.01.00.00<\/li>\n<li>Farbe &#8211; Lederfarbe wahlweise aus der Lederfarbpalette<\/li>\n<li>Material &#8211; Rindleder, Top-Grip (100 % Kautschuk)<\/li>\n<\/ul>","protected":false},"featured_media":6313,"comment_status":"open","ping_status":"closed","template":"","meta":{"iawp_total_views":23},"product_brand":[],"product_cat":[30],"product_tag":[190],"class_list":{"0":"post-8922","1":"product","2":"type-product","3":"status-publish","4":"has-post-thumbnail","6":"product_cat-zubehoehr","7":"product_tag-b2b","9":"first","10":"instock","11":"taxable","12":"shipping-taxable","13":"product-type-simple"},"_links":{"self":[{"href":"https:\/\/sauer-shootingsportswear.de\/fr\/wp-json\/wp\/v2\/product\/8922","targetHints":{"allow":["GET"]}}],"collection":[{"href":"https:\/\/sauer-shootingsportswear.de\/fr\/wp-json\/wp\/v2\/product"}],"about":[{"href":"https:\/\/sauer-shootingsportswear.de\/fr\/wp-json\/wp\/v2\/types\/product"}],"replies":[{"embeddable":true,"href":"https:\/\/sauer-shootingsportswear.de\/fr\/wp-json\/wp\/v2\/comments?post=8922"}],"wp:featuredmedia":[{"embeddable":true,"href":"https:\/\/sauer-shootingsportswear.de\/fr\/wp-json\/wp\/v2\/media\/6313"}],"wp:attachment":[{"href":"https:\/\/sauer-shootingsportswear.de\/fr\/wp-json\/wp\/v2\/media?parent=8922"}],"wp:term":[{"taxonomy":"product_brand","embeddable":true,"href":"https:\/\/sauer-shootingsportswear.de\/fr\/wp-json\/wp\/v2\/product_brand?post=8922"},{"taxonomy":"product_cat","embeddable":true,"href":"https:\/\/sauer-shootingsportswear.de\/fr\/wp-json\/wp\/v2\/product_cat?post=8922"},{"taxonomy":"product_tag","embeddable":true,"href":"https:\/\/sauer-shootingsportswear.de\/fr\/wp-json\/wp\/v2\/product_tag?post=8922"}],"curies":[{"name":"wp","href":"https:\/\/api.w.org\/{rel}","templated":true}]}}